{"id":29537,"date":"2021-11-29T12:03:35","date_gmt":"2021-11-29T12:03:35","guid":{"rendered":"https:\/\/www.cm-evora.pt\/?page_id=29537"},"modified":"2021-12-07T13:49:47","modified_gmt":"2021-12-07T13:49:47","slug":"introducao","status":"archive","type":"page","link":"https:\/\/www.cm-evora.pt\/en\/municipe\/areas-de-acao\/ordenamento-territorio-e-urbanismo\/planos-municipais\/introducao\/","title":{"rendered":"(Portugu\u00eas) Archived:"},"content":{"rendered":"<p class=\"qtranxs-available-languages-message qtranxs-available-languages-message-en\">Sorry, this entry is only available in <a href=\"https:\/\/www.cm-evora.pt\/pt\/wp-json\/wp\/v2\/pages\/29537\" class=\"qtranxs-available-language-link qtranxs-available-language-link-pt\" title=\"Portugu\u00eas\">Portugu\u00eas<\/a>.<\/p><p><\/p>\n<p style=\"text-align: left\">A pol\u00edtica de ordenamento do territ\u00f3rio e de urbanismo assenta no sistema de gest\u00e3o territorial, que se organiza, num quadro de intera\u00e7\u00e3o coordenada, nos \u00e2mbitos nacional, regional, intermunicipal e municipal e que se concretiza atrav\u00e9s dos instrumentos de gest\u00e3o territorial correspondentes, salientando a diferencia\u00e7\u00e3o entre programas e planos territoriais.<\/p>\n<div id=\"attachment_29538\" style=\"width: 1930px\" class=\"wp-caption aligncenter\"><a href=\"https:\/\/www.cm-evora.pt\/wp-content\/uploads\/2021\/11\/SGTNa.jpg\" target=\"_blank\" rel=\"noopener\"><img loading=\"lazy\" decoding=\"async\" aria-describedby=\"caption-attachment-29538\" class=\"wp-image-29538 size-full\" src=\"https:\/\/www.cm-evora.pt\/wp-content\/uploads\/2021\/11\/SGTNa.jpg\" alt=\"\" width=\"1920\" height=\"1024\" srcset=\"https:\/\/www.cm-evora.pt\/wp-content\/uploads\/2021\/11\/SGTNa.jpg 1920w, https:\/\/www.cm-evora.pt\/wp-content\/uploads\/2021\/11\/SGTNa-300x160.jpg 300w, https:\/\/www.cm-evora.pt\/wp-content\/uploads\/2021\/11\/SGTNa-1024x546.jpg 1024w, https:\/\/www.cm-evora.pt\/wp-content\/uploads\/2021\/11\/SGTNa-768x410.jpg 768w, https:\/\/www.cm-evora.pt\/wp-content\/uploads\/2021\/11\/SGTNa-1536x819.jpg 1536w, https:\/\/www.cm-evora.pt\/wp-content\/uploads\/2021\/11\/SGTNa-1320x704.jpg 1320w\" sizes=\"auto, (max-width: 1920px) 100vw, 1920px\" \/><\/a><p id=\"caption-attachment-29538\" class=\"wp-caption-text\"><strong>Figura 1:<\/strong> Sistema de Gest\u00e3o Territorial Nacional (extra\u00eddo Sistema de Gest\u00e3o Territorial | DGT (<a href=\"https:\/\/www.dgterritorio.gov.pt\/\" target=\"_blank\" rel=\"noopener\">dgterritorio.gov.pt<\/a>))<\/p><\/div>\n<p>&nbsp;<\/p>\n<p>Nos programas incluem-se, fundamentalmente, os instrumentos da compet\u00eancia do governo, destinados a estabelecer o quadro estrat\u00e9gico do desenvolvimento territorial, as diretrizes program\u00e1ticas ou a incid\u00eancia espacial de pol\u00edticas nacionais, a que correspondem o Programa Nacional de Pol\u00edtica de Ordenamento do Territ\u00f3rio, os programas setoriais, os programas especiais, os programas regionais e ainda os programas intermunicipais.<\/p>\n<p>&nbsp;<\/p>\n<p>Nos planos incluem-se os instrumentos da compet\u00eancia dos munic\u00edpios, destinados a estabelecer op\u00e7\u00f5es e a\u00e7\u00f5es concretas de planeamento e organiza\u00e7\u00e3o do territ\u00f3rio e a definirem o uso do solo, a que correspondem os planos diretores, os planos de urbaniza\u00e7\u00e3o e os planos de pormenor, municipais e intermunicipais (<a href=\"https:\/\/www.dgterritorio.gov.pt\/ordenamento\/sgt\">Sistema de Gest\u00e3o Territorial | DGT (dgterritorio.gov.pt)<\/a>, 2021).<\/p>\n<p>&nbsp;<\/p>\n<p>No munic\u00edpio de \u00c9vora, est\u00e3o em vigor quatro planos municipais de gest\u00e3o territorial:<\/p>\n<ul>\n<li><a href=\"https:\/\/www.cm-evora.pt\/municipe\/areas-de-acao\/ordenamento-territorio-e-urbanismo\/planos-municipais\/plano-diretor-municipal\/\" target=\"_blank\" rel=\"noopener\">Plano Director Municipal de \u00c9vora<\/a> (PDME)<\/li>\n<li><a href=\"https:\/\/www.cm-evora.pt\/municipe\/areas-de-acao\/ordenamento-territorio-e-urbanismo\/planos-municipais\/plano-de-urbanizacao-de-evora\/\" target=\"_blank\" rel=\"noopener\">Plano de Urbaniza\u00e7\u00e3o de \u00c9vora<\/a> (PUE)<\/li>\n<li><a href=\"https:\/\/www.cm-evora.pt\/municipe\/areas-de-acao\/ordenamento-territorio-e-urbanismo\/planos-municipais\/plano-de-intervencao-no-espaco-rural-do-sitio-do-monfurado\/\" target=\"_blank\" rel=\"noopener\">Plano de Interven\u00e7\u00e3o no Espa\u00e7o Rural do S\u00edtio Monfurado<\/a> (PP-PIER Monfurado)<\/li>\n<li><a href=\"https:\/\/www.cm-evora.pt\/municipe\/areas-de-acao\/ordenamento-territorio-e-urbanismo\/planos-municipais\/plano-de-pormenor-da-area-residencial-da-turgela\/\" target=\"_blank\" rel=\"noopener\">Plano de Pormenor Turgela<\/a> (PP-Turgela)<\/li>\n<\/ul>\n<p><\/p>","protected":false},"excerpt":{"rendered":"<p>Sorry, this entry is only available in Portugu\u00eas. A pol\u00edtica de ordenamento do territ\u00f3rio e de urbanismo assenta no sistema de gest\u00e3o territorial, que se organiza, num quadro de intera\u00e7\u00e3o coordenada, nos \u00e2mbitos nacional, regional, intermunicipal e municipal e que se concretiza atrav\u00e9s dos instrumentos de gest\u00e3o territorial correspondentes, salientando a diferencia\u00e7\u00e3o entre programas e [&hellip;]<\/p>\n","protected":false},"author":45,"featured_media":0,"parent":16181,"menu_order":0,"comment_status":"closed","ping_status":"closed","template":"templates-map\/component-text-layout1.php","meta":{"_acf_changed":false,"footnotes":""},"categories":[],"class_list":["post-29537","page","type-page","status-archive","hentry"],"acf":{"imagens":"","titulo_docs_seccao":"","documentos":""},"_links":{"self":[{"href":"https:\/\/www.cm-evora.pt\/en\/wp-json\/wp\/v2\/pages\/29537","targetHints":{"allow":["GET"]}}],"collection":[{"href":"https:\/\/www.cm-evora.pt\/en\/wp-json\/wp\/v2\/pages"}],"about":[{"href":"https:\/\/www.cm-evora.pt\/en\/wp-json\/wp\/v2\/types\/page"}],"author":[{"embeddable":true,"href":"https:\/\/www.cm-evora.pt\/en\/wp-json\/wp\/v2\/users\/45"}],"replies":[{"embeddable":true,"href":"https:\/\/www.cm-evora.pt\/en\/wp-json\/wp\/v2\/comments?post=29537"}],"version-history":[{"count":5,"href":"https:\/\/www.cm-evora.pt\/en\/wp-json\/wp\/v2\/pages\/29537\/revisions"}],"predecessor-version":[{"id":29597,"href":"https:\/\/www.cm-evora.pt\/en\/wp-json\/wp\/v2\/pages\/29537\/revisions\/29597"}],"up":[{"embeddable":true,"href":"https:\/\/www.cm-evora.pt\/en\/wp-json\/wp\/v2\/pages\/16181"}],"wp:attachment":[{"href":"https:\/\/www.cm-evora.pt\/en\/wp-json\/wp\/v2\/media?parent=29537"}],"wp:term":[{"taxonomy":"category","embeddable":true,"href":"https:\/\/www.cm-evora.pt\/en\/wp-json\/wp\/v2\/categories?post=29537"}],"curies":[{"name":"wp","href":"https:\/\/api.w.org\/{rel}","templated":true}]}}