{"id":2954,"date":"2020-02-04T10:55:58","date_gmt":"2020-02-04T10:55:58","guid":{"rendered":"https:\/\/evora2.int.skilltech.pt\/susProjects\/wp_evora2_suite\/?page_id=2954"},"modified":"2021-01-11T16:00:20","modified_gmt":"2021-01-11T16:00:20","slug":"legislacao","status":"publish","type":"page","link":"https:\/\/www.cm-evora.pt\/en\/servicos\/servicos-online\/legislacao\/","title":{"rendered":"(Portugu\u00eas) Legisla\u00e7\u00e3o"},"content":{"rendered":"<p class=\"qtranxs-available-languages-message qtranxs-available-languages-message-en\">Sorry, this entry is only available in <a href=\"https:\/\/www.cm-evora.pt\/pt\/wp-json\/wp\/v2\/pages\/2954\" class=\"qtranxs-available-language-link qtranxs-available-language-link-pt\" title=\"Portugu\u00eas\">Portugu\u00eas<\/a>.<\/p><p><\/p>\n<h4>Pode aqui consultar Legisla\u00e7\u00e3o de Defesa da Floresta Contra Inc\u00eandios, Legisla\u00e7\u00e3o de Seguran\u00e7a contra inc\u00eandios em Edif\u00edcios e Legisla\u00e7\u00e3o Geral de Prote\u00e7\u00e3o Civil.<\/h4>\n<p>\u200b\u200b\u200b\u200bPode consultar nos documentos em anexo:<\/p>\n<p><strong><span class=\"ms-rteFontSize-3 ms-rteThemeForeColor-2-0\">Legisla\u00e7\u00e3o Geral de \u00a0Prote\u00e7\u00e3o Civil<\/span><\/strong><\/p>\n<div>\n<ul>\n<li>Compila\u00e7\u00e3o Legislativa &#8211; Bombeiros<\/li>\n<li>Compila\u00e7\u00e3o Legislativa &#8211; Prote\u00e7\u00e3o Civil<\/li>\n<li>Lei n.\u00ba 27\/2006, de 3 de Julho &#8211; Lei de Bases da Prote\u00e7\u00e3o Civil<\/li>\n<li>D.L n.\u00ba 134\/2006\u200b, de 25 de Julho &#8211; Sistema Integrado de Opera\u00e7\u00f5es e Prote\u00e7\u00e3o\u200b e Socorro (SIPOS)<\/li>\n<li>Lei 65\/2007 &#8211; Enquadramento SMPC e compet\u00eancias Comandante\u200b<\/li>\n<\/ul>\n<\/div>\n<p><strong><span class=\"ms-rteFontSize-3 ms-rteThemeForeColor-2-0\">Legisla\u00e7\u00e3o de Defesa da Floresta Contra Inc\u00eandios\u200b<\/span><\/strong><\/p>\n<div>\n<ul>\n<li>Gabinete t\u00e9cnico florestal \u2013 Lei 20\/2009<\/li>\n<li>Sapadores florestais \u2013 D.L. 109\/2009<\/li>\n<li>D.L. 124\/2006, de 28 de Junho &#8211;\u00a0Sistema Nacional de Defesa da Floresta contra Inc\u00eandios<\/li>\n<li>D.L. 17\/2009, de 14 de Janeiro &#8211; altera\u00e7\u00e3o ao DL 124\/2006, Sistema Nacional de Defesa da Floresta contra Inc\u00eandios<\/li>\n<li>Despacho 14031\/2009 de 22 de Junho &#8211; aprova o regulamento do Fogo T\u00e9cnico<\/li>\n<li>Portaria 195\/2017\u00a0de 22\u00a0de Junho &#8211; define per\u00edodo cr\u00edtico para 2017\u200b<\/li>\n<li>Lei 76\/2017 &#8211; altera o DL 124\/2006 e rep\u00fablica o mesmo.\u200b<\/li>\n<li>DL 10\/2018 &#8211; Crit\u00e9rios Gest\u00e3o Combust\u00edvel<\/li>\n<li>DL 19\/2019 &#8211; altera o DL 124\/2006 &#8211; nomeadamente edifica\u00e7\u00e3o espa\u00e7o Rural e realiza\u00e7\u00e3o de queimadas e queimas de sobrantes<\/li>\n<\/ul>\n<\/div>\n<div><\/div>\n<div><strong><span class=\"ms-rteFontSize-3 ms-rteThemeForeColor-2-0\">Legisla\u00e7\u00e3o de Seguran\u00e7a contra inc\u00eandios em edif\u00edcios:<\/span><\/strong><\/div>\n<div>\n<ul>\n<li>COMPILA\u00c7\u00c3O LEGISLATIVA \u00a0&#8211;\u00a0\u200bSeguran\u00e7a Contra Inc\u00eandios em Edif\u00edcios<\/li>\n<li>\u200bDecreto-Lei n.\u00ba 220\/2008. D.R. n.\u00ba 220, S\u00e9rie I de 2008-11-12 &#8211; estabelece o Regime Jur\u00eddico da Seguran\u00e7a Contra Inc\u00eandio em Edif\u00edcios (RJ-SCIE)<\/li>\n<li>Portaria n.\u00ba 1532\/2008. D.R. n.\u00ba 250, S\u00e9rie I de 2008-12-29 &#8211; aprova o Regulamento T\u00e9cnico de Seguran\u00e7a contra Inc\u00eandio em Edif\u00edcios (RT-SCIE)<\/li>\n<li>Despacho n.\u00ba 2074\/2009 &#8211; despacho do Presidente da ANPC, conforme previsto no n.\u00ba 4 do artigo 12.\u00ba do Decreto-lei n.\u00ba220\/2008 de 12 de Novembro: Crit\u00e9rios t\u00e9cnicos para determina\u00e7\u00e3o da densidade de carga de inc\u00eandio modificada<\/li>\n<li>Portaria n.\u00ba 64\/2009 &#8211; estabelece o regime de credencia\u00e7\u00e3o de entidades pela ANPC para a emiss\u00e3o de pareceres, realiza\u00e7\u00e3o de vistorias e de inspe\u00e7\u00f5es das condi\u00e7\u00f5es de seguran\u00e7a contra inc\u00eandios em edif\u00edcios (SCIE)<\/li>\n<li>Portaria n.\u00ba 773\/2009 &#8211; registo na ANPC para empresas que comercializam material SCIE<\/li>\n<li>Portaria n.\u00ba 1054\/2009 &#8211; taxas por servi\u00e7os de seguran\u00e7a contra inc\u00eandio em edif\u00edcios prestados pela ANPC<\/li>\n<li>Portaria n.\u00ba 610\/2009 &#8211; regulamenta\u00e7\u00e3o do funcionamento do sistema inform\u00e1tico &#8211; SCIE\u200b<\/li>\n<li>FICHA DE SEGURAN\u00c7A (obrigat\u00f3ria para edif\u00edcios da 1\u00aa categoria de risco)<\/li>\n<\/ul>\n<\/div>\n<p>&nbsp;<\/p>\n<p>&nbsp;<\/p>","protected":false},"excerpt":{"rendered":"<p>Sorry, this entry is only available in Portugu\u00eas. Pode aqui consultar Legisla\u00e7\u00e3o de Defesa da Floresta Contra Inc\u00eandios, Legisla\u00e7\u00e3o de Seguran\u00e7a contra inc\u00eandios em Edif\u00edcios e Legisla\u00e7\u00e3o Geral de Prote\u00e7\u00e3o Civil. \u200b\u200b\u200b\u200bPode consultar nos documentos em anexo: Legisla\u00e7\u00e3o Geral de \u00a0Prote\u00e7\u00e3o Civil Compila\u00e7\u00e3o Legislativa &#8211; Bombeiros Compila\u00e7\u00e3o Legislativa &#8211; Prote\u00e7\u00e3o Civil Lei n.\u00ba 27\/2006, de [&hellip;]<\/p>\n","protected":false},"author":1,"featured_media":8725,"parent":2284,"menu_order":10,"comment_status":"closed","ping_status":"closed","template":"templates-map\/component-file-gallery-layout1.php","meta":{"_acf_changed":false,"footnotes":""},"categories":[],"class_list":["post-2954","page","type-page","status-publish","has-post-thumbnail","hentry"],"acf":[],"_links":{"self":[{"href":"https:\/\/www.cm-evora.pt\/en\/wp-json\/wp\/v2\/pages\/2954","targetHints":{"allow":["GET"]}}],"collection":[{"href":"https:\/\/www.cm-evora.pt\/en\/wp-json\/wp\/v2\/pages"}],"about":[{"href":"https:\/\/www.cm-evora.pt\/en\/wp-json\/wp\/v2\/types\/page"}],"author":[{"embeddable":true,"href":"https:\/\/www.cm-evora.pt\/en\/wp-json\/wp\/v2\/users\/1"}],"replies":[{"embeddable":true,"href":"https:\/\/www.cm-evora.pt\/en\/wp-json\/wp\/v2\/comments?post=2954"}],"version-history":[{"count":2,"href":"https:\/\/www.cm-evora.pt\/en\/wp-json\/wp\/v2\/pages\/2954\/revisions"}],"predecessor-version":[{"id":8728,"href":"https:\/\/www.cm-evora.pt\/en\/wp-json\/wp\/v2\/pages\/2954\/revisions\/8728"}],"up":[{"embeddable":true,"href":"https:\/\/www.cm-evora.pt\/en\/wp-json\/wp\/v2\/pages\/2284"}],"wp:featuredmedia":[{"embeddable":true,"href":"https:\/\/www.cm-evora.pt\/en\/wp-json\/wp\/v2\/media\/8725"}],"wp:attachment":[{"href":"https:\/\/www.cm-evora.pt\/en\/wp-json\/wp\/v2\/media?parent=2954"}],"wp:term":[{"taxonomy":"category","embeddable":true,"href":"https:\/\/www.cm-evora.pt\/en\/wp-json\/wp\/v2\/categories?post=2954"}],"curies":[{"name":"wp","href":"https:\/\/api.w.org\/{rel}","templated":true}]}}