{"id":2966,"date":"2020-02-04T11:00:15","date_gmt":"2020-02-04T11:00:15","guid":{"rendered":"https:\/\/evora2.int.skilltech.pt\/susProjects\/wp_evora2_suite\/?page_id=2966"},"modified":"2025-12-30T14:11:41","modified_gmt":"2025-12-30T14:11:41","slug":"montros-domesticos","status":"publish","type":"page","link":"https:\/\/www.cm-evora.pt\/en\/servicos\/servicos-online\/montros-domesticos\/","title":{"rendered":"Monstros Dom\u00e9sticos"},"content":{"rendered":"<p><\/p>\n<h4 style=\"text-align: center\"><a href=\"https:\/\/www.cm-evora.pt\/wp-content\/uploads\/2025\/09\/MONOS_banner-scaled.jpg\" target=\"_blank\" rel=\"noopener\"><img loading=\"lazy\" decoding=\"async\" class=\"alignnone wp-image-77506 size-full\" src=\"https:\/\/www.cm-evora.pt\/wp-content\/uploads\/2025\/09\/MONOS_banner-scaled.jpg\" alt=\"\" width=\"2560\" height=\"1450\" srcset=\"https:\/\/www.cm-evora.pt\/wp-content\/uploads\/2025\/09\/MONOS_banner-scaled.jpg 2560w, https:\/\/www.cm-evora.pt\/wp-content\/uploads\/2025\/09\/MONOS_banner-300x170.jpg 300w, https:\/\/www.cm-evora.pt\/wp-content\/uploads\/2025\/09\/MONOS_banner-1024x580.jpg 1024w, https:\/\/www.cm-evora.pt\/wp-content\/uploads\/2025\/09\/MONOS_banner-768x435.jpg 768w, https:\/\/www.cm-evora.pt\/wp-content\/uploads\/2025\/09\/MONOS_banner-1536x870.jpg 1536w, https:\/\/www.cm-evora.pt\/wp-content\/uploads\/2025\/09\/MONOS_banner-2048x1160.jpg 2048w, https:\/\/www.cm-evora.pt\/wp-content\/uploads\/2025\/09\/MONOS_banner-1320x748.jpg 1320w\" sizes=\"auto, (max-width: 2560px) 100vw, 2560px\" \/><\/a><\/h4>\n<h4 style=\"text-align: center\">Nesta p\u00e1gina pode consultar toda a informa\u00e7\u00e3o relativa \u00e0 recolha de &#8220;Monstros Dom\u00e9sticos&#8221;.<\/h4>\n<p><\/p>","protected":false},"excerpt":{"rendered":"<p>Nesta p\u00e1gina pode consultar toda a informa\u00e7\u00e3o relativa \u00e0 recolha de &#8220;Monstros Dom\u00e9sticos&#8221;.<\/p>\n","protected":false},"author":1,"featured_media":8605,"parent":2284,"menu_order":8,"comment_status":"closed","ping_status":"closed","template":"templates-map\/component-text-list-layout2.php","meta":{"_acf_changed":false,"footnotes":""},"categories":[],"class_list":["post-2966","page","type-page","status-publish","has-post-thumbnail","hentry"],"acf":[],"_links":{"self":[{"href":"https:\/\/www.cm-evora.pt\/en\/wp-json\/wp\/v2\/pages\/2966","targetHints":{"allow":["GET"]}}],"collection":[{"href":"https:\/\/www.cm-evora.pt\/en\/wp-json\/wp\/v2\/pages"}],"about":[{"href":"https:\/\/www.cm-evora.pt\/en\/wp-json\/wp\/v2\/types\/page"}],"author":[{"embeddable":true,"href":"https:\/\/www.cm-evora.pt\/en\/wp-json\/wp\/v2\/users\/1"}],"replies":[{"embeddable":true,"href":"https:\/\/www.cm-evora.pt\/en\/wp-json\/wp\/v2\/comments?post=2966"}],"version-history":[{"count":14,"href":"https:\/\/www.cm-evora.pt\/en\/wp-json\/wp\/v2\/pages\/2966\/revisions"}],"predecessor-version":[{"id":80585,"href":"https:\/\/www.cm-evora.pt\/en\/wp-json\/wp\/v2\/pages\/2966\/revisions\/80585"}],"up":[{"embeddable":true,"href":"https:\/\/www.cm-evora.pt\/en\/wp-json\/wp\/v2\/pages\/2284"}],"wp:featuredmedia":[{"embeddable":true,"href":"https:\/\/www.cm-evora.pt\/en\/wp-json\/wp\/v2\/media\/8605"}],"wp:attachment":[{"href":"https:\/\/www.cm-evora.pt\/en\/wp-json\/wp\/v2\/media?parent=2966"}],"wp:term":[{"taxonomy":"category","embeddable":true,"href":"https:\/\/www.cm-evora.pt\/en\/wp-json\/wp\/v2\/categories?post=2966"}],"curies":[{"name":"wp","href":"https:\/\/api.w.org\/{rel}","templated":true}]}}