{"id":2974,"date":"2020-02-04T11:01:45","date_gmt":"2020-02-04T11:01:45","guid":{"rendered":"https:\/\/evora2.int.skilltech.pt\/susProjects\/wp_evora2_suite\/?page_id=2974"},"modified":"2025-12-30T11:29:27","modified_gmt":"2025-12-30T11:29:27","slug":"balcao-online","status":"publish","type":"page","link":"https:\/\/www.cm-evora.pt\/en\/servicos\/servicos-online\/balcao-online\/","title":{"rendered":"Balc\u00e3o Online"},"content":{"rendered":"<p><\/p>\n<h4><strong>O Balc\u00e3o \u00danico da C\u00e2mara Municipal de \u00c9vora \u00e9 um ponto municipal de atendimento, a funcionar no Edif\u00edcio dos Pa\u00e7os do Concelho da C\u00e2mara Municipal de \u00c9vora.<\/strong><\/h4>\n<p style=\"text-align: center\"><a href=\"https:\/\/www.cm-evora.pt\/balcaoonline\/odfrontend\/publico\/home\" target=\"_blank\" rel=\"noopener\"><img loading=\"lazy\" decoding=\"async\" class=\"alignnone wp-image-45841 size-full\" src=\"https:\/\/www.cm-evora.pt\/wp-content\/uploads\/2023\/02\/CME_BalcaoUnico_Banner-02.png\" alt=\"\" width=\"3779\" height=\"1764\" srcset=\"https:\/\/www.cm-evora.pt\/wp-content\/uploads\/2023\/02\/CME_BalcaoUnico_Banner-02.png 3779w, https:\/\/www.cm-evora.pt\/wp-content\/uploads\/2023\/02\/CME_BalcaoUnico_Banner-02-300x140.png 300w, https:\/\/www.cm-evora.pt\/wp-content\/uploads\/2023\/02\/CME_BalcaoUnico_Banner-02-1024x478.png 1024w, https:\/\/www.cm-evora.pt\/wp-content\/uploads\/2023\/02\/CME_BalcaoUnico_Banner-02-768x358.png 768w, https:\/\/www.cm-evora.pt\/wp-content\/uploads\/2023\/02\/CME_BalcaoUnico_Banner-02-1536x717.png 1536w, https:\/\/www.cm-evora.pt\/wp-content\/uploads\/2023\/02\/CME_BalcaoUnico_Banner-02-2048x956.png 2048w, https:\/\/www.cm-evora.pt\/wp-content\/uploads\/2023\/02\/CME_BalcaoUnico_Banner-02-1320x616.png 1320w\" sizes=\"auto, (max-width: 3779px) 100vw, 3779px\" \/><\/a><\/p>\n<h2 style=\"text-align: center\"><!--StartFragment --><span style=\"color: #ffcc00\"><a style=\"color: #ffcc00\" href=\"https:\/\/www.cm-evora.pt\/balcaoonline\/odfrontend\/publico\/home\" target=\"_blank\" rel=\"noopener\"><span class=\"cf0\">Servi\u00e7os Online &#8211; Requerimentos e Formul\u00e1rios<\/span><\/a><\/span><!--EndFragment --><\/h2>\n<p>&nbsp;<\/p>\n<h2 style=\"text-align: center\"><strong>Balc\u00e3o \u00danico da C\u00e2mara Municipal de \u00c9vora<\/strong><\/h2>\n<p>O Balc\u00e3o \u00danico da C\u00e2mara Municipal de \u00c9vora \u00e9 um ponto municipal de atendimento, a funcionar segundo reconhecidos paradigmas de servi\u00e7os de atendimento ao p\u00fablico. Numa primeira fase encontra-se instalado no Edif\u00edcio Pa\u00e7os do Concelho da C\u00e2mara Municipal de \u00c9vora, na Pra\u00e7a do Sert\u00f3rio.<\/p>\n<p>Numa segunda fase, prev\u00ea-se a instala\u00e7\u00e3o de mais um balc\u00e3o no Edif\u00edcio dos Servi\u00e7os T\u00e9cnicos Municipais, no Parque Industrial e Tecnol\u00f3gico de \u00c9vora.<\/p>\n<p>O Balc\u00e3o \u00danico inicia atividade com quatro \u00e1reas de atendimento, a que ser\u00e3o acrescentadas progressivamente mais val\u00eancias. Atualmente est\u00e3o abrangidas as seguintes \u00e1reas:<\/p>\n<p><strong>A \u2013 \u00c1guas e Saneamento<\/strong><\/p>\n<p>Comunica\u00e7\u00e3o de leitura de contadores, elabora\u00e7\u00e3o e acompanhamento de contratos, pagamentos associados a contratos.<\/p>\n<p>&nbsp;<\/p>\n<p><strong>B \u2013 Obras Particulares<\/strong><\/p>\n<p>Autoriza\u00e7\u00f5es de utiliza\u00e7\u00e3o, loteamento e urbaniza\u00e7\u00e3o, obras de edifica\u00e7\u00e3o.<\/p>\n<p>&nbsp;<\/p>\n<p><strong>C \u2013 Publicidade e Ocupa\u00e7\u00e3o do Espa\u00e7o P\u00fablico<\/strong><\/p>\n<p>Licenciamento de ru\u00eddo, publicidade e toldos, recinto itinerante e ocupa\u00e7\u00e3o do espa\u00e7o p\u00fablico com estaleiros (obras), esplanadas e infraestruturas prec\u00e1rias (ocasionais).<\/p>\n<p>&nbsp;<\/p>\n<p><strong>D \u2013 Atendimento e Encaminhamento Geral<\/strong><\/p>\n<p>Informa\u00e7\u00f5es gen\u00e9ricas, atendimento e encaminhamento geral.<\/p>\n<p><strong>\u00a0<\/strong><\/p>\n<p><strong>Atendimento presencial<\/strong><\/p>\n<p>Edif\u00edcio dos Pa\u00e7os do Munic\u00edpio<\/p>\n<p>Pra\u00e7a do Sert\u00f3rio, 7004-506 \u00c9vora<\/p>\n<p><u>Hor\u00e1rio de Funcionamento<\/u>: dias \u00fateis das 09h00 \u00e0s 16h00<\/p>\n<p><u>Telefone<\/u>: <a href=\"tel:+351266777000\" target=\"_blank\" rel=\"noopener\">+351 266 777 000<\/a> \u00abChamada para a rede fixa nacional\u00bb | <a href=\"tel:+351266777084\" target=\"_blank\" rel=\"noopener\">+351 266 777 084<\/a> \u00abChamada para a rede fixa nacional\u00bb<\/p>","protected":false},"excerpt":{"rendered":"<p>O Balc\u00e3o \u00danico da C\u00e2mara Municipal de \u00c9vora \u00e9 um ponto municipal de atendimento, a funcionar no Edif\u00edcio dos Pa\u00e7os do Concelho da C\u00e2mara Municipal de \u00c9vora. Servi\u00e7os Online &#8211; Requerimentos e Formul\u00e1rios &nbsp; Balc\u00e3o \u00danico da C\u00e2mara Municipal de \u00c9vora O Balc\u00e3o \u00danico da C\u00e2mara Municipal de \u00c9vora \u00e9 um ponto municipal de atendimento, [&hellip;]<\/p>\n","protected":false},"author":1,"featured_media":8542,"parent":2284,"menu_order":1,"comment_status":"closed","ping_status":"closed","template":"templates-map\/component-text-layout1.php","meta":{"_acf_changed":false,"footnotes":""},"categories":[],"class_list":["post-2974","page","type-page","status-publish","has-post-thumbnail","hentry"],"acf":{"imagens":"","titulo_docs_seccao":"","documentos":""},"_links":{"self":[{"href":"https:\/\/www.cm-evora.pt\/en\/wp-json\/wp\/v2\/pages\/2974","targetHints":{"allow":["GET"]}}],"collection":[{"href":"https:\/\/www.cm-evora.pt\/en\/wp-json\/wp\/v2\/pages"}],"about":[{"href":"https:\/\/www.cm-evora.pt\/en\/wp-json\/wp\/v2\/types\/page"}],"author":[{"embeddable":true,"href":"https:\/\/www.cm-evora.pt\/en\/wp-json\/wp\/v2\/users\/1"}],"replies":[{"embeddable":true,"href":"https:\/\/www.cm-evora.pt\/en\/wp-json\/wp\/v2\/comments?post=2974"}],"version-history":[{"count":17,"href":"https:\/\/www.cm-evora.pt\/en\/wp-json\/wp\/v2\/pages\/2974\/revisions"}],"predecessor-version":[{"id":80572,"href":"https:\/\/www.cm-evora.pt\/en\/wp-json\/wp\/v2\/pages\/2974\/revisions\/80572"}],"up":[{"embeddable":true,"href":"https:\/\/www.cm-evora.pt\/en\/wp-json\/wp\/v2\/pages\/2284"}],"wp:featuredmedia":[{"embeddable":true,"href":"https:\/\/www.cm-evora.pt\/en\/wp-json\/wp\/v2\/media\/8542"}],"wp:attachment":[{"href":"https:\/\/www.cm-evora.pt\/en\/wp-json\/wp\/v2\/media?parent=2974"}],"wp:term":[{"taxonomy":"category","embeddable":true,"href":"https:\/\/www.cm-evora.pt\/en\/wp-json\/wp\/v2\/categories?post=2974"}],"curies":[{"name":"wp","href":"https:\/\/api.w.org\/{rel}","templated":true}]}}