{"id":2976,"date":"2020-02-04T11:02:15","date_gmt":"2020-02-04T11:02:15","guid":{"rendered":"https:\/\/evora2.int.skilltech.pt\/susProjects\/wp_evora2_suite\/?page_id=2976"},"modified":"2023-02-16T15:23:27","modified_gmt":"2023-02-16T15:23:27","slug":"protecao-civil-legislacao","status":"publish","type":"page","link":"https:\/\/www.cm-evora.pt\/en\/municipe\/areas-de-acao\/protecao-civil\/protecao-civil-legislacao\/","title":{"rendered":"(Portugu\u00eas) Legisla\u00e7\u00e3o"},"content":{"rendered":"<p class=\"qtranxs-available-languages-message qtranxs-available-languages-message-en\">Sorry, this entry is only available in <a href=\"https:\/\/www.cm-evora.pt\/pt\/wp-json\/wp\/v2\/pages\/2976\" class=\"qtranxs-available-language-link qtranxs-available-language-link-pt\" title=\"Portugu\u00eas\">Portugu\u00eas<\/a>.<\/p><p><\/p>\n<h4 style=\"text-align: center\"><a href=\"https:\/\/www.cm-evora.pt\/wp-content\/uploads\/2021\/01\/legislacao.jpeg\"><img loading=\"lazy\" decoding=\"async\" class=\"alignnone size-full wp-image-18754\" src=\"https:\/\/www.cm-evora.pt\/wp-content\/uploads\/2021\/01\/legislacao.jpeg\" alt=\"\" width=\"639\" height=\"362\" srcset=\"https:\/\/www.cm-evora.pt\/wp-content\/uploads\/2021\/01\/legislacao.jpeg 639w, https:\/\/www.cm-evora.pt\/wp-content\/uploads\/2021\/01\/legislacao-300x170.jpeg 300w\" sizes=\"auto, (max-width: 639px) 100vw, 639px\" \/><\/a><\/h4>\n<p><strong>\u00a0<\/strong><\/p>\n<p><strong>Pode aqui consultar Legisla\u00e7\u00e3o de Defesa da Floresta Contra Inc\u00eandios, Legisla\u00e7\u00e3o de Seguran\u00e7a contra inc\u00eandios em Edif\u00edcios e Legisla\u00e7\u00e3o Geral de Prote\u00e7\u00e3o Civil.<\/strong><\/p>\n<p>&nbsp;<\/p>\n<p>Pode consultar nos documentos em anexo:<\/p>\n<p><strong>Legisla\u00e7\u00e3o Geral de Prote\u00e7\u00e3o Civil<\/strong><\/p>\n<ul>\n<li style=\"list-style-type: none\">\n<ul>\n<li>Compila\u00e7\u00e3o Legislativa \u2013 Bombeiros<\/li>\n<li>Compila\u00e7\u00e3o Legislativa &#8211; Prote\u00e7\u00e3o Civil<\/li>\n<li>Lei n.\u00ba 27\/2006, de 3 de Julho \u2013 Lei de Bases da Prote\u00e7\u00e3o Civil<\/li>\n<li>D.L n.\u00ba 134\/2006, de 25 de Julho \u2013 Sistema Integrado de Opera\u00e7\u00f5es e Prote\u00e7\u00e3o e Socorro (SIPOS)<\/li>\n<li>Lei 65\/2007 \u2013 Enquadramento SMPC e compet\u00eancias Comandante<\/li>\n<\/ul>\n<\/li>\n<\/ul>\n<p>&nbsp;<\/p>\n<p><strong>Legisla\u00e7\u00e3o de Defesa da Floresta Contra Inc\u00eandios<\/strong><\/p>\n<ul>\n<li style=\"list-style-type: none\">\n<ul>\n<li>Gabinete t\u00e9cnico florestal \u2013 Lei 20\/2009<\/li>\n<li>Sapadores florestais \u2013 D.L. 109\/2009<\/li>\n<li>D.L. 124\/2006, de 28 de Junho \u2013 Sistema Nacional de Defesa da Floresta contra Inc\u00eandios<\/li>\n<li>D.L. 17\/2009, de 14 de Janeiro \u2013 altera\u00e7\u00e3o ao DL 124\/2006, Sistema Nacional de Defesa da Floresta contra Inc\u00eandios<\/li>\n<li>Despacho 14031\/2009 de 22 de Junho \u2013 aprova o regulamento do Fogo T\u00e9cnico<\/li>\n<li>Portaria 195\/2017 de 22 de Junho \u2013 define per\u00edodo cr\u00edtico para 2017<\/li>\n<li>Lei 76\/2017 \u2013 altera o DL 124\/2006 e rep\u00fablica o mesmo<\/li>\n<li>DL 10\/2018 \u2013 Crit\u00e9rios Gest\u00e3o Combust\u00edvel<\/li>\n<li>DL 19\/2019 \u2013 altera o DL 124\/2006 &#8211; nomeadamente edifica\u00e7\u00e3o espa\u00e7o Rural e realiza\u00e7\u00e3o de queimadas e queimas de sobrantes<\/li>\n<\/ul>\n<\/li>\n<\/ul>\n<p>&nbsp;<\/p>\n<p><strong>Legisla\u00e7\u00e3o de Seguran\u00e7a contra inc\u00eandios em edif\u00edcios:<\/strong><\/p>\n<ul>\n<li style=\"list-style-type: none\">\n<ul>\n<li>COMPILA\u00c7\u00c3O LEGISLATIVA \u2013 Seguran\u00e7a Contra Inc\u00eandios em Edif\u00edcios<\/li>\n<li>Decreto-Lei n.\u00ba 220\/2008. D.R. n.\u00ba 220, S\u00e9rie I de 2008-11-12 \u2013 estabelece o Regime Jur\u00eddico da Seguran\u00e7a Contra Inc\u00eandio em Edif\u00edcios (RJ-SCIE)<\/li>\n<li>Portaria n.\u00ba 1532\/2008. D.R. n.\u00ba 250, S\u00e9rie I de 2008-12-29 \u2013 aprova o Regulamento T\u00e9cnico de Seguran\u00e7a contra Inc\u00eandio em Edif\u00edcios (RT-SCIE)<\/li>\n<li>Despacho n.\u00ba 2074\/2009 \u2013 despacho do Presidente da ANPC, conforme previsto no n.\u00ba 4 do artigo 12.\u00ba do Decreto-lei n.\u00ba 220\/2008 de 12 de Novembro: Crit\u00e9rios t\u00e9cnicos para determina\u00e7\u00e3o da densidade de carga de inc\u00eandio modificada<\/li>\n<li>Portaria n.\u00ba 64\/2009 \u2013 estabelece o regime de credencia\u00e7\u00e3o de entidades pela ANPC para a emiss\u00e3o de pareceres, realiza\u00e7\u00e3o de vistorias e de inspe\u00e7\u00f5es das condi\u00e7\u00f5es de seguran\u00e7a contra inc\u00eandios em edif\u00edcios (SCIE)<\/li>\n<li>Portaria n.\u00ba 773\/2009 \u2013 registo na ANPC para empresas que comercializam material SCIE<\/li>\n<li>Portaria n.\u00ba 1054\/2009 \u2013 taxas por servi\u00e7os de seguran\u00e7a contra inc\u00eandio em edif\u00edcios prestados pela ANPC<\/li>\n<li>Portaria n.\u00ba 610\/2009 \u2013 regulamenta\u00e7\u00e3o do funcionamento do sistema inform\u00e1tico \u2013 SCIE<\/li>\n<li>FICHA DE SEGURAN\u00c7A (obrigat\u00f3ria para edif\u00edcios da 1\u00aa categoria de risco)<\/li>\n<\/ul>\n<\/li>\n<\/ul>\n<p>&nbsp;<\/p>","protected":false},"excerpt":{"rendered":"<p>Sorry, this entry is only available in Portugu\u00eas. \u00a0 Pode aqui consultar Legisla\u00e7\u00e3o de Defesa da Floresta Contra Inc\u00eandios, Legisla\u00e7\u00e3o de Seguran\u00e7a contra inc\u00eandios em Edif\u00edcios e Legisla\u00e7\u00e3o Geral de Prote\u00e7\u00e3o Civil. &nbsp; Pode consultar nos documentos em anexo: Legisla\u00e7\u00e3o Geral de Prote\u00e7\u00e3o Civil Compila\u00e7\u00e3o Legislativa \u2013 Bombeiros Compila\u00e7\u00e3o Legislativa &#8211; Prote\u00e7\u00e3o Civil Lei n.\u00ba [&hellip;]<\/p>\n","protected":false},"author":1,"featured_media":8725,"parent":1517,"menu_order":9,"comment_status":"closed","ping_status":"closed","template":"templates-map\/component-file-gallery-layout1.php","meta":{"_acf_changed":false,"footnotes":""},"categories":[],"class_list":["post-2976","page","type-page","status-publish","has-post-thumbnail","hentry"],"acf":[],"_links":{"self":[{"href":"https:\/\/www.cm-evora.pt\/en\/wp-json\/wp\/v2\/pages\/2976","targetHints":{"allow":["GET"]}}],"collection":[{"href":"https:\/\/www.cm-evora.pt\/en\/wp-json\/wp\/v2\/pages"}],"about":[{"href":"https:\/\/www.cm-evora.pt\/en\/wp-json\/wp\/v2\/types\/page"}],"author":[{"embeddable":true,"href":"https:\/\/www.cm-evora.pt\/en\/wp-json\/wp\/v2\/users\/1"}],"replies":[{"embeddable":true,"href":"https:\/\/www.cm-evora.pt\/en\/wp-json\/wp\/v2\/comments?post=2976"}],"version-history":[{"count":7,"href":"https:\/\/www.cm-evora.pt\/en\/wp-json\/wp\/v2\/pages\/2976\/revisions"}],"predecessor-version":[{"id":45771,"href":"https:\/\/www.cm-evora.pt\/en\/wp-json\/wp\/v2\/pages\/2976\/revisions\/45771"}],"up":[{"embeddable":true,"href":"https:\/\/www.cm-evora.pt\/en\/wp-json\/wp\/v2\/pages\/1517"}],"wp:featuredmedia":[{"embeddable":true,"href":"https:\/\/www.cm-evora.pt\/en\/wp-json\/wp\/v2\/media\/8725"}],"wp:attachment":[{"href":"https:\/\/www.cm-evora.pt\/en\/wp-json\/wp\/v2\/media?parent=2976"}],"wp:term":[{"taxonomy":"category","embeddable":true,"href":"https:\/\/www.cm-evora.pt\/en\/wp-json\/wp\/v2\/categories?post=2976"}],"curies":[{"name":"wp","href":"https:\/\/api.w.org\/{rel}","templated":true}]}}