{"id":29880,"date":"2021-12-07T10:20:22","date_gmt":"2021-12-07T10:20:22","guid":{"rendered":"https:\/\/www.cm-evora.pt\/?page_id=29880"},"modified":"2021-12-07T10:27:33","modified_gmt":"2021-12-07T10:27:33","slug":"brainstorming","status":"publish","type":"page","link":"https:\/\/www.cm-evora.pt\/en\/brainstorming\/","title":{"rendered":"(Portugu\u00eas) Brainstorming"},"content":{"rendered":"<p class=\"qtranxs-available-languages-message qtranxs-available-languages-message-en\">Sorry, this entry is only available in <a href=\"https:\/\/www.cm-evora.pt\/pt\/wp-json\/wp\/v2\/pages\/29880\" class=\"qtranxs-available-language-link qtranxs-available-language-link-pt\" title=\"Portugu\u00eas\">Portugu\u00eas<\/a>.<\/p><p>Tens a cabe\u00e7a a fervilhar de projetos, ideias, perspetivas para o concelho de \u00c9vora? Queremos conhec\u00ea-las e ajudar-te a coloc\u00e1-las em pr\u00e1tica.<\/p>\n<p>Partilha-as connosco.<\/p>","protected":false},"excerpt":{"rendered":"<p>Sorry, this entry is only available in Portugu\u00eas.Tens a cabe\u00e7a a fervilhar de projetos, ideias, perspetivas para o concelho de \u00c9vora? Queremos conhec\u00ea-las e ajudar-te a coloc\u00e1-las em pr\u00e1tica. Partilha-as connosco.<\/p>\n","protected":false},"author":34,"featured_media":0,"parent":0,"menu_order":0,"comment_status":"closed","ping_status":"closed","template":"templates-map\/component-form-layout1.php","meta":{"_acf_changed":false,"footnotes":""},"categories":[],"class_list":["post-29880","page","type-page","status-publish","hentry"],"acf":[],"_links":{"self":[{"href":"https:\/\/www.cm-evora.pt\/en\/wp-json\/wp\/v2\/pages\/29880","targetHints":{"allow":["GET"]}}],"collection":[{"href":"https:\/\/www.cm-evora.pt\/en\/wp-json\/wp\/v2\/pages"}],"about":[{"href":"https:\/\/www.cm-evora.pt\/en\/wp-json\/wp\/v2\/types\/page"}],"author":[{"embeddable":true,"href":"https:\/\/www.cm-evora.pt\/en\/wp-json\/wp\/v2\/users\/34"}],"replies":[{"embeddable":true,"href":"https:\/\/www.cm-evora.pt\/en\/wp-json\/wp\/v2\/comments?post=29880"}],"version-history":[{"count":2,"href":"https:\/\/www.cm-evora.pt\/en\/wp-json\/wp\/v2\/pages\/29880\/revisions"}],"predecessor-version":[{"id":29891,"href":"https:\/\/www.cm-evora.pt\/en\/wp-json\/wp\/v2\/pages\/29880\/revisions\/29891"}],"wp:attachment":[{"href":"https:\/\/www.cm-evora.pt\/en\/wp-json\/wp\/v2\/media?parent=29880"}],"wp:term":[{"taxonomy":"category","embeddable":true,"href":"https:\/\/www.cm-evora.pt\/en\/wp-json\/wp\/v2\/categories?post=29880"}],"curies":[{"name":"wp","href":"https:\/\/api.w.org\/{rel}","templated":true}]}}