{"id":29926,"date":"2021-12-07T20:50:39","date_gmt":"2021-12-07T20:50:39","guid":{"rendered":"https:\/\/www.cm-evora.pt\/?page_id=29926"},"modified":"2023-02-14T10:07:53","modified_gmt":"2023-02-14T10:07:53","slug":"graves-carencias-habitacionais","status":"publish","type":"page","link":"https:\/\/www.cm-evora.pt\/en\/municipe\/areas-de-acao\/habitacao-e-reabilitacao-urbana\/beneficiarios\/graves-carencias-habitacionais\/","title":{"rendered":"(Portugu\u00eas) Graves car\u00eancias habitacionais"},"content":{"rendered":"<p class=\"qtranxs-available-languages-message qtranxs-available-languages-message-en\">Sorry, this entry is only available in <a href=\"https:\/\/www.cm-evora.pt\/pt\/wp-json\/wp\/v2\/pages\/29926\" class=\"qtranxs-available-language-link qtranxs-available-language-link-pt\" title=\"Portugu\u00eas\">Portugu\u00eas<\/a>.<\/p><p>&nbsp;<\/p>\n<p>A Estrat\u00e9gia Local de Habita\u00e7\u00e3o de \u00c9vora 2020 l 2026, permite o acesso ao programa de apoio a uma habita\u00e7\u00e3o adequada \u2013 1\u00ba Direito \u2013 para a resolu\u00e7\u00e3o das graves car\u00eancias habitacionais.<\/p>\n<p>&nbsp;<\/p>\n<p>Os <strong>propriet\u00e1rios residentes<\/strong> que vivem em condi\u00e7\u00f5es de insalubridade, sobrelota\u00e7\u00e3o ou inadequa\u00e7\u00e3o habitacional e em situa\u00e7\u00e3o de car\u00eancia financeira, t\u00eam acesso ao Programa 1\u00ba Direito para a reabilita\u00e7\u00e3o da sua habita\u00e7\u00e3o.<\/p>\n<p><strong>Candidate-se <a href=\"https:\/\/www.cm-evora.pt\/municipe\/areas-de-acao\/habitacao-e-reabilitacao-urbana\/apoios-financeiros\/1o-direito\/\" target=\"_blank\" rel=\"noopener\">aqui<\/a>.<\/strong><\/p>\n<p>&nbsp;<\/p>\n<p>Os <strong>propriet\u00e1rios de p\u00e1tios<\/strong>, onde vivem agregados habitacionais em condi\u00e7\u00f5es de insalubridade, sobrelota\u00e7\u00e3o ou inadequa\u00e7\u00e3o habitacional e em situa\u00e7\u00e3o de car\u00eancia financeira, t\u00eam acesso ao Programa 1\u00ba Direito para a reabilita\u00e7\u00e3o do p\u00e1tio.<\/p>\n<p><strong>Candidate-se <a href=\"https:\/\/www.cm-evora.pt\/municipe\/areas-de-acao\/habitacao-e-reabilitacao-urbana\/apoios-financeiros\/1o-direito\/\" target=\"_blank\" rel=\"noopener\">aqui<\/a>.<\/strong><\/p>\n<p>&nbsp;<\/p>\n<p>As <strong>entidades benefici\u00e1rias<\/strong> (Hab\u00e9vora EM, IPSS, Santa Casa da Miseric\u00f3rdia e outras entidades p\u00fablicas ou privadas de utilidade p\u00fablica) t\u00eam acesso ao Programa 1\u00ba Direito, para a resolu\u00e7\u00e3o de graves car\u00eancias habitacionais, de pessoas ou agregados habitacionais que vivem em condi\u00e7\u00f5es de precariedade, insalubridade, sobrelota\u00e7\u00e3o e inadequa\u00e7\u00e3o habitacional.<\/p>\n<p><strong>Candidate-se <a href=\"https:\/\/www.cm-evora.pt\/municipe\/areas-de-acao\/habitacao-e-reabilitacao-urbana\/apoios-financeiros\/1o-direito\/\" target=\"_blank\" rel=\"noopener\">aqui<\/a>.<\/strong><\/p>\n<p>&nbsp;<\/p>\n<p><strong>Enquadramento legal:<\/strong> Decreto \u2013 lei n\u00ba 37\/2018 de 4 de junho (<a href=\"https:\/\/www.portaldahabitacao.pt\/web\/guest\/1.%C2%BA-direito\" target=\"_blank\" rel=\"noopener\">aqui<\/a>)<\/p>\n<p><strong>Situa\u00e7\u00e3o do processo: <\/strong>Estrat\u00e9gia Local de Habita\u00e7\u00e3o \u00c9vora 2020 l 2026 aprovada<\/p>\n<p><strong>Consulta do processo <a href=\"https:\/\/www.cm-evora.pt\/wp-content\/uploads\/2020\/06\/5_Estrat%C3%A9gia-local-habita%C3%A7%C3%A3o-2020-l-2026.pdf\" target=\"_blank\" rel=\"noopener\">aqui<\/a><\/strong> (Estrat\u00e9gia local de habita\u00e7\u00e3o de \u00c9vora)<\/p>\n<p><strong>Entidade gestora:<\/strong> C\u00e2mara Municipal \u00c9vora<\/p>\n<p><strong>Processo de constitui\u00e7\u00e3o \u00e2mbito temporal:<\/strong> 6 anos<\/p>\n<p><strong>Aprova\u00e7\u00e3o da Assembleia Municipal:<\/strong> 27 dezembro 2019<\/p>\n<p>&nbsp;<\/p>","protected":false},"excerpt":{"rendered":"<p>Sorry, this entry is only available in Portugu\u00eas.&nbsp; A Estrat\u00e9gia Local de Habita\u00e7\u00e3o de \u00c9vora 2020 l 2026, permite o acesso ao programa de apoio a uma habita\u00e7\u00e3o adequada \u2013 1\u00ba Direito \u2013 para a resolu\u00e7\u00e3o das graves car\u00eancias habitacionais. &nbsp; Os propriet\u00e1rios residentes que vivem em condi\u00e7\u00f5es de insalubridade, sobrelota\u00e7\u00e3o ou inadequa\u00e7\u00e3o habitacional e [&hellip;]<\/p>\n","protected":false},"author":45,"featured_media":0,"parent":16075,"menu_order":0,"comment_status":"closed","ping_status":"closed","template":"templates-map\/component-text-layout1.php","meta":{"_acf_changed":false,"footnotes":""},"categories":[],"class_list":["post-29926","page","type-page","status-publish","hentry"],"acf":{"imagens":"","titulo_docs_seccao":"","documentos":""},"_links":{"self":[{"href":"https:\/\/www.cm-evora.pt\/en\/wp-json\/wp\/v2\/pages\/29926","targetHints":{"allow":["GET"]}}],"collection":[{"href":"https:\/\/www.cm-evora.pt\/en\/wp-json\/wp\/v2\/pages"}],"about":[{"href":"https:\/\/www.cm-evora.pt\/en\/wp-json\/wp\/v2\/types\/page"}],"author":[{"embeddable":true,"href":"https:\/\/www.cm-evora.pt\/en\/wp-json\/wp\/v2\/users\/45"}],"replies":[{"embeddable":true,"href":"https:\/\/www.cm-evora.pt\/en\/wp-json\/wp\/v2\/comments?post=29926"}],"version-history":[{"count":5,"href":"https:\/\/www.cm-evora.pt\/en\/wp-json\/wp\/v2\/pages\/29926\/revisions"}],"predecessor-version":[{"id":45567,"href":"https:\/\/www.cm-evora.pt\/en\/wp-json\/wp\/v2\/pages\/29926\/revisions\/45567"}],"up":[{"embeddable":true,"href":"https:\/\/www.cm-evora.pt\/en\/wp-json\/wp\/v2\/pages\/16075"}],"wp:attachment":[{"href":"https:\/\/www.cm-evora.pt\/en\/wp-json\/wp\/v2\/media?parent=29926"}],"wp:term":[{"taxonomy":"category","embeddable":true,"href":"https:\/\/www.cm-evora.pt\/en\/wp-json\/wp\/v2\/categories?post=29926"}],"curies":[{"name":"wp","href":"https:\/\/api.w.org\/{rel}","templated":true}]}}