{"id":29927,"date":"2021-12-07T20:52:02","date_gmt":"2021-12-07T20:52:02","guid":{"rendered":"https:\/\/www.cm-evora.pt\/?page_id=29927"},"modified":"2023-02-14T10:11:24","modified_gmt":"2023-02-14T10:11:24","slug":"arrendamento-condicionado-e-acessivel","status":"publish","type":"page","link":"https:\/\/www.cm-evora.pt\/en\/municipe\/areas-de-acao\/habitacao-e-reabilitacao-urbana\/beneficiarios\/arrendamento-condicionado-e-acessivel\/","title":{"rendered":"(Portugu\u00eas) Arrendamento acess\u00edvel"},"content":{"rendered":"<p class=\"qtranxs-available-languages-message qtranxs-available-languages-message-en\">Sorry, this entry is only available in <a href=\"https:\/\/www.cm-evora.pt\/pt\/wp-json\/wp\/v2\/pages\/29927\" class=\"qtranxs-available-language-link qtranxs-available-language-link-pt\" title=\"Portugu\u00eas\">Portugu\u00eas<\/a>.<\/p><p>&nbsp;<\/p>\n<p>De acordo com o DL 68 | 2019 de 22 de maio, o Programa de Arrendamento Acess\u00edvel visa promover uma oferta alargada de habita\u00e7\u00e3o para arrendamento a pre\u00e7os compat\u00edveis com os rendimentos das fam\u00edlias, para dar resposta \u00e0s necessidades habitacionais das fam\u00edlias cujo n\u00edvel de rendimento n\u00e3o lhes permite aceder no mercado a uma habita\u00e7\u00e3o adequada \u00e0s suas necessidades.<\/p>\n<p>&nbsp;<\/p>\n<p><strong>Enquadramento legal:<\/strong> Decreto \u2013 lei n\u00ba 68\/2019 de 22 de maio (<a href=\"https:\/\/www.portaldahabitacao.pt\/web\/guest\/rpa-ha_legisla%C3%A7%C3%A3o-aplic%C3%A1vel\" target=\"_blank\" rel=\"noopener\">aqui<\/a>)<\/p>\n<p><strong>Situa\u00e7\u00e3o do processo: <\/strong>Plano Local de Habita\u00e7\u00e3o 2020 | 2026 aprovado<\/p>\n<p><strong>Consulta do processo <a href=\"https:\/\/www.cm-evora.pt\/wp-content\/uploads\/2020\/11\/1_Plano-local-de-habitacao-2020-l-2026.pdf\" target=\"_blank\" rel=\"noopener\">aqui<\/a><\/strong><\/p>\n<p><strong>Entidade gestora: <\/strong>C\u00e2mara Municipal \u00c9vora<\/p>\n<p><strong>Processo de constitui\u00e7\u00e3o \u00e2mbito temporal:<\/strong> 6 anos<\/p>\n<p><strong>Aprova\u00e7\u00e3o da Assembleia Municipal:<\/strong> 27 dezembro 2019<\/p>\n<p>&nbsp;<\/p>","protected":false},"excerpt":{"rendered":"<p>Sorry, this entry is only available in Portugu\u00eas.&nbsp; De acordo com o DL 68 | 2019 de 22 de maio, o Programa de Arrendamento Acess\u00edvel visa promover uma oferta alargada de habita\u00e7\u00e3o para arrendamento a pre\u00e7os compat\u00edveis com os rendimentos das fam\u00edlias, para dar resposta \u00e0s necessidades habitacionais das fam\u00edlias cujo n\u00edvel de rendimento n\u00e3o [&hellip;]<\/p>\n","protected":false},"author":45,"featured_media":0,"parent":16075,"menu_order":1,"comment_status":"closed","ping_status":"closed","template":"templates-map\/component-text-layout1.php","meta":{"_acf_changed":false,"footnotes":""},"categories":[],"class_list":["post-29927","page","type-page","status-publish","hentry"],"acf":{"imagens":"","titulo_docs_seccao":"","documentos":""},"_links":{"self":[{"href":"https:\/\/www.cm-evora.pt\/en\/wp-json\/wp\/v2\/pages\/29927","targetHints":{"allow":["GET"]}}],"collection":[{"href":"https:\/\/www.cm-evora.pt\/en\/wp-json\/wp\/v2\/pages"}],"about":[{"href":"https:\/\/www.cm-evora.pt\/en\/wp-json\/wp\/v2\/types\/page"}],"author":[{"embeddable":true,"href":"https:\/\/www.cm-evora.pt\/en\/wp-json\/wp\/v2\/users\/45"}],"replies":[{"embeddable":true,"href":"https:\/\/www.cm-evora.pt\/en\/wp-json\/wp\/v2\/comments?post=29927"}],"version-history":[{"count":5,"href":"https:\/\/www.cm-evora.pt\/en\/wp-json\/wp\/v2\/pages\/29927\/revisions"}],"predecessor-version":[{"id":45568,"href":"https:\/\/www.cm-evora.pt\/en\/wp-json\/wp\/v2\/pages\/29927\/revisions\/45568"}],"up":[{"embeddable":true,"href":"https:\/\/www.cm-evora.pt\/en\/wp-json\/wp\/v2\/pages\/16075"}],"wp:attachment":[{"href":"https:\/\/www.cm-evora.pt\/en\/wp-json\/wp\/v2\/media?parent=29927"}],"wp:term":[{"taxonomy":"category","embeddable":true,"href":"https:\/\/www.cm-evora.pt\/en\/wp-json\/wp\/v2\/categories?post=29927"}],"curies":[{"name":"wp","href":"https:\/\/api.w.org\/{rel}","templated":true}]}}