{"id":3002,"date":"2020-02-04T15:25:38","date_gmt":"2020-02-04T15:25:38","guid":{"rendered":"https:\/\/evora2.int.skilltech.pt\/susProjects\/wp_evora2_suite\/?page_id=3002"},"modified":"2021-02-18T11:48:57","modified_gmt":"2021-02-18T11:48:57","slug":"politica-privacidade","status":"publish","type":"page","link":"https:\/\/www.cm-evora.pt\/en\/politica-privacidade\/","title":{"rendered":"(Portugu\u00eas) Pol\u00edtica de Privacidade"},"content":{"rendered":"<p class=\"qtranxs-available-languages-message qtranxs-available-languages-message-en\">Sorry, this entry is only available in <a href=\"https:\/\/www.cm-evora.pt\/pt\/wp-json\/wp\/v2\/pages\/3002\" class=\"qtranxs-available-language-link qtranxs-available-language-link-pt\" title=\"Portugu\u00eas\">Portugu\u00eas<\/a>.<\/p><p>O Munic\u00edpio\u00a0de \u00c9vora, no \u00e2mbito das suas compet\u00eancias, assegura a gest\u00e3o da plataforma <a href=\"https:\/\/www.cm-evora.pt\/\">https:\/\/www.cm-evora.pt\/<\/a> e, desse modo, encontra-se empenhado em proteger a privacidade dos seus utilizadores adotando as medidas que\u00a0considera adequadas para assegurar a exatid\u00e3o, integridade e confidencialidade dos dados pessoais, bem como todos os\u00a0demais direitos que assistem aos respetivos titulares, atuando em conformidade com o Regulamento Geral de Prote\u00e7\u00e3o de\u00a0Dados, doravante designado de RGPD.<\/p>\n<p>No cumprimento dos princ\u00edpios de transpar\u00eancia e de lealdade, refor\u00e7amos a nossa Pol\u00edtica de Privacidade, na qual descrevemos\u00a0o tratamento de dados pessoais realizado no \u00e2mbito do acesso e utiliza\u00e7\u00e3o desta plataforma pelo cidad\u00e3o, de modo\u00a0a cumprir o RGPD e garantir que o tratamento de dados pessoais \u00e9 l\u00edcito, leal, transparente e limitado \u00e0s finalidades.\u00a0Neste sentido, iremos explicar como s\u00e3o tratados e protegidos os seus dados pessoais e de que forma poder\u00e1 exercer os seus direitos.<\/p>\n<p><strong>Quem \u00e9 o respons\u00e1vel pelo tratamento de dados pessoais?<\/strong><br \/>\nA entidade respons\u00e1vel pelo tratamento destes dados \u00e9:\u00a0Munic\u00edpio\u00a0de \u00c9vora, com sede na Pra\u00e7a do Sert\u00f3rio, Pa\u00e7os do Concelho, 7004-506 \u00c9vora. Pode contactar o Munic\u00edpio\u00a0de \u00c9vora\u00a0sobre qualquer quest\u00e3o relacionada com a presente pol\u00edtica de privacidade,\u00a0atrav\u00e9s dos seguintes pontos de contacto:<br \/>\n\u2022 Correio eletr\u00f3nico: cmevora@cm-evora.pt<br \/>\n\u2022 Presencialmente: C\u00e2mara Municipal (dias \u00fateis, das 9h00 \u00e0s 17h00), recorrendo ao Balc\u00e3o \u00danico<br \/>\n\u2022 Servi\u00e7os Online: <a href=\"https:\/\/www.cm-evora.pt\/servicos\/servicos-online\/balcao-online\/\">https:\/\/www.cm-evora.pt\/servicos\/servicos-online\/balcao-online\/<\/a><\/p>\n<p><strong>Quando, como e com que finalidades recolhemos os seus dados?<\/strong><br \/>\nO Munic\u00edpio\u00a0de \u00c9vora\u00a0recolhe e trata os seus dados pessoais de acordo com as seguintes finalidades e fundamentos:<\/p>\n<p><strong>&#8211; Divulga\u00e7\u00e3o de atividades, servi\u00e7os, not\u00edcias e outras comunica\u00e7\u00f5es.<\/strong><br \/>\nCom o consentimento do cidad\u00e3o, o Munic\u00edpio\u00a0de \u00c9vora\u00a0utiliza os seus dados pessoais para lhe fornecer informa\u00e7\u00f5es\u00a0sobre servi\u00e7os, programas e eventos relacionados com a atividade de interesse municipal atrav\u00e9s de, por exemplo,\u00a0subscri\u00e7\u00e3o de newsletters. Esta utiliza\u00e7\u00e3o dos dados pessoais do cidad\u00e3o \u00e9 volunt\u00e1ria pelo que, se assim o pretender, pode\u00a0opor-se ou retirar o seu consentimento a qualquer momento.<\/p>\n<p><strong>\u00a0&#8211; Fundamentos da licitude para o tratamento:<\/strong><br \/>\n\u2022 Consentimento do cidad\u00e3o;<br \/>\n\u2022 Interesse p\u00fablico.<\/p>\n<p><strong>&#8211; Preenchimento de formul\u00e1rios on-line.<\/strong><\/p>\n<p>O Munic\u00edpio de\u00a0\u00c9vora, atrav\u00e9s do Portal do Munic\u00edpio, possibilita o preenchimento e submiss\u00e3o de formul\u00e1rios on-line.<\/p>\n<p><strong>Que dados pessoais recolhemos?<\/strong><br \/>\nO Munic\u00edpio\u00a0de \u00c9vora\u00a0procede \u00e0 recolha e ao tratamento dos dados pessoais disponibilizados pelo cidad\u00e3o e necess\u00e1rios\u00a0\u00e0 presta\u00e7\u00e3o de servi\u00e7os e\/ou atividades relacionadas com as compet\u00eancias e atribui\u00e7\u00f5es do Munic\u00edpio. Podemos\u00a0recolher ainda alguns dados atrav\u00e9s da utiliza\u00e7\u00e3o de cookies.\u00a0Os dados que recolhemos dependem do \u00e2mbito das suas intera\u00e7\u00f5es com o Munic\u00edpio\u00a0de \u00c9vora, podendo incluir os seguintes:<\/p>\n<p><strong>Identifica\u00e7\u00e3o e dados de contacto<\/strong>\u00a0&#8211; Nome pr\u00f3prio e apelido, endere\u00e7o de correio eletr\u00f3nico, n\u00famero de telefone.<br \/>\n<strong>Credenciais<\/strong>\u00a0&#8211; Palavras-passe, sugest\u00f5es de palavra-passe e informa\u00e7\u00f5es de seguran\u00e7a semelhantes utilizadas para fins de\u00a0autentica\u00e7\u00e3o e acesso a \u00e1reas reservadas.<\/p>\n<p><strong>Como utilizamos os dados pessoais?<\/strong><br \/>\nO Munic\u00edpio\u00a0de \u00c9vora\u00a0utiliza os dados pessoais recolhidos para gerir a respetiva atividade e para disponibilizar\u00a0servi\u00e7os ao cidad\u00e3o. A utiliza\u00e7\u00e3o dos dados tamb\u00e9m \u00e9 feita para a melhoria e adequa\u00e7\u00e3o das suas intera\u00e7\u00f5es e processos.\u00a0Podemos igualmente utilizar os dados para comunicar com o cidad\u00e3o. Por exemplo, para informar acerca da \u00e1rea reservada,\u00a0atualiza\u00e7\u00f5es de seguran\u00e7a e informa\u00e7\u00f5es de servi\u00e7os ou ainda realizar inqu\u00e9ritos de satisfa\u00e7\u00e3o.<\/p>\n<p><strong>Por quanto tempo conservamos os dados pessoais?<\/strong><br \/>\nOs dados pessoais s\u00e3o conservados apenas pelo per\u00edodo de tempo estritamente necess\u00e1rio para:<\/p>\n<ul>\n<li>A presta\u00e7\u00e3o de servi\u00e7os e atividades de acordo com as compet\u00eancias do Munic\u00edpio na prossecu\u00e7\u00e3o do interesse\u00a0p\u00fablico;<br \/>\n\u2022 O cumprimento das obriga\u00e7\u00f5es legais por parte do Munic\u00edpio\u00a0de \u00c9vora;<br \/>\n\u2022 A prossecu\u00e7\u00e3o das finalidades da recolha ou do tratamento das opera\u00e7\u00f5es supra identificadas;<br \/>\n\u2022 Permitir o exerc\u00edcio dos direitos dos titulares e o cumprimento das obriga\u00e7\u00f5es correspondentes.<\/li>\n<\/ul>\n<p>Os per\u00edodos de conserva\u00e7\u00e3o dos dados pessoais s\u00e3o definidos de acordo com os processos de neg\u00f3cio a que dizem respeito.\u00a0Para tal, h\u00e1 que considerar a respetiva legisla\u00e7\u00e3o e a Portaria de Gest\u00e3o Documental das Autarquias Locais.<\/p>\n<p><strong>Como poder\u00e1 aceder, retificar ou opor-se ao tratamento dos seus dados pessoais?<\/strong><br \/>\nNos termos do RGPD, \u00e9 garantido ao titular dos dados o direito de acesso, atualiza\u00e7\u00e3o, retifica\u00e7\u00e3o ou elimina\u00e7\u00e3o dos seus\u00a0dados pessoais, bem como o direito de portabilidade, limita\u00e7\u00e3o e oposi\u00e7\u00e3o ao tratamento dos mesmos, a qualquer momento\u00a0atrav\u00e9s dos seguintes canais:<\/p>\n<ul>\n<li>Correio eletr\u00f3nico: cmevora@cm-evora.pt<\/li>\n<li>Presencialmente: C\u00e2mara Municipal (dias \u00fateis, das 9h00 \u00e0s 17h00), recorrendo ao Balc\u00e3o \u00danico;<br \/>\n\u2022 Servi\u00e7os Online no Portal do Munic\u00edpio: <a href=\"https:\/\/www.cm-evora.pt\/servicos\/servicos-online\/balcao-online\/\">https:\/\/www.cm-evora.pt\/servicos\/servicos-online\/balcao-online\/<\/a><\/li>\n<\/ul>\n<p>O cidad\u00e3o tamb\u00e9m tem o direito de apresentar uma reclama\u00e7\u00e3o \u00e0 Comiss\u00e3o Nacional de Prote\u00e7\u00e3o de Dados, se entender que os seus direitos sobre os seus dados pessoais foram infringidos. Adicionalmente, o Munic\u00edpio de \u00c9vora disp\u00f5e de um Encarregado para a Prote\u00e7\u00e3o dos Dados Pessoais (EPD) que tem a fun\u00e7\u00e3o de controlar a conformidade da presente pol\u00edtica com o RGPD. Pode contactar o EPD sobre qualquer quest\u00e3o relacionada com a presente pol\u00edtica de privacidade atrav\u00e9s do e-mail cmevora@cm-evora.pt<\/p>\n<p><strong>Seguran\u00e7a dos Dados Pessoais<\/strong><br \/>\nO Munic\u00edpio\u00a0de \u00c9vora\u00a0compromete-se a p\u00f4r em pr\u00e1tica as medidas t\u00e9cnicas e organizativas adequadas para\u00a0proteger os dados pessoais dos cidad\u00e3os contra a sua destrui\u00e7\u00e3o, acidental ou il\u00edcita, a perda acidental, a altera\u00e7\u00e3o, a difus\u00e3o\u00a0ou o acesso n\u00e3o autorizado. Considera-se aplicado um n\u00edvel de seguran\u00e7a adequado em rela\u00e7\u00e3o aos riscos que o tratamento\u00a0apresenta e face \u00e0 natureza dos dados a proteger.\u00a0Nos termos da lei, o Munic\u00edpio\u00a0de \u00c9vora\u00a0adotou as medidas necess\u00e1rias para assegurar que os dados facultados\u00a0sejam protegidos contra o acesso ou utiliza\u00e7\u00e3o por parte de terceiros n\u00e3o autorizados.\u00a0O Munic\u00edpio\u00a0de \u00c9vora\u00a0compromete-se a assegurar a privacidade dos cidad\u00e3os.\u00a0O Munic\u00edpio\u00a0de \u00c9vora\u00a0n\u00e3o vende nem aluga a terceiros qualquer dado pessoal enviado pelos cidad\u00e3os.<\/p>\n<p><strong>Em que circunst\u00e2ncias existe comunica\u00e7\u00e3o de dados a outras entidades (terceiros e subcontratados)?<\/strong><br \/>\nO Munic\u00edpio\u00a0de \u00c9vora, no \u00e2mbito da sua atividade, poder\u00e1 recorrer a terceiros para a presta\u00e7\u00e3o de determinados\u00a0servi\u00e7os. Por vezes, a presta\u00e7\u00e3o destes servi\u00e7os implica o acesso, por parte destas entidades, a dados pessoais dos cidad\u00e3os.\u00a0Quando tal sucede, o Munic\u00edpio\u00a0de \u00c9vora\u00a0toma as medidas adequadas de forma a assegurar que as entidades\u00a0que tenham acesso aos dados s\u00e3o reputadas e oferecem as mais elevadas garantias a este n\u00edvel.\u00a0Assim, qualquer entidade subcontratada tratar\u00e1 os dados pessoais dos cidad\u00e3os em nome e por conta do Munic\u00edpio, na\u00a0obriga\u00e7\u00e3o de adotar as medidas t\u00e9cnicas e organizacionais necess\u00e1rias \u00e0 prote\u00e7\u00e3o dos dados pessoais contra a destrui\u00e7\u00e3o,\u00a0acidental ou il\u00edcita, a perda acidental, a altera\u00e7\u00e3o, a difus\u00e3o ou o acesso n\u00e3o autorizado e contra qualquer outra forma de\u00a0tratamento il\u00edcito.\u00a0Em qualquer dos casos, o Munic\u00edpio\u00a0de \u00c9vora, permanece respons\u00e1vel pelos dados pessoais que os cidad\u00e3os\u00a0nos disponibilizam.<\/p>\n<p><strong>Como usamos os\u00a0<em>Cookies<\/em>?<\/strong><br \/>\nPara saber mais sobre\u00a0<em>cookies<\/em>\u00a0e como o Munic\u00edpio\u00a0de \u00c9vora\u00a0os usa no seu website, consulte a nossa Pol\u00edtica de\u00a0<em>Cookies<\/em>.<\/p>\n<p><strong>Como pode ficar a conhecer quaisquer altera\u00e7\u00f5es \u00e0 Pol\u00edtica de Privacidade?<\/strong><br \/>\nO Munic\u00edpio\u00a0de \u00c9vora\u00a0reserva-se o direito de, a qualquer momento, proceder a reajustamentos ou altera\u00e7\u00f5es \u00e0\u00a0presente Pol\u00edtica de Privacidade, sendo essas altera\u00e7\u00f5es devidamente publicitadas no Portal do Munic\u00edpio.<\/p>\n<p><strong>A quem se aplica esta pol\u00edtica?<\/strong><br \/>\nA Pol\u00edtica de Privacidade aplica-se a todos os visitantes do Portal do Munic\u00edpio de \u00c9vora.<\/p>\n<p>&nbsp;<\/p>\n<p><span style=\"text-decoration: underline\"><strong>Pol\u00edtica de Cookies<\/strong><\/span><\/p>\n<p>Este Portal utiliza\u00a0<em>cookies<\/em>. Ao continuar a navegar no Portal de Servi\u00e7os Online concorda com a Pol\u00edtica de\u00a0<em>Cookies<\/em>\u00a0do Munic\u00edpio\u00a0de \u00c9vora.<\/p>\n<p><strong>O que s\u00e3o\u00a0<em>Cookies<\/em>?<\/strong><br \/>\nUm cookie (testemunho de conex\u00e3o) \u00e9 um fragmento de dados que um website coloca no seu dispositivo para armazenar\u00a0informa\u00e7\u00e3o relacionada com as suas prefer\u00eancias.<\/p>\n<p><strong>Para que servem os\u00a0<em>Cookies<\/em>?<\/strong><br \/>\nOs\u00a0<em>cookies<\/em>\u00a0recolhem informa\u00e7\u00f5es gen\u00e9ricas, designadamente a forma como encontra e utiliza o website, o tipo de dispositivo\u00a0que utiliza e outras informa\u00e7\u00f5es relevantes que permitem disponibilizar corretamente e adaptar todos os componentes do\u00a0website ou preencher automaticamente dados.<\/p>\n<p><strong>Quais os tipos de\u00a0<em>Cookies<\/em>\u00a0utilizados pelo Portal \u201chttps:\/\/www.cm-evora.pt\/\u201d e porqu\u00ea?<\/strong><br \/>\nO Portal https:\/\/www.cm-evora.pt\/ utiliza diferentes tipos de\u00a0<em>cookies<\/em>, conforme a seguir descrito:<\/p>\n<ul>\n<li><em>Cookies<\/em>essenciais &#8211; alguns\u00a0<em>cookies<\/em>\u00a0s\u00e3o essenciais para aceder a \u00e1reas espec\u00edficas, permitindo a navega\u00e7\u00e3o e a\u00a0utiliza\u00e7\u00e3o das suas aplica\u00e7\u00f5es, atrav\u00e9s de login;<br \/>\n\u2022\u00a0<em>Cookies<\/em>\u00a0anal\u00edticos &#8211; Estes\u00a0<em>cookies<\/em>\u00a0s\u00e3o utilizados para analisar a forma como os utilizadores usam o Portal \u201cassociativismo.cm-evora.pt\u201d. Permitem, por exemplo, monitorizar o desempenho do site conhecendo quais as p\u00e1ginas mais\u00a0populares ou detetar erros. Estes\u00a0<em>cookies<\/em>\u00a0s\u00e3o utilizados apenas para efeitos de an\u00e1lise estat\u00edstica, sem nunca recolher\u00a0informa\u00e7\u00e3o de car\u00e1cter pessoal. Assim, poderemos procurar fornecer uma experi\u00eancia de maior qualidade e\/ou identificar e corrigir quaisquer problemas que surjam.<\/li>\n<\/ul>\n<p>Quanto \u00e0\u00a0<strong>validade<\/strong> s\u00e3o utilizados dois tipos de\u00a0<em>cookies<\/em>:<\/p>\n<ul>\n<li><em>Cookies<\/em>permanentes \u2013 s\u00e3o cookies que ficam armazenados nos dispositivos (computador, telem\u00f3vel ou tablet), ao\u00a0n\u00edvel do navegador de internet (browser) e s\u00e3o usados sempre que o utilizador visita novamente o Portal do\u00a0Associativismo do Munic\u00edpio. Em geral, s\u00e3o usados para direcionar a navega\u00e7\u00e3o de acordo com os interesses do\u00a0utilizador, permitindo ao Munic\u00edpio prestar um servi\u00e7o mais adequado;<br \/>\n\u2022\u00a0<em>Cookies<\/em>\u00a0de sess\u00e3o &#8211; s\u00e3o cookies tempor\u00e1rios que s\u00e3o gerados e est\u00e3o dispon\u00edveis at\u00e9 o utilizador encerrar a sess\u00e3o.\u00a0Da pr\u00f3xima vez que o utilizador aceder ao seu navegador de internet\u00a0<em>(browser<\/em>) os\u00a0<em>cookies<\/em>\u00a0j\u00e1 n\u00e3o estar\u00e3o armazenados.\u00a0A informa\u00e7\u00e3o obtida permite gerir as sess\u00f5es, identificar problemas e fornecer uma melhor experi\u00eancia\u00a0de navega\u00e7\u00e3o.<\/li>\n<\/ul>\n<p>&nbsp;<\/p>\n<p>O quadro seguinte fornece uma explica\u00e7\u00e3o dos Cookies utilizadas no Portal de Servi\u00e7os Online do Munic\u00edpio de \u00c9vora e respetiva finalidade:<\/p>\n<p>&nbsp;<\/p>\n<table class=\" aligncenter\" style=\"width: 588px\" width=\"0\">\n<tbody>\n<tr>\n<td style=\"width: 156px\"><strong><em>Cookie<\/em><\/strong><\/td>\n<td style=\"width: 416px\"><strong>Finalidade<\/strong><\/td>\n<\/tr>\n<tr>\n<td style=\"width: 156px\">Armazenamento local<\/td>\n<td style=\"width: 416px\">Recolhe informa\u00e7\u00e3o sobre descarga de conte\u00fados da plataforma para o dispositivo\u00a0utilizado. Regista a origem do conte\u00fado, a dimens\u00e3o e a data e hora da\u00a0transfer\u00eancia.<\/td>\n<\/tr>\n<tr>\n<td style=\"width: 156px\">Connect.sid<\/td>\n<td style=\"width: 416px\">Identifica a sess\u00e3o. Funciona em qualquer tipo de liga\u00e7\u00e3o. Expira quando a navega\u00e7\u00e3o\u00a0termina.<\/td>\n<\/tr>\n<tr>\n<td style=\"width: 156px\">Consent<\/td>\n<td style=\"width: 416px\">Cookie aplicada ap\u00f3s a ativa\u00e7\u00e3o de consentimento. Funciona em qualquer tipo\u00a0de liga\u00e7\u00e3o. Expira \u00e0s 23:59:59 31 de dezembro de 2037.<\/td>\n<\/tr>\n<tr>\n<td style=\"width: 156px\">_gid<\/td>\n<td style=\"width: 416px\">Recolhe informa\u00e7\u00e3o estat\u00edstica gen\u00e9rica sobre a utiliza\u00e7\u00e3o do Portal do Munic\u00edpio. Funciona\u00a0em qualquer tipo de liga\u00e7\u00e3o. Expira 24h ap\u00f3s o in\u00edcio da sess\u00e3o.<\/td>\n<\/tr>\n<tr>\n<td style=\"width: 156px\">_ga<\/td>\n<td style=\"width: 416px\">Recolhe informa\u00e7\u00e3o estat\u00edstica por utilizador. Funciona em qualquer tipo de liga\u00e7\u00e3o.<br \/>\nExpira 2 anos ap\u00f3s o in\u00edcio da sess\u00e3o.<\/td>\n<\/tr>\n<\/tbody>\n<\/table>\n<p style=\"text-align: center\">Para quaisquer quest\u00f5es sobre a Pol\u00edtica de Cookies por favor contactar\u00a0cmevora@cm-evora.pt<\/p>\n<p><strong>O uso de cookies pode ser bloqueado?<\/strong><br \/>\nSim. Se n\u00e3o quiser que o Portal armazene cookies, a qualquer momento pode, atrav\u00e9s do seu navegador de internet (browser),\u00a0recusar ou apagar os mesmos.\u00a0Tenha em aten\u00e7\u00e3o que a recusa de utiliza\u00e7\u00e3o de cookies do Portal poder\u00e1 afetar, parcial ou totalmente, a sua navega\u00e7\u00e3o.<\/p>\n<p>Para mais informa\u00e7\u00f5es sobre cookies e sobre como impedir que estes sejam instalados ou como apagar os existentes nos\u00a0seus dispositivos, o utilizador poder\u00e1 visitar o seguinte website:\u00a0<u><a href=\"http:\/\/www.allaboutcookies.org\/\">http:\/\/www.allaboutcookies.org<\/a><\/u>.<br \/>\nPode encontrar a informa\u00e7\u00e3o acerca do controlo de cookies de acordo com o seu navegador de internet nos seguintes endere\u00e7os:<\/p>\n<p>Internet Explorer\u00a0<u><a href=\"http:\/\/support.microsoft.com\/kb\/278835\">http:\/\/support.microsoft.com\/kb\/278835<\/a><\/u><br \/>\nChrome\u00a0<u><a href=\"https:\/\/www.google.com\/chrome\/intl\/en-GB\/more\/privacy.html\">https:\/\/www.google.com\/chrome\/intl\/en-GB\/more\/privacy.html<\/a><\/u><br \/>\nFirefox\u00a0<u><a href=\"http:\/\/support.mozilla.org\/en-US\/kb\/Clear%20Recent%20History\">http:\/\/support.mozilla.org\/en-US\/kb\/Clear%20Recent%20History<\/a><\/u><br \/>\nSafari\u00a0<u><a href=\"http:\/\/support.apple.com\/kb\/PH5042\">http:\/\/support.apple.com\/kb\/PH5042<\/a><\/u><br \/>\nOpera\u00a0<u><a href=\"http:\/\/www.opera.com\/browser\/tutorials\/security\/privacy\/\">http:\/\/www.opera.com\/browser\/tutorials\/security\/privacy\/<\/a><\/u><\/p>","protected":false},"excerpt":{"rendered":"<p>Sorry, this entry is only available in Portugu\u00eas.O Munic\u00edpio\u00a0de \u00c9vora, no \u00e2mbito das suas compet\u00eancias, assegura a gest\u00e3o da plataforma https:\/\/www.cm-evora.pt\/ e, desse modo, encontra-se empenhado em proteger a privacidade dos seus utilizadores adotando as medidas que\u00a0considera adequadas para assegurar a exatid\u00e3o, integridade e confidencialidade dos dados pessoais, bem como todos os\u00a0demais direitos que assistem [&hellip;]<\/p>\n","protected":false},"author":1,"featured_media":0,"parent":0,"menu_order":0,"comment_status":"closed","ping_status":"closed","template":"templates-map\/component-text-layout1.php","meta":{"_acf_changed":false,"footnotes":""},"categories":[],"class_list":["post-3002","page","type-page","status-publish","hentry"],"acf":{"imagens":"","titulo_docs_seccao":"","documentos":""},"_links":{"self":[{"href":"https:\/\/www.cm-evora.pt\/en\/wp-json\/wp\/v2\/pages\/3002","targetHints":{"allow":["GET"]}}],"collection":[{"href":"https:\/\/www.cm-evora.pt\/en\/wp-json\/wp\/v2\/pages"}],"about":[{"href":"https:\/\/www.cm-evora.pt\/en\/wp-json\/wp\/v2\/types\/page"}],"author":[{"embeddable":true,"href":"https:\/\/www.cm-evora.pt\/en\/wp-json\/wp\/v2\/users\/1"}],"replies":[{"embeddable":true,"href":"https:\/\/www.cm-evora.pt\/en\/wp-json\/wp\/v2\/comments?post=3002"}],"version-history":[{"count":4,"href":"https:\/\/www.cm-evora.pt\/en\/wp-json\/wp\/v2\/pages\/3002\/revisions"}],"predecessor-version":[{"id":20997,"href":"https:\/\/www.cm-evora.pt\/en\/wp-json\/wp\/v2\/pages\/3002\/revisions\/20997"}],"wp:attachment":[{"href":"https:\/\/www.cm-evora.pt\/en\/wp-json\/wp\/v2\/media?parent=3002"}],"wp:term":[{"taxonomy":"category","embeddable":true,"href":"https:\/\/www.cm-evora.pt\/en\/wp-json\/wp\/v2\/categories?post=3002"}],"curies":[{"name":"wp","href":"https:\/\/api.w.org\/{rel}","templated":true}]}}