{"id":30098,"date":"2021-12-14T14:49:45","date_gmt":"2021-12-14T14:49:45","guid":{"rendered":"https:\/\/www.cm-evora.pt\/?page_id=30098"},"modified":"2023-02-14T15:44:34","modified_gmt":"2023-02-14T15:44:34","slug":"taxas-municipais","status":"publish","type":"page","link":"https:\/\/www.cm-evora.pt\/en\/municipe\/areas-de-acao\/habitacao-e-reabilitacao-urbana\/taxas-municipais\/","title":{"rendered":"(Portugu\u00eas) Taxas Municipais"},"content":{"rendered":"<p class=\"qtranxs-available-languages-message qtranxs-available-languages-message-en\">Sorry, this entry is only available in <a href=\"https:\/\/www.cm-evora.pt\/pt\/wp-json\/wp\/v2\/pages\/30098\" class=\"qtranxs-available-language-link qtranxs-available-language-link-pt\" title=\"Portugu\u00eas\">Portugu\u00eas<\/a>.<\/p><p>As a\u00e7\u00f5es de reabilita\u00e7\u00e3o localizadas na Opera\u00e7\u00e3o de reabilita\u00e7\u00e3o urbana \u2013 Centro Hist\u00f3rico de \u00c9vora \u2013 t\u00eam acesso \u00e0 redu\u00e7\u00e3o das seguintes taxas:<\/p>\n<ul>\n<li style=\"list-style-type: none\">\n<ul>\n<li>Devolu\u00e7\u00e3o de 50% do valor das taxas de urbaniza\u00e7\u00e3o;<\/li>\n<li>Devolu\u00e7\u00e3o de 50% das taxas de edifica\u00e7\u00e3o;<\/li>\n<li>Devolu\u00e7\u00e3o de 50% das taxas de refor\u00e7o de infraestruturas;<\/li>\n<li>Devolu\u00e7\u00e3o de 50% das taxas de utiliza\u00e7\u00e3o;<\/li>\n<li>Devolu\u00e7\u00e3o das taxas de ocupa\u00e7\u00e3o de via p\u00fablica, relativas aos primeiros 4 meses de dura\u00e7\u00e3o das obras de reabilita\u00e7\u00e3o;<\/li>\n<li>Redu\u00e7\u00e3o de 50% das de taxas de ocupa\u00e7\u00e3o de via p\u00fablica durante 5 anos em estabelecimentos comerciais.<\/li>\n<\/ul>\n<\/li>\n<\/ul>\n<p><strong>\u00a0<\/strong><\/p>\n<p><strong>Enquadramento legal: <\/strong>Lei n\u00ba 32\/2012 de 14 de agosto que altera e republica o DL n\u00ba 307\/2009 de 23 de Outubro<\/p>\n<p><strong>Situa\u00e7\u00e3o do processo: <\/strong>ARU e ORU Simples aprovada<\/p>\n<p><strong>Consulta do processo <\/strong><a href=\"https:\/\/www.cm-evora.pt\/wp-content\/uploads\/2021\/03\/2017_00_00_ORU-CHE-2017.pdf\" target=\"_blank\" rel=\"noopener\">aqui<\/a><\/p>\n<p><strong>Entidade gestora: <\/strong>C\u00e2mara Municipal \u00c9vora<\/p>\n<p><strong>Processo de constitui\u00e7\u00e3o \u00e2mbito temporal: <\/strong>10 anos<\/p>\n<p><strong>Aprova\u00e7\u00e3o da Assembleia Municipal: <\/strong>7 e 12 dezembro 2018<\/p>\n<p><strong>Publica\u00e7\u00e3o DR II S\u00e9rie: <\/strong><a href=\"https:\/\/dre.pt\/home\/-\/dre\/119386945\/details\/maximized\" target=\"_blank\" rel=\"noopener\">Aviso 2347\/2019 de 11 de fevereiro 2019<\/a><\/p>\n<p>&nbsp;<\/p>","protected":false},"excerpt":{"rendered":"<p>Sorry, this entry is only available in Portugu\u00eas.As a\u00e7\u00f5es de reabilita\u00e7\u00e3o localizadas na Opera\u00e7\u00e3o de reabilita\u00e7\u00e3o urbana \u2013 Centro Hist\u00f3rico de \u00c9vora \u2013 t\u00eam acesso \u00e0 redu\u00e7\u00e3o das seguintes taxas: Devolu\u00e7\u00e3o de 50% do valor das taxas de urbaniza\u00e7\u00e3o; Devolu\u00e7\u00e3o de 50% das taxas de edifica\u00e7\u00e3o; Devolu\u00e7\u00e3o de 50% das taxas de refor\u00e7o de infraestruturas; [&hellip;]<\/p>\n","protected":false},"author":45,"featured_media":0,"parent":1506,"menu_order":6,"comment_status":"closed","ping_status":"closed","template":"templates-map\/component-text-layout1.php","meta":{"_acf_changed":false,"footnotes":""},"categories":[],"class_list":["post-30098","page","type-page","status-publish","hentry"],"acf":{"imagens":"","titulo_docs_seccao":"","documentos":""},"_links":{"self":[{"href":"https:\/\/www.cm-evora.pt\/en\/wp-json\/wp\/v2\/pages\/30098","targetHints":{"allow":["GET"]}}],"collection":[{"href":"https:\/\/www.cm-evora.pt\/en\/wp-json\/wp\/v2\/pages"}],"about":[{"href":"https:\/\/www.cm-evora.pt\/en\/wp-json\/wp\/v2\/types\/page"}],"author":[{"embeddable":true,"href":"https:\/\/www.cm-evora.pt\/en\/wp-json\/wp\/v2\/users\/45"}],"replies":[{"embeddable":true,"href":"https:\/\/www.cm-evora.pt\/en\/wp-json\/wp\/v2\/comments?post=30098"}],"version-history":[{"count":4,"href":"https:\/\/www.cm-evora.pt\/en\/wp-json\/wp\/v2\/pages\/30098\/revisions"}],"predecessor-version":[{"id":45646,"href":"https:\/\/www.cm-evora.pt\/en\/wp-json\/wp\/v2\/pages\/30098\/revisions\/45646"}],"up":[{"embeddable":true,"href":"https:\/\/www.cm-evora.pt\/en\/wp-json\/wp\/v2\/pages\/1506"}],"wp:attachment":[{"href":"https:\/\/www.cm-evora.pt\/en\/wp-json\/wp\/v2\/media?parent=30098"}],"wp:term":[{"taxonomy":"category","embeddable":true,"href":"https:\/\/www.cm-evora.pt\/en\/wp-json\/wp\/v2\/categories?post=30098"}],"curies":[{"name":"wp","href":"https:\/\/api.w.org\/{rel}","templated":true}]}}