{"id":31021,"date":"2022-01-20T11:16:07","date_gmt":"2022-01-20T11:16:07","guid":{"rendered":"https:\/\/www.cm-evora.pt\/?page_id=31021"},"modified":"2022-01-20T14:46:29","modified_gmt":"2022-01-20T14:46:29","slug":"informacao-as-empresas","status":"publish","type":"page","link":"https:\/\/www.cm-evora.pt\/en\/investidor\/informacao-as-empresas\/","title":{"rendered":"(Portugu\u00eas) Informa\u00e7\u00e3o \/ Empresas"},"content":{"rendered":"","protected":false},"excerpt":{"rendered":"","protected":false},"author":45,"featured_media":0,"parent":1270,"menu_order":7,"comment_status":"closed","ping_status":"closed","template":"templates-map\/component-file-gallery-layout1.php","meta":{"_acf_changed":false,"footnotes":""},"categories":[],"class_list":["post-31021","page","type-page","status-publish","hentry"],"acf":[],"_links":{"self":[{"href":"https:\/\/www.cm-evora.pt\/en\/wp-json\/wp\/v2\/pages\/31021","targetHints":{"allow":["GET"]}}],"collection":[{"href":"https:\/\/www.cm-evora.pt\/en\/wp-json\/wp\/v2\/pages"}],"about":[{"href":"https:\/\/www.cm-evora.pt\/en\/wp-json\/wp\/v2\/types\/page"}],"author":[{"embeddable":true,"href":"https:\/\/www.cm-evora.pt\/en\/wp-json\/wp\/v2\/users\/45"}],"replies":[{"embeddable":true,"href":"https:\/\/www.cm-evora.pt\/en\/wp-json\/wp\/v2\/comments?post=31021"}],"version-history":[{"count":3,"href":"https:\/\/www.cm-evora.pt\/en\/wp-json\/wp\/v2\/pages\/31021\/revisions"}],"predecessor-version":[{"id":31033,"href":"https:\/\/www.cm-evora.pt\/en\/wp-json\/wp\/v2\/pages\/31021\/revisions\/31033"}],"up":[{"embeddable":true,"href":"https:\/\/www.cm-evora.pt\/en\/wp-json\/wp\/v2\/pages\/1270"}],"wp:attachment":[{"href":"https:\/\/www.cm-evora.pt\/en\/wp-json\/wp\/v2\/media?parent=31021"}],"wp:term":[{"taxonomy":"category","embeddable":true,"href":"https:\/\/www.cm-evora.pt\/en\/wp-json\/wp\/v2\/categories?post=31021"}],"curies":[{"name":"wp","href":"https:\/\/api.w.org\/{rel}","templated":true}]}}