{"id":31452,"date":"2022-02-07T14:19:38","date_gmt":"2022-02-07T14:19:38","guid":{"rendered":"https:\/\/www.cm-evora.pt\/?page_id=31452"},"modified":"2025-01-09T10:56:14","modified_gmt":"2025-01-09T10:56:14","slug":"fins-de-semana-desportivos","status":"publish","type":"page","link":"https:\/\/www.cm-evora.pt\/en\/municipe\/areas-de-acao\/desporto-e-lazer\/programas-desportivos\/fins-de-semana-desportivos\/","title":{"rendered":"Fins de Semana Desportivos"},"content":{"rendered":"<p style=\"text-align: center\"><a href=\"https:\/\/www.cm-evora.pt\/wp-content\/uploads\/2024\/05\/AF_DJD-FDS-2024-05.png\"><img loading=\"lazy\" decoding=\"async\" class=\"alignnone size-full wp-image-61358\" src=\"https:\/\/www.cm-evora.pt\/wp-content\/uploads\/2024\/05\/AF_DJD-FDS-2024-05.png\" alt=\"\" width=\"4500\" height=\"3144\" srcset=\"https:\/\/www.cm-evora.pt\/wp-content\/uploads\/2024\/05\/AF_DJD-FDS-2024-05.png 4500w, https:\/\/www.cm-evora.pt\/wp-content\/uploads\/2024\/05\/AF_DJD-FDS-2024-05-300x210.png 300w, https:\/\/www.cm-evora.pt\/wp-content\/uploads\/2024\/05\/AF_DJD-FDS-2024-05-1024x715.png 1024w, https:\/\/www.cm-evora.pt\/wp-content\/uploads\/2024\/05\/AF_DJD-FDS-2024-05-768x537.png 768w, https:\/\/www.cm-evora.pt\/wp-content\/uploads\/2024\/05\/AF_DJD-FDS-2024-05-1536x1073.png 1536w, https:\/\/www.cm-evora.pt\/wp-content\/uploads\/2024\/05\/AF_DJD-FDS-2024-05-2048x1431.png 2048w, https:\/\/www.cm-evora.pt\/wp-content\/uploads\/2024\/05\/AF_DJD-FDS-2024-05-1320x922.png 1320w\" sizes=\"auto, (max-width: 4500px) 100vw, 4500px\" \/><\/a><\/p>\n<p>&nbsp;<\/p>\n<p><strong>O que \u00e9?<\/strong><\/p>\n<p>Fim de semana desportivo \u00e9 uma iniciativa municipal que proporciona em cada m\u00eas um primeiro contacto com desportos diferentes.<\/p>\n<p>&nbsp;<\/p>\n<p><strong>Quero experimentar?<\/strong><\/p>\n<p>Se quer experimentar gin\u00e1stica, badminton, bicicletas, dan\u00e7as, patins, voleibol, jogos tradicionais, entre outros, escolha os fins de semana, e venha individual, com amigos, ou em fam\u00edlia. Para qualquer idade.<\/p>\n<p>&nbsp;<\/p>\n<p><strong>Calend\u00e1rio<\/strong><\/p>\n<p style=\"text-align: center\"><a href=\"https:\/\/www.cm-evora.pt\/wp-content\/uploads\/2024\/05\/DJD-FDS-2024_Geral.png\"><img loading=\"lazy\" decoding=\"async\" class=\"alignnone size-full wp-image-61356\" src=\"https:\/\/www.cm-evora.pt\/wp-content\/uploads\/2024\/05\/DJD-FDS-2024_Geral.png\" alt=\"\" width=\"3508\" height=\"4961\" srcset=\"https:\/\/www.cm-evora.pt\/wp-content\/uploads\/2024\/05\/DJD-FDS-2024_Geral.png 3508w, https:\/\/www.cm-evora.pt\/wp-content\/uploads\/2024\/05\/DJD-FDS-2024_Geral-212x300.png 212w, https:\/\/www.cm-evora.pt\/wp-content\/uploads\/2024\/05\/DJD-FDS-2024_Geral-724x1024.png 724w, https:\/\/www.cm-evora.pt\/wp-content\/uploads\/2024\/05\/DJD-FDS-2024_Geral-768x1086.png 768w, https:\/\/www.cm-evora.pt\/wp-content\/uploads\/2024\/05\/DJD-FDS-2024_Geral-1086x1536.png 1086w, https:\/\/www.cm-evora.pt\/wp-content\/uploads\/2024\/05\/DJD-FDS-2024_Geral-1448x2048.png 1448w, https:\/\/www.cm-evora.pt\/wp-content\/uploads\/2024\/05\/DJD-FDS-2024_Geral-1320x1867.png 1320w\" sizes=\"auto, (max-width: 3508px) 100vw, 3508px\" \/><\/a><\/p>\n<p>&nbsp;<\/p>\n<p><strong>O que pode encontrar?<\/strong><\/p>\n<p>Atividades diferentes orientadas por t\u00e9cnico de desporto, ou treinadores\/dinamizadores de modalidades em associa\u00e7\u00f5es desportivas, juvenis ou outras. Boa disposi\u00e7\u00e3o, intergeracionalidade, partilha de conhecimentos desportivos, para os mais regulares pr\u00e9mio de assiduidade.<\/p>\n<p>&nbsp;<\/p>\n<p><strong>E a Equipa?<\/strong><\/p>\n<p>Fins de semana Desportivos s\u00e3o dinamizados pela CME\/Divis\u00e3o de Juventude e Desporto, em parceria com Associa\u00e7\u00f5es Desportivas e Juvenis Locais.<\/p>\n<p>&nbsp;<\/p>\n<p><strong>Inscri\u00e7\u00f5es?<\/strong><\/p>\n<p>A inscri\u00e7\u00e3o dever\u00e1 ser feita atrav\u00e9s de <a href=\"https:\/\/forms.gle\/pnhyjz1BGzaFv7eb7\" target=\"_blank\" rel=\"noopener\">formul\u00e1rio<\/a>.<\/p>\n<p>Entraremos em contacto para confirma\u00e7\u00e3o.<\/p>\n<p><u>Informa\u00e7\u00f5es<\/u>: <a href=\"mailto:finsdesemanadesportivos@cm-evora.pt\">finsdesemanadesportivos@cm-evora.pt<\/a><\/p>\n<p>&nbsp;<\/p>\n","protected":false},"excerpt":{"rendered":"<p>&nbsp; O que \u00e9? Fim de semana desportivo \u00e9 uma iniciativa municipal que proporciona em cada m\u00eas um primeiro contacto com desportos diferentes. &nbsp; Quero experimentar? Se quer experimentar gin\u00e1stica, badminton, bicicletas, dan\u00e7as, patins, voleibol, jogos tradicionais, entre outros, escolha os fins de semana, e venha individual, com amigos, ou em fam\u00edlia. Para qualquer idade. [&hellip;]<\/p>\n","protected":false},"author":45,"featured_media":0,"parent":2490,"menu_order":4,"comment_status":"closed","ping_status":"closed","template":"templates-map\/component-text-layout1.php","meta":{"_acf_changed":false,"footnotes":""},"categories":[],"class_list":["post-31452","page","type-page","status-publish","hentry"],"acf":{"imagens":"","titulo_docs_seccao":"","documentos":""},"_links":{"self":[{"href":"https:\/\/www.cm-evora.pt\/en\/wp-json\/wp\/v2\/pages\/31452","targetHints":{"allow":["GET"]}}],"collection":[{"href":"https:\/\/www.cm-evora.pt\/en\/wp-json\/wp\/v2\/pages"}],"about":[{"href":"https:\/\/www.cm-evora.pt\/en\/wp-json\/wp\/v2\/types\/page"}],"author":[{"embeddable":true,"href":"https:\/\/www.cm-evora.pt\/en\/wp-json\/wp\/v2\/users\/45"}],"replies":[{"embeddable":true,"href":"https:\/\/www.cm-evora.pt\/en\/wp-json\/wp\/v2\/comments?post=31452"}],"version-history":[{"count":9,"href":"https:\/\/www.cm-evora.pt\/en\/wp-json\/wp\/v2\/pages\/31452\/revisions"}],"predecessor-version":[{"id":61359,"href":"https:\/\/www.cm-evora.pt\/en\/wp-json\/wp\/v2\/pages\/31452\/revisions\/61359"}],"up":[{"embeddable":true,"href":"https:\/\/www.cm-evora.pt\/en\/wp-json\/wp\/v2\/pages\/2490"}],"wp:attachment":[{"href":"https:\/\/www.cm-evora.pt\/en\/wp-json\/wp\/v2\/media?parent=31452"}],"wp:term":[{"taxonomy":"category","embeddable":true,"href":"https:\/\/www.cm-evora.pt\/en\/wp-json\/wp\/v2\/categories?post=31452"}],"curies":[{"name":"wp","href":"https:\/\/api.w.org\/{rel}","templated":true}]}}