{"id":32603,"date":"2022-03-15T11:23:49","date_gmt":"2022-03-15T11:23:49","guid":{"rendered":"https:\/\/www.cm-evora.pt\/?page_id=32603"},"modified":"2022-03-15T11:38:20","modified_gmt":"2022-03-15T11:38:20","slug":"bairros-digitais","status":"publish","type":"page","link":"https:\/\/www.cm-evora.pt\/en\/bairros-digitais\/","title":{"rendered":"(Portugu\u00eas) Bairros Digitais"},"content":{"rendered":"<p class=\"qtranxs-available-languages-message qtranxs-available-languages-message-en\">Sorry, this entry is only available in <a href=\"https:\/\/www.cm-evora.pt\/pt\/wp-json\/wp\/v2\/pages\/32603\" class=\"qtranxs-available-language-link qtranxs-available-language-link-pt\" title=\"Portugu\u00eas\">Portugu\u00eas<\/a>.<\/p><p><\/p>\n<h1 class=\" survey-name text-center\" style=\"text-align: center\">Bairros Comerciais Digitais<\/h1>\n<h2 class=\" survey-name text-center\" style=\"text-align: center\"><span style=\"color: #808080\">Inqu\u00e9rito aos comerciantes \/ restaura\u00e7\u00e3o \/ servi\u00e7os \/ alojamentos<\/span><\/h2>\n<p>&nbsp;<\/p>\n<p>Trata-se de um inqu\u00e9rito promovido pelo Munic\u00edpio de \u00c9vora em colabora\u00e7\u00e3o com ACDE &#8211; Associa\u00e7\u00e3o Comercial do Distrito de \u00c9vora e a AHRESP &#8211; Associa\u00e7\u00e3o da Hotelaria, Restaura\u00e7\u00e3o e Similares de Portugal \u00a0e destinado a preparar uma candidatura ao projeto Bairros Comerciais Digitais, visando desta forma alavancar a revitaliza\u00e7\u00e3o econ\u00f3mica, moderniza\u00e7\u00e3o e fortalecimento da competitividade e resili\u00eancia das \u00e1reas comerciais tradicionais.<\/p>\n<p>Gostar\u00edamos de contar assim com a sua colabora\u00e7\u00e3o.<\/p>\n<p>Agradecemos antecipadamente a disponibilidade.<\/p>\n<p>&nbsp;<\/p>\n<p style=\"text-align: center\"><a href=\"https:\/\/survey.evoralab.pt\/index.php?r=survey\/index&amp;sid=169969\" target=\"_blank\" rel=\"noopener\"><strong>Clique aqui para preenchimento<\/strong><\/a><\/p>\n<p>&nbsp;<\/p>\n<p><\/p>","protected":false},"excerpt":{"rendered":"<p>Sorry, this entry is only available in Portugu\u00eas. Bairros Comerciais Digitais Inqu\u00e9rito aos comerciantes \/ restaura\u00e7\u00e3o \/ servi\u00e7os \/ alojamentos &nbsp; Trata-se de um inqu\u00e9rito promovido pelo Munic\u00edpio de \u00c9vora em colabora\u00e7\u00e3o com ACDE &#8211; Associa\u00e7\u00e3o Comercial do Distrito de \u00c9vora e a AHRESP &#8211; Associa\u00e7\u00e3o da Hotelaria, Restaura\u00e7\u00e3o e Similares de Portugal \u00a0e destinado [&hellip;]<\/p>\n","protected":false},"author":34,"featured_media":0,"parent":0,"menu_order":0,"comment_status":"closed","ping_status":"closed","template":"templates-map\/component-text-layout1.php","meta":{"_acf_changed":false,"footnotes":""},"categories":[],"class_list":["post-32603","page","type-page","status-publish","hentry"],"acf":{"imagens":"","titulo_docs_seccao":"","documentos":""},"_links":{"self":[{"href":"https:\/\/www.cm-evora.pt\/en\/wp-json\/wp\/v2\/pages\/32603","targetHints":{"allow":["GET"]}}],"collection":[{"href":"https:\/\/www.cm-evora.pt\/en\/wp-json\/wp\/v2\/pages"}],"about":[{"href":"https:\/\/www.cm-evora.pt\/en\/wp-json\/wp\/v2\/types\/page"}],"author":[{"embeddable":true,"href":"https:\/\/www.cm-evora.pt\/en\/wp-json\/wp\/v2\/users\/34"}],"replies":[{"embeddable":true,"href":"https:\/\/www.cm-evora.pt\/en\/wp-json\/wp\/v2\/comments?post=32603"}],"version-history":[{"count":7,"href":"https:\/\/www.cm-evora.pt\/en\/wp-json\/wp\/v2\/pages\/32603\/revisions"}],"predecessor-version":[{"id":32613,"href":"https:\/\/www.cm-evora.pt\/en\/wp-json\/wp\/v2\/pages\/32603\/revisions\/32613"}],"wp:attachment":[{"href":"https:\/\/www.cm-evora.pt\/en\/wp-json\/wp\/v2\/media?parent=32603"}],"wp:term":[{"taxonomy":"category","embeddable":true,"href":"https:\/\/www.cm-evora.pt\/en\/wp-json\/wp\/v2\/categories?post=32603"}],"curies":[{"name":"wp","href":"https:\/\/api.w.org\/{rel}","templated":true}]}}