{"id":32696,"date":"2022-03-16T15:52:36","date_gmt":"2022-03-16T15:52:36","guid":{"rendered":"https:\/\/www.cm-evora.pt\/?page_id=32696"},"modified":"2025-03-24T14:26:44","modified_gmt":"2025-03-24T14:26:44","slug":"solidariedade-com-o-povo-ucraniano","status":"publish","type":"page","link":"https:\/\/www.cm-evora.pt\/en\/municipe\/areas-de-acao\/solidariedade-com-o-povo-ucraniano\/","title":{"rendered":"Solidariedade com o Povo Ucraniano"},"content":{"rendered":"<p style=\"text-align: center\"><a href=\"https:\/\/www.cm-evora.pt\/wp-content\/uploads\/2022\/03\/ucrania1920.jpg\" target=\"_blank\" rel=\"noopener\"><img loading=\"lazy\" decoding=\"async\" class=\"alignnone wp-image-32717 size-large\" src=\"https:\/\/www.cm-evora.pt\/wp-content\/uploads\/2022\/03\/ucrania1920-1024x576.jpg\" alt=\"\" width=\"1024\" height=\"576\" srcset=\"https:\/\/www.cm-evora.pt\/wp-content\/uploads\/2022\/03\/ucrania1920-1024x576.jpg 1024w, https:\/\/www.cm-evora.pt\/wp-content\/uploads\/2022\/03\/ucrania1920-300x169.jpg 300w, https:\/\/www.cm-evora.pt\/wp-content\/uploads\/2022\/03\/ucrania1920-768x432.jpg 768w, https:\/\/www.cm-evora.pt\/wp-content\/uploads\/2022\/03\/ucrania1920.jpg 1280w\" sizes=\"auto, (max-width: 1024px) 100vw, 1024px\" \/><\/a><\/p>\n<p>&nbsp;<\/p>\n<p>O Munic\u00edpio de \u00c9vora associa-se \u00e0 onda de apoio aos cidad\u00e3os ucranianos que, refugiados da guerra que assola o seu Pa\u00eds, elegeram o Concelho de \u00c9vora como destino de acolhimento.<\/p>\n<p>&nbsp;<\/p>\n<p>Informe-se aqui sobre as medidas de apoio em curso.<\/p>\n<p>&nbsp;<\/p>\n","protected":false},"excerpt":{"rendered":"<p>&nbsp; O Munic\u00edpio de \u00c9vora associa-se \u00e0 onda de apoio aos cidad\u00e3os ucranianos que, refugiados da guerra que assola o seu Pa\u00eds, elegeram o Concelho de \u00c9vora como destino de acolhimento. &nbsp; Informe-se aqui sobre as medidas de apoio em curso. &nbsp;<\/p>\n","protected":false},"author":45,"featured_media":0,"parent":1300,"menu_order":1,"comment_status":"closed","ping_status":"closed","template":"templates-map\/component-text-list-layout1.php","meta":{"_acf_changed":false,"footnotes":""},"categories":[],"class_list":["post-32696","page","type-page","status-publish","hentry"],"acf":[],"_links":{"self":[{"href":"https:\/\/www.cm-evora.pt\/en\/wp-json\/wp\/v2\/pages\/32696","targetHints":{"allow":["GET"]}}],"collection":[{"href":"https:\/\/www.cm-evora.pt\/en\/wp-json\/wp\/v2\/pages"}],"about":[{"href":"https:\/\/www.cm-evora.pt\/en\/wp-json\/wp\/v2\/types\/page"}],"author":[{"embeddable":true,"href":"https:\/\/www.cm-evora.pt\/en\/wp-json\/wp\/v2\/users\/45"}],"replies":[{"embeddable":true,"href":"https:\/\/www.cm-evora.pt\/en\/wp-json\/wp\/v2\/comments?post=32696"}],"version-history":[{"count":14,"href":"https:\/\/www.cm-evora.pt\/en\/wp-json\/wp\/v2\/pages\/32696\/revisions"}],"predecessor-version":[{"id":48526,"href":"https:\/\/www.cm-evora.pt\/en\/wp-json\/wp\/v2\/pages\/32696\/revisions\/48526"}],"up":[{"embeddable":true,"href":"https:\/\/www.cm-evora.pt\/en\/wp-json\/wp\/v2\/pages\/1300"}],"wp:attachment":[{"href":"https:\/\/www.cm-evora.pt\/en\/wp-json\/wp\/v2\/media?parent=32696"}],"wp:term":[{"taxonomy":"category","embeddable":true,"href":"https:\/\/www.cm-evora.pt\/en\/wp-json\/wp\/v2\/categories?post=32696"}],"curies":[{"name":"wp","href":"https:\/\/api.w.org\/{rel}","templated":true}]}}