{"id":32836,"date":"2022-03-22T11:39:03","date_gmt":"2022-03-22T11:39:03","guid":{"rendered":"https:\/\/www.cm-evora.pt\/?page_id=32836"},"modified":"2023-06-07T11:45:45","modified_gmt":"2023-06-07T10:45:45","slug":"agua-um-bem-para-todos","status":"publish","type":"page","link":"https:\/\/www.cm-evora.pt\/en\/municipe\/areas-de-acao\/ambiente\/agua-um-bem-para-todos\/","title":{"rendered":"\u00c1gua, um bem para todos"},"content":{"rendered":"<p><a href=\"https:\/\/www.cm-evora.pt\/wp-content\/uploads\/2022\/03\/banner_agua2-scaled.jpg\"><img loading=\"lazy\" decoding=\"async\" class=\"alignnone size-full wp-image-32837\" src=\"https:\/\/www.cm-evora.pt\/wp-content\/uploads\/2022\/03\/banner_agua2-scaled.jpg\" alt=\"\" width=\"2560\" height=\"1440\" srcset=\"https:\/\/www.cm-evora.pt\/wp-content\/uploads\/2022\/03\/banner_agua2-scaled.jpg 2560w, https:\/\/www.cm-evora.pt\/wp-content\/uploads\/2022\/03\/banner_agua2-300x169.jpg 300w, https:\/\/www.cm-evora.pt\/wp-content\/uploads\/2022\/03\/banner_agua2-1024x576.jpg 1024w, https:\/\/www.cm-evora.pt\/wp-content\/uploads\/2022\/03\/banner_agua2-768x432.jpg 768w, https:\/\/www.cm-evora.pt\/wp-content\/uploads\/2022\/03\/banner_agua2-1536x864.jpg 1536w, https:\/\/www.cm-evora.pt\/wp-content\/uploads\/2022\/03\/banner_agua2-2048x1152.jpg 2048w, https:\/\/www.cm-evora.pt\/wp-content\/uploads\/2022\/03\/banner_agua2-1320x742.jpg 1320w\" sizes=\"auto, (max-width: 2560px) 100vw, 2560px\" \/><\/a><\/p>\n<p>&nbsp;<\/p>\n<p>A \u00e1gua \u00e9 um recurso \u00fanico e precioso, mas n\u00e3o \u00e9 inesgot\u00e1vel. Por isso, o uso racional da \u00e1gua \u00e9 essencial em qualquer altura do ano.<\/p>\n<p>De forma a racionalizar o consumo de \u00e1gua na cidade, o Munic\u00edpio de \u00c9vora tem desenvolvido v\u00e1rias iniciativas de poupan\u00e7a, uma das mais importantes \u00e9 <a href=\"https:\/\/www.cm-evora.pt\/municipe\/projetos-municipais\/projetos-estruturantes\/projecto-life-agua-da-prata\/\" target=\"_blank\" rel=\"noopener\">Projeto LIFE \u00c1gua da Prata<\/a>, cujo objetivo principal \u00e9 criar um sistema que leve a \u00e1gua do aqueduto aos espa\u00e7os verdes da cidade, onde se consome grande quantidade de \u00e1gua.<\/p>\n<p>Este \u00e9 um projeto que vai permitir a rega sustent\u00e1vel de 50% dos jardins da cidade, a poupan\u00e7a de 120.000 m<sup>3<\/sup>\/ano de \u00e1gua da rede p\u00fablica, a redu\u00e7\u00e3o da emiss\u00e3o de 216 toneladas de CO<sub>2<\/sub>\/ano e a planta\u00e7\u00e3o de 5050 \u00e1rvores e 200 arbustos na cidade.<\/p>\n<p>Mas a poupan\u00e7a da \u00e1gua pode ser conseguida com gestos muito mais pequenos, como, por exemplo, no \u00e2mbito do projeto <a href=\"https:\/\/www.cm-evora.pt\/municipe\/projetos-municipais\/pel-projeto-educativo-local\/projetos-educativos\/eco-escolas\/\" target=\"_blank\" rel=\"noopener\">ECO-ESCOLAS<\/a>, que no concelho de \u00c9vora inclui um total de 22 estabelecimentos de ensino, foram instalados redutores de caudal nas torneiras de todas as escolas do 1\u00ba ciclo, de forma a reduzir o gasto de \u00e1gua.<\/p>\n<p>Estes e muitos outros <a href=\"https:\/\/www.cm-evora.pt\/municipe\/areas-de-acao\/ambiente\/ecogestos\/\" target=\"_blank\" rel=\"noopener\">ECO-GESTOS<\/a>\u00a0contribuem para que a \u00c1gua continue a ser um bem para todos.<\/p>\n<p>&nbsp;<\/p>\n<p>Outros projetos em desenvolvimento na \u00e1rea da sustentabilidade:<\/p>\n<ul>\n<li style=\"list-style-type: none\">\n<ul>\n<li><a href=\"https:\/\/www.cm-evora.pt\/municipe\/areas-de-acao\/ambiente\/projeto-climadapt-local\/\" target=\"_blank\" rel=\"noopener\">Estrat\u00e9gia para as Altera\u00e7\u00f5es Clim\u00e1ticas<\/a>;<\/li>\n<li><a href=\"https:\/\/www.cm-evora.pt\/municipe\/projetos-municipais\/projetos-estruturantes\/evora-laboratorio-vivo-para-a-descarbonizacao-lvpd\/\" target=\"_blank\" rel=\"noopener\">Laborat\u00f3rio Vivo para a Descarboniza\u00e7\u00e3o<\/a><u>;<\/u><\/li>\n<li><a href=\"https:\/\/www.cm-evora.pt\/municipe\/projetos-municipais\/projetos-estruturantes\/pocityf-positive-energy-city-transformation-framework\/\" target=\"_blank\" rel=\"noopener\">POCITYF<\/a><span style=\"text-decoration: underline\">;<\/span><\/li>\n<li><a href=\"https:\/\/www.cm-evora.pt\/municipe\/areas-de-acao\/ambiente\/plano-de-mobilidade-urbana-sustentavel-de-evora-pmuse\/pmuse\/\" target=\"_blank\" rel=\"noopener\">Plano de Mobilidade Urbana Sustent\u00e1vel de \u00c9vora<\/a>;<\/li>\n<li><a href=\"https:\/\/www.cm-evora.pt\/municipe\/areas-de-acao\/ambiente\/evora-carbono-zero\/\" target=\"_blank\" rel=\"noopener\">\u00c9vora Carbono Zero<\/a>.<\/li>\n<\/ul>\n<\/li>\n<\/ul>\n<p>&nbsp;<\/p>\n<div style=\"width: 1920px;\" class=\"wp-video\"><!--[if lt IE 9]><script>document.createElement('video');<\/script><![endif]-->\n<video class=\"wp-video-shortcode\" id=\"video-32836-1\" width=\"1920\" height=\"1080\" preload=\"metadata\" controls=\"controls\"><source type=\"video\/mp4\" src=\"https:\/\/www.cm-evora.pt\/wp-content\/uploads\/2022\/03\/Dia-da-Agua_LIFE-Agua-da-Prata_h264.mp4?_=1\" \/><a href=\"https:\/\/www.cm-evora.pt\/wp-content\/uploads\/2022\/03\/Dia-da-Agua_LIFE-Agua-da-Prata_h264.mp4\">https:\/\/www.cm-evora.pt\/wp-content\/uploads\/2022\/03\/Dia-da-Agua_LIFE-Agua-da-Prata_h264.mp4<\/a><\/video><\/div>\n<p>&nbsp;<\/p>\n","protected":false},"excerpt":{"rendered":"<p>&nbsp; A \u00e1gua \u00e9 um recurso \u00fanico e precioso, mas n\u00e3o \u00e9 inesgot\u00e1vel. Por isso, o uso racional da \u00e1gua \u00e9 essencial em qualquer altura do ano. De forma a racionalizar o consumo de \u00e1gua na cidade, o Munic\u00edpio de \u00c9vora tem desenvolvido v\u00e1rias iniciativas de poupan\u00e7a, uma das mais importantes \u00e9 Projeto LIFE \u00c1gua [&hellip;]<\/p>\n","protected":false},"author":45,"featured_media":0,"parent":1490,"menu_order":8,"comment_status":"closed","ping_status":"closed","template":"templates-map\/component-text-layout1.php","meta":{"_acf_changed":false,"footnotes":""},"categories":[],"class_list":["post-32836","page","type-page","status-publish","hentry"],"acf":{"imagens":"","titulo_docs_seccao":"","documentos":""},"_links":{"self":[{"href":"https:\/\/www.cm-evora.pt\/en\/wp-json\/wp\/v2\/pages\/32836","targetHints":{"allow":["GET"]}}],"collection":[{"href":"https:\/\/www.cm-evora.pt\/en\/wp-json\/wp\/v2\/pages"}],"about":[{"href":"https:\/\/www.cm-evora.pt\/en\/wp-json\/wp\/v2\/types\/page"}],"author":[{"embeddable":true,"href":"https:\/\/www.cm-evora.pt\/en\/wp-json\/wp\/v2\/users\/45"}],"replies":[{"embeddable":true,"href":"https:\/\/www.cm-evora.pt\/en\/wp-json\/wp\/v2\/comments?post=32836"}],"version-history":[{"count":5,"href":"https:\/\/www.cm-evora.pt\/en\/wp-json\/wp\/v2\/pages\/32836\/revisions"}],"predecessor-version":[{"id":50454,"href":"https:\/\/www.cm-evora.pt\/en\/wp-json\/wp\/v2\/pages\/32836\/revisions\/50454"}],"up":[{"embeddable":true,"href":"https:\/\/www.cm-evora.pt\/en\/wp-json\/wp\/v2\/pages\/1490"}],"wp:attachment":[{"href":"https:\/\/www.cm-evora.pt\/en\/wp-json\/wp\/v2\/media?parent=32836"}],"wp:term":[{"taxonomy":"category","embeddable":true,"href":"https:\/\/www.cm-evora.pt\/en\/wp-json\/wp\/v2\/categories?post=32836"}],"curies":[{"name":"wp","href":"https:\/\/api.w.org\/{rel}","templated":true}]}}