{"id":33372,"date":"2022-04-04T10:18:07","date_gmt":"2022-04-04T09:18:07","guid":{"rendered":"https:\/\/www.cm-evora.pt\/?page_id=33372"},"modified":"2022-04-04T11:39:51","modified_gmt":"2022-04-04T10:39:51","slug":"formulario-encontro-transfronteirico-de-arquivos","status":"publish","type":"page","link":"https:\/\/www.cm-evora.pt\/en\/formulario-encontro-transfronteirico-de-arquivos\/","title":{"rendered":"(Portugu\u00eas) Inscri\u00e7\u00e3o Encontro Transfronteiri\u00e7o de Arquivos"},"content":{"rendered":"","protected":false},"excerpt":{"rendered":"","protected":false},"author":34,"featured_media":0,"parent":0,"menu_order":0,"comment_status":"closed","ping_status":"closed","template":"templates-map\/component-form-layout1.php","meta":{"_acf_changed":false,"footnotes":""},"categories":[],"class_list":["post-33372","page","type-page","status-publish","hentry"],"acf":[],"_links":{"self":[{"href":"https:\/\/www.cm-evora.pt\/en\/wp-json\/wp\/v2\/pages\/33372","targetHints":{"allow":["GET"]}}],"collection":[{"href":"https:\/\/www.cm-evora.pt\/en\/wp-json\/wp\/v2\/pages"}],"about":[{"href":"https:\/\/www.cm-evora.pt\/en\/wp-json\/wp\/v2\/types\/page"}],"author":[{"embeddable":true,"href":"https:\/\/www.cm-evora.pt\/en\/wp-json\/wp\/v2\/users\/34"}],"replies":[{"embeddable":true,"href":"https:\/\/www.cm-evora.pt\/en\/wp-json\/wp\/v2\/comments?post=33372"}],"version-history":[{"count":2,"href":"https:\/\/www.cm-evora.pt\/en\/wp-json\/wp\/v2\/pages\/33372\/revisions"}],"predecessor-version":[{"id":33402,"href":"https:\/\/www.cm-evora.pt\/en\/wp-json\/wp\/v2\/pages\/33372\/revisions\/33402"}],"wp:attachment":[{"href":"https:\/\/www.cm-evora.pt\/en\/wp-json\/wp\/v2\/media?parent=33372"}],"wp:term":[{"taxonomy":"category","embeddable":true,"href":"https:\/\/www.cm-evora.pt\/en\/wp-json\/wp\/v2\/categories?post=33372"}],"curies":[{"name":"wp","href":"https:\/\/api.w.org\/{rel}","templated":true}]}}