{"id":34188,"date":"2022-04-26T09:26:21","date_gmt":"2022-04-26T08:26:21","guid":{"rendered":"https:\/\/www.cm-evora.pt\/?page_id=34188"},"modified":"2025-09-18T15:24:14","modified_gmt":"2025-09-18T14:24:14","slug":"pmuse","status":"publish","type":"page","link":"https:\/\/www.cm-evora.pt\/en\/municipe\/areas-de-acao\/ambiente\/plano-de-mobilidade-urbana-sustentavel-de-evora-pmuse\/pmuse\/","title":{"rendered":"PMUSE"},"content":{"rendered":"<p><a href=\"https:\/\/www.cm-evora.pt\/wp-content\/uploads\/2022\/07\/PMUSE_BannerRotativo2.png\"><img loading=\"lazy\" decoding=\"async\" class=\"alignnone wp-image-37625 size-full\" src=\"https:\/\/www.cm-evora.pt\/wp-content\/uploads\/2022\/07\/PMUSE_BannerRotativo2.png\" alt=\"\" width=\"8000\" height=\"2500\" srcset=\"https:\/\/www.cm-evora.pt\/wp-content\/uploads\/2022\/07\/PMUSE_BannerRotativo2.png 8000w, https:\/\/www.cm-evora.pt\/wp-content\/uploads\/2022\/07\/PMUSE_BannerRotativo2-300x94.png 300w, https:\/\/www.cm-evora.pt\/wp-content\/uploads\/2022\/07\/PMUSE_BannerRotativo2-1024x320.png 1024w, https:\/\/www.cm-evora.pt\/wp-content\/uploads\/2022\/07\/PMUSE_BannerRotativo2-768x240.png 768w, https:\/\/www.cm-evora.pt\/wp-content\/uploads\/2022\/07\/PMUSE_BannerRotativo2-1536x480.png 1536w, https:\/\/www.cm-evora.pt\/wp-content\/uploads\/2022\/07\/PMUSE_BannerRotativo2-2048x640.png 2048w, https:\/\/www.cm-evora.pt\/wp-content\/uploads\/2022\/07\/PMUSE_BannerRotativo2-1320x413.png 1320w\" sizes=\"auto, (max-width: 8000px) 100vw, 8000px\" \/><\/a><\/p>\n<p>&nbsp;<\/p>\n<h4><strong>O que \u00e9 um Plano de Mobilidade Urbana Sustent\u00e1vel (PMUS)?<\/strong><\/h4>\n<p>Um Plano de Mobilidade Urbana Sustent\u00e1vel \u00e9 um instrumento de planeamento que define a estrat\u00e9gia global de interven\u00e7\u00e3o em mat\u00e9ria de planeamento e gest\u00e3o da mobilidade.<\/p>\n<p>Constitui-se como documento, simultaneamente estrat\u00e9gico e diretor, que serve de instrumento de atua\u00e7\u00e3o e sensibiliza\u00e7\u00e3o, fomentando a articula\u00e7\u00e3o entre as diferentes plataformas de desloca\u00e7\u00e3o e os diferentes modos de transporte, a implementa\u00e7\u00e3o de um sistema integrado de mobilidade de uma forma racional, com o m\u00ednimo custo de investimento e de explora\u00e7\u00e3o. Permitir\u00e1, ainda, racionalizar a utiliza\u00e7\u00e3o do transporte individual motorizado e, simultaneamente, garantir a adequada mobilidade das popula\u00e7\u00f5es, promovendo a inclus\u00e3o social, a competitividade, e, como \u00e2mago, a qualidade de vida urbana e a preserva\u00e7\u00e3o do patrim\u00f3nio hist\u00f3rico, edificado e ambiental.<\/p>\n<p>&nbsp;<\/p>\n<h4><strong>O que pode mudar na cidade?<\/strong><\/h4>\n<p>O futuro ser\u00e1 determinado pelas op\u00e7\u00f5es coletivas do conjunto de atores que interagem na cidade. A forma como nos movemos, o grau de descarboniza\u00e7\u00e3o da sociedade, a qualifica\u00e7\u00e3o do ambiente urbano, a implementa\u00e7\u00e3o de solu\u00e7\u00f5es baseadas em economia circular, a qualidade da sa\u00fade p\u00fablica ser\u00e3o aspetos determinantes para o nosso espa\u00e7o urbano.<\/p>\n<p>&nbsp;<\/p>\n<h3 style=\"text-align: center\"><a href=\"https:\/\/www.cm-evora.pt\/municipe\/areas-de-acao\/ambiente\/plano-de-mobilidade-urbana-sustentavel-de-evora-pmuse\/documentacao\/\" target=\"_blank\" rel=\"noopener\">Plano de Mobilidade Urbana Sustent\u00e1vel de \u00c9vora<\/a><\/h3>\n","protected":false},"excerpt":{"rendered":"<p>&nbsp; O que \u00e9 um Plano de Mobilidade Urbana Sustent\u00e1vel (PMUS)? Um Plano de Mobilidade Urbana Sustent\u00e1vel \u00e9 um instrumento de planeamento que define a estrat\u00e9gia global de interven\u00e7\u00e3o em mat\u00e9ria de planeamento e gest\u00e3o da mobilidade. Constitui-se como documento, simultaneamente estrat\u00e9gico e diretor, que serve de instrumento de atua\u00e7\u00e3o e sensibiliza\u00e7\u00e3o, fomentando a articula\u00e7\u00e3o [&hellip;]<\/p>\n","protected":false},"author":45,"featured_media":0,"parent":16376,"menu_order":0,"comment_status":"closed","ping_status":"closed","template":"templates-map\/component-text-list-layout1.php","meta":{"_acf_changed":false,"footnotes":""},"categories":[],"class_list":["post-34188","page","type-page","status-publish","hentry"],"acf":[],"_links":{"self":[{"href":"https:\/\/www.cm-evora.pt\/en\/wp-json\/wp\/v2\/pages\/34188","targetHints":{"allow":["GET"]}}],"collection":[{"href":"https:\/\/www.cm-evora.pt\/en\/wp-json\/wp\/v2\/pages"}],"about":[{"href":"https:\/\/www.cm-evora.pt\/en\/wp-json\/wp\/v2\/types\/page"}],"author":[{"embeddable":true,"href":"https:\/\/www.cm-evora.pt\/en\/wp-json\/wp\/v2\/users\/45"}],"replies":[{"embeddable":true,"href":"https:\/\/www.cm-evora.pt\/en\/wp-json\/wp\/v2\/comments?post=34188"}],"version-history":[{"count":14,"href":"https:\/\/www.cm-evora.pt\/en\/wp-json\/wp\/v2\/pages\/34188\/revisions"}],"predecessor-version":[{"id":77892,"href":"https:\/\/www.cm-evora.pt\/en\/wp-json\/wp\/v2\/pages\/34188\/revisions\/77892"}],"up":[{"embeddable":true,"href":"https:\/\/www.cm-evora.pt\/en\/wp-json\/wp\/v2\/pages\/16376"}],"wp:attachment":[{"href":"https:\/\/www.cm-evora.pt\/en\/wp-json\/wp\/v2\/media?parent=34188"}],"wp:term":[{"taxonomy":"category","embeddable":true,"href":"https:\/\/www.cm-evora.pt\/en\/wp-json\/wp\/v2\/categories?post=34188"}],"curies":[{"name":"wp","href":"https:\/\/api.w.org\/{rel}","templated":true}]}}