{"id":34210,"date":"2022-04-26T11:21:45","date_gmt":"2022-04-26T10:21:45","guid":{"rendered":"https:\/\/www.cm-evora.pt\/?page_id=34210"},"modified":"2022-04-26T14:05:19","modified_gmt":"2022-04-26T13:05:19","slug":"a-promocao-dos-transportes-publicos-e-a-integracao-dos-modos","status":"publish","type":"page","link":"https:\/\/www.cm-evora.pt\/en\/municipe\/areas-de-acao\/ambiente\/plano-de-mobilidade-urbana-sustentavel-de-evora-pmuse\/a-promocao-dos-transportes-publicos-e-a-integracao-dos-modos\/","title":{"rendered":"(Portugu\u00eas) A Promo\u00e7\u00e3o dos Transportes P\u00fablicos e a Integra\u00e7\u00e3o dos Modos"},"content":{"rendered":"","protected":false},"excerpt":{"rendered":"","protected":false},"author":45,"featured_media":0,"parent":16376,"menu_order":3,"comment_status":"closed","ping_status":"closed","template":"templates-map\/component-text-list-layout1.php","meta":{"_acf_changed":false,"footnotes":""},"categories":[],"class_list":["post-34210","page","type-page","status-publish","hentry"],"acf":[],"_links":{"self":[{"href":"https:\/\/www.cm-evora.pt\/en\/wp-json\/wp\/v2\/pages\/34210","targetHints":{"allow":["GET"]}}],"collection":[{"href":"https:\/\/www.cm-evora.pt\/en\/wp-json\/wp\/v2\/pages"}],"about":[{"href":"https:\/\/www.cm-evora.pt\/en\/wp-json\/wp\/v2\/types\/page"}],"author":[{"embeddable":true,"href":"https:\/\/www.cm-evora.pt\/en\/wp-json\/wp\/v2\/users\/45"}],"replies":[{"embeddable":true,"href":"https:\/\/www.cm-evora.pt\/en\/wp-json\/wp\/v2\/comments?post=34210"}],"version-history":[{"count":2,"href":"https:\/\/www.cm-evora.pt\/en\/wp-json\/wp\/v2\/pages\/34210\/revisions"}],"predecessor-version":[{"id":34301,"href":"https:\/\/www.cm-evora.pt\/en\/wp-json\/wp\/v2\/pages\/34210\/revisions\/34301"}],"up":[{"embeddable":true,"href":"https:\/\/www.cm-evora.pt\/en\/wp-json\/wp\/v2\/pages\/16376"}],"wp:attachment":[{"href":"https:\/\/www.cm-evora.pt\/en\/wp-json\/wp\/v2\/media?parent=34210"}],"wp:term":[{"taxonomy":"category","embeddable":true,"href":"https:\/\/www.cm-evora.pt\/en\/wp-json\/wp\/v2\/categories?post=34210"}],"curies":[{"name":"wp","href":"https:\/\/api.w.org\/{rel}","templated":true}]}}