{"id":34360,"date":"2022-04-27T09:29:46","date_gmt":"2022-04-27T08:29:46","guid":{"rendered":"https:\/\/www.cm-evora.pt\/?page_id=34360"},"modified":"2025-11-11T16:56:31","modified_gmt":"2025-11-11T16:56:31","slug":"observatorio-municipal-de-educacao","status":"publish","type":"page","link":"https:\/\/www.cm-evora.pt\/en\/municipe\/areas-de-acao\/educacao\/observatorio-municipal-de-educacao\/","title":{"rendered":"Obser"},"content":{"rendered":"<p class=\"qtranxs-available-languages-message qtranxs-available-languages-message-en\">Sorry, this entry is only available in <a href=\"https:\/\/www.cm-evora.pt\/pt\/wp-json\/wp\/v2\/pages\/34360\" class=\"qtranxs-available-language-link qtranxs-available-language-link-pt\" title=\"Portugu\u00eas\">Portugu\u00eas<\/a>.<\/p><p><\/p>\n<p style=\"text-align: center\"><a href=\"https:\/\/www.cm-evora.pt\/wp-content\/uploads\/2022\/04\/banner_OME-scaled.jpg\" target=\"_blank\" rel=\"noopener\"><img loading=\"lazy\" decoding=\"async\" class=\"alignnone wp-image-34363 size-full\" src=\"https:\/\/www.cm-evora.pt\/wp-content\/uploads\/2022\/04\/banner_OME-scaled.jpg\" alt=\"\" width=\"2560\" height=\"1440\" srcset=\"https:\/\/www.cm-evora.pt\/wp-content\/uploads\/2022\/04\/banner_OME-scaled.jpg 2560w, https:\/\/www.cm-evora.pt\/wp-content\/uploads\/2022\/04\/banner_OME-300x169.jpg 300w, https:\/\/www.cm-evora.pt\/wp-content\/uploads\/2022\/04\/banner_OME-1024x576.jpg 1024w, https:\/\/www.cm-evora.pt\/wp-content\/uploads\/2022\/04\/banner_OME-768x432.jpg 768w, https:\/\/www.cm-evora.pt\/wp-content\/uploads\/2022\/04\/banner_OME-1536x864.jpg 1536w, https:\/\/www.cm-evora.pt\/wp-content\/uploads\/2022\/04\/banner_OME-2048x1152.jpg 2048w, https:\/\/www.cm-evora.pt\/wp-content\/uploads\/2022\/04\/banner_OME-1320x743.jpg 1320w\" sizes=\"auto, (max-width: 2560px) 100vw, 2560px\" \/><\/a><\/p>\n<p>O Observat\u00f3rio Municipal da Educa\u00e7\u00e3o de \u00c9vora foi criado em 2021 e \u00e9 da responsabilidade da C\u00e2mara Municipal de \u00c9vora.<\/p>\n<p>Trata-se de uma plataforma on-line de f\u00e1cil acesso e periodicamente atualiz\u00e1vel com dados sobre a Educa\u00e7\u00e3o no concelho de \u00c9vora, designadamente: informa\u00e7\u00e3o diversa sobre aspetos organizacionais; caracteriza\u00e7\u00e3o da rede escolar, com a apresenta\u00e7\u00e3o de indicadores e respetivos relat\u00f3rios e disponibiliza\u00e7\u00e3o de diversos recursos l\u00fadico-pedag\u00f3gicos, destinados a crian\u00e7as e fam\u00edlias, no Observat\u00f3rio Infantil.<\/p>\n<p>Para melhor corresponder aos interesses dos utilizadores, a informa\u00e7\u00e3o \u00e9 abrangente em termos das institui\u00e7\u00f5es consideradas e organizada para uma mais f\u00e1cil consulta.<\/p>\n<p>&nbsp;<\/p>\n<p style=\"text-align: center\"><strong>Institui\u00e7\u00f5es de Educa\u00e7\u00e3o e de Ensino\/Forma\u00e7\u00e3o<\/strong><\/p>\n<p style=\"text-align: center\"><iframe loading=\"lazy\" title=\"Observat\u00f3rio Municipal da Educa\u00e7\u00e3o - Institui\u00e7\u00f5es e Educa\u00e7\u00e3o\" width=\"500\" height=\"281\" src=\"https:\/\/www.youtube.com\/embed\/SnESexCwybE?feature=oembed\" frameborder=\"0\" allow=\"accelerometer; autoplay; clipboard-write; encrypted-media; gyroscope; picture-in-picture; web-share\" referrerpolicy=\"strict-origin-when-cross-origin\" allowfullscreen><\/iframe><\/p>\n<p>&nbsp;<\/p>\n<p style=\"text-align: center\"><strong>Jovens e Estudantes<\/strong><\/p>\n<p style=\"text-align: center\"><iframe loading=\"lazy\" title=\"Observat\u00f3rio Municipal da Educa\u00e7\u00e3o - Jovens e Estudantes\" width=\"500\" height=\"281\" src=\"https:\/\/www.youtube.com\/embed\/3gfX-UM1-k4?feature=oembed\" frameborder=\"0\" allow=\"accelerometer; autoplay; clipboard-write; encrypted-media; gyroscope; picture-in-picture; web-share\" referrerpolicy=\"strict-origin-when-cross-origin\" allowfullscreen><\/iframe><\/p>\n<p>&nbsp;<\/p>\n<p style=\"text-align: center\"><strong>P\u00fablico em Geral<\/strong><\/p>\n<p style=\"text-align: center\"><iframe loading=\"lazy\" title=\"Observat\u00f3rio Municipal da Educa\u00e7\u00e3o - P\u00fablico em Geral\" width=\"500\" height=\"281\" src=\"https:\/\/www.youtube.com\/embed\/NdTdvlp2lzc?feature=oembed\" frameborder=\"0\" allow=\"accelerometer; autoplay; clipboard-write; encrypted-media; gyroscope; picture-in-picture; web-share\" referrerpolicy=\"strict-origin-when-cross-origin\" allowfullscreen><\/iframe><\/p>\n<p>&nbsp;<\/p>\n<p style=\"text-align: center\"><strong>Recursos em sala de aula<\/strong><\/p>\n<p>Estes recursos resultaram do trabalho conjunto de Marta Pereira e Pedro Amaral e foram implementados com o apoio do Agrupamento de escolas Severim de Faria.<\/p>\n<p style=\"text-align: center\"><iframe loading=\"lazy\" title=\"Observat\u00f3rio Municipal de Educa\u00e7\u00e3o - Sala de Aula\" width=\"500\" height=\"281\" src=\"https:\/\/www.youtube.com\/embed\/zXtIuurPdLc?feature=oembed\" frameborder=\"0\" allow=\"accelerometer; autoplay; clipboard-write; encrypted-media; gyroscope; picture-in-picture; web-share\" referrerpolicy=\"strict-origin-when-cross-origin\" allowfullscreen><\/iframe><\/p>\n<p><\/p>","protected":false},"excerpt":{"rendered":"<p>Sorry, this entry is only available in Portugu\u00eas. O Observat\u00f3rio Municipal da Educa\u00e7\u00e3o de \u00c9vora foi criado em 2021 e \u00e9 da responsabilidade da C\u00e2mara Municipal de \u00c9vora. Trata-se de uma plataforma on-line de f\u00e1cil acesso e periodicamente atualiz\u00e1vel com dados sobre a Educa\u00e7\u00e3o no concelho de \u00c9vora, designadamente: informa\u00e7\u00e3o diversa sobre aspetos organizacionais; caracteriza\u00e7\u00e3o [&hellip;]<\/p>\n","protected":false},"author":45,"featured_media":0,"parent":1504,"menu_order":9,"comment_status":"closed","ping_status":"closed","template":"templates-map\/component-text-layout1.php","meta":{"_acf_changed":false,"footnotes":""},"categories":[],"class_list":["post-34360","page","type-page","status-publish","hentry"],"acf":{"imagens":"","titulo_docs_seccao":"","documentos":[35494,35496]},"_links":{"self":[{"href":"https:\/\/www.cm-evora.pt\/en\/wp-json\/wp\/v2\/pages\/34360","targetHints":{"allow":["GET"]}}],"collection":[{"href":"https:\/\/www.cm-evora.pt\/en\/wp-json\/wp\/v2\/pages"}],"about":[{"href":"https:\/\/www.cm-evora.pt\/en\/wp-json\/wp\/v2\/types\/page"}],"author":[{"embeddable":true,"href":"https:\/\/www.cm-evora.pt\/en\/wp-json\/wp\/v2\/users\/45"}],"replies":[{"embeddable":true,"href":"https:\/\/www.cm-evora.pt\/en\/wp-json\/wp\/v2\/comments?post=34360"}],"version-history":[{"count":33,"href":"https:\/\/www.cm-evora.pt\/en\/wp-json\/wp\/v2\/pages\/34360\/revisions"}],"predecessor-version":[{"id":79177,"href":"https:\/\/www.cm-evora.pt\/en\/wp-json\/wp\/v2\/pages\/34360\/revisions\/79177"}],"up":[{"embeddable":true,"href":"https:\/\/www.cm-evora.pt\/en\/wp-json\/wp\/v2\/pages\/1504"}],"acf:post":[{"embeddable":true,"href":"https:\/\/www.cm-evora.pt\/en\/wp-json\/wp\/v2\/listas_ficheiros\/35496"},{"embeddable":true,"href":"https:\/\/www.cm-evora.pt\/en\/wp-json\/wp\/v2\/listas_ficheiros\/35494"}],"wp:attachment":[{"href":"https:\/\/www.cm-evora.pt\/en\/wp-json\/wp\/v2\/media?parent=34360"}],"wp:term":[{"taxonomy":"category","embeddable":true,"href":"https:\/\/www.cm-evora.pt\/en\/wp-json\/wp\/v2\/categories?post=34360"}],"curies":[{"name":"wp","href":"https:\/\/api.w.org\/{rel}","templated":true}]}}