{"id":3491,"date":"2020-04-14T17:46:19","date_gmt":"2020-04-14T16:46:19","guid":{"rendered":"https:\/\/evora2.int.skilltech.pt\/susProjects\/wp_evora2_suite\/?page_id=3491"},"modified":"2020-04-17T15:25:57","modified_gmt":"2020-04-17T14:25:57","slug":"indice-transparencia","status":"publish","type":"page","link":"https:\/\/www.cm-evora.pt\/en\/indice-transparencia\/","title":{"rendered":"(Portugu\u00eas) \u00cdndice de Transpar\u00eancia"},"content":{"rendered":"<p class=\"qtranxs-available-languages-message qtranxs-available-languages-message-en\">Sorry, this entry is only available in <a href=\"https:\/\/www.cm-evora.pt\/pt\/wp-json\/wp\/v2\/pages\/3491\" class=\"qtranxs-available-language-link qtranxs-available-language-link-pt\" title=\"Portugu\u00eas\">Portugu\u00eas<\/a>.<\/p><p>O \u00cdndice transpar\u00eancia serve para criar crit\u00e9rios universais de aferi\u00e7\u00e3o dos n\u00edveis de transpar\u00eancia nos munic\u00edpios, atrav\u00e9s da an\u00e1lise de informa\u00e7\u00e3o sobre a governa\u00e7\u00e3o local disponibilizada nos seus websites.<\/p>\n<p>A publica\u00e7\u00e3o de um ranking de munic\u00edpios tem por objetivo criar press\u00e3o social e incentivos para as autoridades locais melhorarem as suas ferramentas de comunica\u00e7\u00e3o e intera\u00e7\u00e3o com os cidad\u00e3os, com vista a uma governa\u00e7\u00e3o mais aberta, respons\u00e1vel e participativa.<\/p>\n<p>O uso das Tecnologias de Informa\u00e7\u00e3o e Comunica\u00e7\u00e3o n\u00e3o melhora por si s\u00f3 a qualidade da democracia, mas \u00e9 um pequeno contributo para uma maior capacita\u00e7\u00e3o dos cidad\u00e3os na monitoriza\u00e7\u00e3o e participa\u00e7\u00e3o na gest\u00e3o aut\u00e1rquica.<\/p>","protected":false},"excerpt":{"rendered":"<p>Sorry, this entry is only available in Portugu\u00eas.O \u00cdndice transpar\u00eancia serve para criar crit\u00e9rios universais de aferi\u00e7\u00e3o dos n\u00edveis de transpar\u00eancia nos munic\u00edpios, atrav\u00e9s da an\u00e1lise de informa\u00e7\u00e3o sobre a governa\u00e7\u00e3o local disponibilizada nos seus websites. A publica\u00e7\u00e3o de um ranking de munic\u00edpios tem por objetivo criar press\u00e3o social e incentivos para as autoridades locais [&hellip;]<\/p>\n","protected":false},"author":1,"featured_media":0,"parent":0,"menu_order":0,"comment_status":"closed","ping_status":"closed","template":"templates-map\/component-transparency-index-layout1.php","meta":{"_acf_changed":false,"footnotes":""},"categories":[],"class_list":["post-3491","page","type-page","status-publish","hentry"],"acf":[],"_links":{"self":[{"href":"https:\/\/www.cm-evora.pt\/en\/wp-json\/wp\/v2\/pages\/3491","targetHints":{"allow":["GET"]}}],"collection":[{"href":"https:\/\/www.cm-evora.pt\/en\/wp-json\/wp\/v2\/pages"}],"about":[{"href":"https:\/\/www.cm-evora.pt\/en\/wp-json\/wp\/v2\/types\/page"}],"author":[{"embeddable":true,"href":"https:\/\/www.cm-evora.pt\/en\/wp-json\/wp\/v2\/users\/1"}],"replies":[{"embeddable":true,"href":"https:\/\/www.cm-evora.pt\/en\/wp-json\/wp\/v2\/comments?post=3491"}],"version-history":[{"count":21,"href":"https:\/\/www.cm-evora.pt\/en\/wp-json\/wp\/v2\/pages\/3491\/revisions"}],"predecessor-version":[{"id":3565,"href":"https:\/\/www.cm-evora.pt\/en\/wp-json\/wp\/v2\/pages\/3491\/revisions\/3565"}],"wp:attachment":[{"href":"https:\/\/www.cm-evora.pt\/en\/wp-json\/wp\/v2\/media?parent=3491"}],"wp:term":[{"taxonomy":"category","embeddable":true,"href":"https:\/\/www.cm-evora.pt\/en\/wp-json\/wp\/v2\/categories?post=3491"}],"curies":[{"name":"wp","href":"https:\/\/api.w.org\/{rel}","templated":true}]}}