{"id":35001,"date":"2022-05-10T11:11:16","date_gmt":"2022-05-10T10:11:16","guid":{"rendered":"https:\/\/www.cm-evora.pt\/?page_id=35001"},"modified":"2022-12-15T08:59:54","modified_gmt":"2022-12-15T08:59:54","slug":"relatorios-de-avaliacao-do-direito-a-oposicao","status":"publish","type":"page","link":"https:\/\/www.cm-evora.pt\/en\/municipe\/camara-municipal\/relatorios-de-avaliacao-do-direito-a-oposicao\/","title":{"rendered":"(Portugu\u00eas) Relat\u00f3rios de Avalia\u00e7\u00e3o do Direito \u00e0 Oposi\u00e7\u00e3o"},"content":{"rendered":"<p class=\"qtranxs-available-languages-message qtranxs-available-languages-message-en\">Sorry, this entry is only available in <a href=\"https:\/\/www.cm-evora.pt\/pt\/wp-json\/wp\/v2\/pages\/35001\" class=\"qtranxs-available-language-link qtranxs-available-language-link-pt\" title=\"Portugu\u00eas\">Portugu\u00eas<\/a>.<\/p><p>O Estatuto do Direito de Oposi\u00e7\u00e3o foi aprovado pela Lei n\u00ba 24\/98, de 26 de maio, tendo em vista assegurar \u00e0s minorias o direito de constituir e exercer uma oposi\u00e7\u00e3o democr\u00e1tica ao Governo e aos \u00f3rg\u00e3os executivos das regi\u00f5es aut\u00f3nomas e das autarquias locais de natureza representativa, nos termos da Constitui\u00e7\u00e3o e da Lei.<\/p>\n<p>O Direito de Oposi\u00e7\u00e3o traduz-se na atividade de acompanhamento, fiscaliza\u00e7\u00e3o e cr\u00edtica das orienta\u00e7\u00f5es pol\u00edticas do \u00f3rg\u00e3o executivo por parte dos titulares desse direito, ou seja, os partidos pol\u00edticos representados no \u00f3rg\u00e3o deliberativo da autarquia e que n\u00e3o estejam representados no \u00f3rg\u00e3o executivo e os partidos representados na c\u00e2mara municipal, desde que nenhum dos seus representantes assumam pelouros, poderes delegados ou outras formas de responsabilidade direta e imediata pelo exerc\u00edcio de fun\u00e7\u00f5es executivas.<\/p>\n<p>De acordo com o disposto no artigo 10\u00ba do Estatuto, os \u00f3rg\u00e3os executivos das autarquias locais <em>\u201c(\u2026) elaboram, at\u00e9 ao fim de Mar\u00e7o do ano subsequente \u00e0quele a que se refiram, relat\u00f3rios de avalia\u00e7\u00e3o do grau de observ\u00e2ncia do respeito pelos direitos e garantias constantes da presente lei (\u2026)\u201d,<\/em> os quais s\u00e3o enviados aos titulares do direito de oposi\u00e7\u00e3o a fim de que sobre eles se pronunciem.<\/p>","protected":false},"excerpt":{"rendered":"<p>Sorry, this entry is only available in Portugu\u00eas.O Estatuto do Direito de Oposi\u00e7\u00e3o foi aprovado pela Lei n\u00ba 24\/98, de 26 de maio, tendo em vista assegurar \u00e0s minorias o direito de constituir e exercer uma oposi\u00e7\u00e3o democr\u00e1tica ao Governo e aos \u00f3rg\u00e3os executivos das regi\u00f5es aut\u00f3nomas e das autarquias locais de natureza representativa, nos [&hellip;]<\/p>\n","protected":false},"author":45,"featured_media":0,"parent":1430,"menu_order":3,"comment_status":"closed","ping_status":"closed","template":"templates-map\/component-file-gallery-layout1.php","meta":{"_acf_changed":false,"footnotes":""},"categories":[],"class_list":["post-35001","page","type-page","status-publish","hentry"],"acf":[],"_links":{"self":[{"href":"https:\/\/www.cm-evora.pt\/en\/wp-json\/wp\/v2\/pages\/35001","targetHints":{"allow":["GET"]}}],"collection":[{"href":"https:\/\/www.cm-evora.pt\/en\/wp-json\/wp\/v2\/pages"}],"about":[{"href":"https:\/\/www.cm-evora.pt\/en\/wp-json\/wp\/v2\/types\/page"}],"author":[{"embeddable":true,"href":"https:\/\/www.cm-evora.pt\/en\/wp-json\/wp\/v2\/users\/45"}],"replies":[{"embeddable":true,"href":"https:\/\/www.cm-evora.pt\/en\/wp-json\/wp\/v2\/comments?post=35001"}],"version-history":[{"count":5,"href":"https:\/\/www.cm-evora.pt\/en\/wp-json\/wp\/v2\/pages\/35001\/revisions"}],"predecessor-version":[{"id":43744,"href":"https:\/\/www.cm-evora.pt\/en\/wp-json\/wp\/v2\/pages\/35001\/revisions\/43744"}],"up":[{"embeddable":true,"href":"https:\/\/www.cm-evora.pt\/en\/wp-json\/wp\/v2\/pages\/1430"}],"wp:attachment":[{"href":"https:\/\/www.cm-evora.pt\/en\/wp-json\/wp\/v2\/media?parent=35001"}],"wp:term":[{"taxonomy":"category","embeddable":true,"href":"https:\/\/www.cm-evora.pt\/en\/wp-json\/wp\/v2\/categories?post=35001"}],"curies":[{"name":"wp","href":"https:\/\/api.w.org\/{rel}","templated":true}]}}