{"id":35188,"date":"2022-05-12T12:21:02","date_gmt":"2022-05-12T11:21:02","guid":{"rendered":"https:\/\/www.cm-evora.pt\/?page_id=35188"},"modified":"2023-08-29T10:51:38","modified_gmt":"2023-08-29T09:51:38","slug":"plano-de-urbanizacao-de-evora","status":"archive","type":"page","link":"https:\/\/www.cm-evora.pt\/en\/municipe\/projetos-municipais\/projetos-estruturantes\/plano-de-urbanizacao-de-evora\/","title":{"rendered":"Archived: Plano de Urbaniza\u00e7\u00e3o de \u00c9vora"},"content":{"rendered":"<p class=\"qtranxs-available-languages-message qtranxs-available-languages-message-en\">Sorry, this entry is only available in <a href=\"https:\/\/www.cm-evora.pt\/pt\/wp-json\/wp\/v2\/pages\/35188\" class=\"qtranxs-available-language-link qtranxs-available-language-link-pt\" title=\"Portugu\u00eas\">Portugu\u00eas<\/a>.<\/p><p><\/p>\n<p style=\"text-align: center\"><a href=\"https:\/\/www.cm-evora.pt\/wp-content\/uploads\/2022\/05\/BannerSItePUE_CME-01.png\"><img loading=\"lazy\" decoding=\"async\" class=\"alignnone wp-image-35700 size-full\" src=\"https:\/\/www.cm-evora.pt\/wp-content\/uploads\/2022\/05\/BannerSItePUE_CME-01.png\" alt=\"\" width=\"3544\" height=\"1723\" srcset=\"https:\/\/www.cm-evora.pt\/wp-content\/uploads\/2022\/05\/BannerSItePUE_CME-01.png 3544w, https:\/\/www.cm-evora.pt\/wp-content\/uploads\/2022\/05\/BannerSItePUE_CME-01-300x146.png 300w, https:\/\/www.cm-evora.pt\/wp-content\/uploads\/2022\/05\/BannerSItePUE_CME-01-1024x498.png 1024w, https:\/\/www.cm-evora.pt\/wp-content\/uploads\/2022\/05\/BannerSItePUE_CME-01-768x373.png 768w, https:\/\/www.cm-evora.pt\/wp-content\/uploads\/2022\/05\/BannerSItePUE_CME-01-1536x747.png 1536w, https:\/\/www.cm-evora.pt\/wp-content\/uploads\/2022\/05\/BannerSItePUE_CME-01-2048x996.png 2048w, https:\/\/www.cm-evora.pt\/wp-content\/uploads\/2022\/05\/BannerSItePUE_CME-01-1320x642.png 1320w\" sizes=\"auto, (max-width: 3544px) 100vw, 3544px\" \/><\/a><\/p>\n<p>&nbsp;<\/p>\n<p>O Munic\u00edpio de \u00c9vora iniciou a revis\u00e3o do Plano de Urbaniza\u00e7\u00e3o da sua cidade. Consciente da import\u00e2ncia de auscultar os cidad\u00e3os e apostar em novas metodologias de democracia participativa, o Munic\u00edpio est\u00e1 a encetar um amplo Processo Participativo para a elabora\u00e7\u00e3o deste documento de import\u00e2ncia estrat\u00e9gica decisiva para o futuro de \u00c9vora. Pretende-se que o Processo Participativo seja intenso, conceptual e pedag\u00f3gico. Assim, realizar-se-\u00e3o sess\u00f5es participativas nas quais os eborenses s\u00e3o convidados a partilhar mem\u00f3rias das comunidades e lugares, identificar oportunidades e problemas do seu territ\u00f3rio, e apurar propostas para a sua resolu\u00e7\u00e3o. Neste processo, dar voz \u00e0s crian\u00e7as e jovens &#8211; cidad\u00e3os n\u00e3o s\u00f3 do futuro, mas tamb\u00e9m do presente \u2013 \u00e9 fundamental, pelo que ser\u00e3o desafiadas as comunidades escolar e universit\u00e1ria a participar neste processo. Tamb\u00e9m os atores especializados &#8211; t\u00e9cnicos municipais, agentes institucionais e privados executantes &#8211; ser\u00e3o convidados a dar o seu contributo. No final do processo, os cidad\u00e3os ser\u00e3o convidados a propor a\u00e7\u00f5es experimentais onde, em iniciativas de baixo custo e r\u00e1pida concretiza\u00e7\u00e3o poder\u00e3o experimentar algumas das propostas apuradas no decurso das sess\u00f5es, num momento de celebra\u00e7\u00e3o do trabalho participativo e do seu contributo para a melhoria do futuro da cidade de todos.<\/p>\n<p>&nbsp;<\/p>\n\n\t\t<style type=\"text\/css\">\n\t\t\t#gallery-1 {\n\t\t\t\tmargin: auto;\n\t\t\t}\n\t\t\t#gallery-1 .gallery-item {\n\t\t\t\tfloat: left;\n\t\t\t\tmargin-top: 10px;\n\t\t\t\ttext-align: center;\n\t\t\t\twidth: 50%;\n\t\t\t}\n\t\t\t#gallery-1 img {\n\t\t\t\tborder: 2px solid #cfcfcf;\n\t\t\t}\n\t\t\t#gallery-1 .gallery-caption {\n\t\t\t\tmargin-left: 0;\n\t\t\t}\n\t\t\t\/* see gallery_shortcode() in wp-includes\/media.php *\/\n\t\t<\/style>\n\t\t<div id='gallery-1' class='gallery galleryid-35188 gallery-columns-2 gallery-size-full'><dl class='gallery-item'>\n\t\t\t<dt class='gallery-icon portrait'>\n\t\t\t\t<a href='https:\/\/www.cm-evora.pt\/wp-content\/uploads\/2022\/05\/PoST_PUE_RS-02.png'><img loading=\"lazy\" decoding=\"async\" width=\"4586\" height=\"4600\" src=\"https:\/\/www.cm-evora.pt\/wp-content\/uploads\/2022\/05\/PoST_PUE_RS-02.png\" class=\"attachment-full size-full\" alt=\"\" srcset=\"https:\/\/www.cm-evora.pt\/wp-content\/uploads\/2022\/05\/PoST_PUE_RS-02.png 4586w, https:\/\/www.cm-evora.pt\/wp-content\/uploads\/2022\/05\/PoST_PUE_RS-02-300x300.png 300w, https:\/\/www.cm-evora.pt\/wp-content\/uploads\/2022\/05\/PoST_PUE_RS-02-1021x1024.png 1021w, https:\/\/www.cm-evora.pt\/wp-content\/uploads\/2022\/05\/PoST_PUE_RS-02-150x150.png 150w, https:\/\/www.cm-evora.pt\/wp-content\/uploads\/2022\/05\/PoST_PUE_RS-02-768x770.png 768w, https:\/\/www.cm-evora.pt\/wp-content\/uploads\/2022\/05\/PoST_PUE_RS-02-1531x1536.png 1531w, https:\/\/www.cm-evora.pt\/wp-content\/uploads\/2022\/05\/PoST_PUE_RS-02-2042x2048.png 2042w, https:\/\/www.cm-evora.pt\/wp-content\/uploads\/2022\/05\/PoST_PUE_RS-02-1320x1324.png 1320w\" sizes=\"auto, (max-width: 4586px) 100vw, 4586px\" \/><\/a>\n\t\t\t<\/dt><\/dl><dl class='gallery-item'>\n\t\t\t<dt class='gallery-icon portrait'>\n\t\t\t\t<a href='https:\/\/www.cm-evora.pt\/wp-content\/uploads\/2022\/05\/PoST_PUE_RS-03.png'><img loading=\"lazy\" decoding=\"async\" width=\"4586\" height=\"4600\" src=\"https:\/\/www.cm-evora.pt\/wp-content\/uploads\/2022\/05\/PoST_PUE_RS-03.png\" class=\"attachment-full size-full\" alt=\"\" srcset=\"https:\/\/www.cm-evora.pt\/wp-content\/uploads\/2022\/05\/PoST_PUE_RS-03.png 4586w, https:\/\/www.cm-evora.pt\/wp-content\/uploads\/2022\/05\/PoST_PUE_RS-03-300x300.png 300w, https:\/\/www.cm-evora.pt\/wp-content\/uploads\/2022\/05\/PoST_PUE_RS-03-1021x1024.png 1021w, https:\/\/www.cm-evora.pt\/wp-content\/uploads\/2022\/05\/PoST_PUE_RS-03-150x150.png 150w, https:\/\/www.cm-evora.pt\/wp-content\/uploads\/2022\/05\/PoST_PUE_RS-03-768x770.png 768w, https:\/\/www.cm-evora.pt\/wp-content\/uploads\/2022\/05\/PoST_PUE_RS-03-1531x1536.png 1531w, https:\/\/www.cm-evora.pt\/wp-content\/uploads\/2022\/05\/PoST_PUE_RS-03-2042x2048.png 2042w, https:\/\/www.cm-evora.pt\/wp-content\/uploads\/2022\/05\/PoST_PUE_RS-03-1320x1324.png 1320w\" sizes=\"auto, (max-width: 4586px) 100vw, 4586px\" \/><\/a>\n\t\t\t<\/dt><\/dl><br style=\"clear: both\" \/>\n\t\t<\/div>\n\n<p>&nbsp;<\/p>\n<p><strong>O que \u00e9 um plano de urbaniza\u00e7\u00e3o?<\/strong><\/p>\n<p>\u00c9 um estudo (de carateriza\u00e7\u00e3o de um espa\u00e7o urbano e da sua envolvente) e \u00e9, sobretudo, uma manifesta\u00e7\u00e3o de vontade relativa a um futuro pretendido. Traduz-se, muito habitualmente, no estabelecimento de regras e orienta\u00e7\u00f5es edificat\u00f3rias, sobre o que reabilitar e o que urbanizar e sobre o aonde instalar habita\u00e7\u00e3o, atividades, equipamentos, zonas verdes. Mas essas regras, relativas a usos e formas urbanas, podem e devem articular-se com desafios ambientais, modelo de mobilidade, desenvolvimento econ\u00f3mico, pol\u00edticas de habita\u00e7\u00e3o; e podem e devem tamb\u00e9m articular-se com a ado\u00e7\u00e3o de pol\u00edticas fundi\u00e1ria, financeira e execut\u00f3ria. \u00c9 isto que se pretende.<\/p>\n<p>&nbsp;<\/p>\n<p><strong>O que pode mudar na cidade?<\/strong><\/p>\n<p>O futuro o dir\u00e1. Alguns planos n\u00e3o passam do papel, n\u00e3o chegam a ser concretizados. A execu\u00e7\u00e3o de um plano de cidade depende de todos os agentes que nela atuam, de todos os cidad\u00e3os que nela vivem e da capacidade do respetivo munic\u00edpio de os enquadrar, orientar e articular. Um plano rigoroso e participado, perspetivando a sua pr\u00f3pria execu\u00e7\u00e3o, \u00e9 um bom come\u00e7o, aumenta a sua probabilidade de sucesso. \u00c9vora foi, nos anos 80, um caso de sucesso. Veremos, com este plano, se o volta a ser.<\/p>\n<p>&nbsp;<\/p>\n<p><strong>Como ser\u00e3o as sess\u00f5es participativas?<\/strong><\/p>\n<p>Ser\u00e3o momentos de encontro da comunidade, onde os cidad\u00e3os s\u00e3o convidados a partilhar mem\u00f3rias da sua vida na cidade, identificar os seus principais problemas e oportunidades, e imaginar propostas para a sua melhoria. As sess\u00f5es s\u00e3o desenhadas de modo a estimular a troca de experi\u00eancias e do saber comum, num ambiente de conversa em torno de mesas de trabalho.<\/p>\n<p>&nbsp;<\/p>\n<p><strong>Porque \u00e9 que o contributo das comunidades \u00e9 importante?<\/strong><\/p>\n<p>Os cidad\u00e3os det\u00eam conhecimento privilegiado sobre os territ\u00f3rios onde vivem e trabalham. A participa\u00e7\u00e3o contribui para construir v\u00ednculos entre os membros da comunidade, os planeadores e os decisores pol\u00edticos, e ajuda a incrementar os processos de decis\u00e3o em torno do desenvolvimento de um \u201csentido comum\u201d na busca de uma nova narrativa de futuro.<\/p>\n<p><\/p>","protected":false},"excerpt":{"rendered":"<p>Sorry, this entry is only available in Portugu\u00eas. &nbsp; O Munic\u00edpio de \u00c9vora iniciou a revis\u00e3o do Plano de Urbaniza\u00e7\u00e3o da sua cidade. Consciente da import\u00e2ncia de auscultar os cidad\u00e3os e apostar em novas metodologias de democracia participativa, o Munic\u00edpio est\u00e1 a encetar um amplo Processo Participativo para a elabora\u00e7\u00e3o deste documento de import\u00e2ncia estrat\u00e9gica [&hellip;]<\/p>\n","protected":false},"author":45,"featured_media":0,"parent":2579,"menu_order":4,"comment_status":"closed","ping_status":"closed","template":"templates-map\/component-text-layout1.php","meta":{"_acf_changed":false,"footnotes":""},"categories":[],"class_list":["post-35188","page","type-page","status-archive","hentry"],"acf":{"imagens":"","titulo_docs_seccao":"","documentos":[35999,42417,42416]},"_links":{"self":[{"href":"https:\/\/www.cm-evora.pt\/en\/wp-json\/wp\/v2\/pages\/35188","targetHints":{"allow":["GET"]}}],"collection":[{"href":"https:\/\/www.cm-evora.pt\/en\/wp-json\/wp\/v2\/pages"}],"about":[{"href":"https:\/\/www.cm-evora.pt\/en\/wp-json\/wp\/v2\/types\/page"}],"author":[{"embeddable":true,"href":"https:\/\/www.cm-evora.pt\/en\/wp-json\/wp\/v2\/users\/45"}],"replies":[{"embeddable":true,"href":"https:\/\/www.cm-evora.pt\/en\/wp-json\/wp\/v2\/comments?post=35188"}],"version-history":[{"count":13,"href":"https:\/\/www.cm-evora.pt\/en\/wp-json\/wp\/v2\/pages\/35188\/revisions"}],"predecessor-version":[{"id":52969,"href":"https:\/\/www.cm-evora.pt\/en\/wp-json\/wp\/v2\/pages\/35188\/revisions\/52969"}],"up":[{"embeddable":true,"href":"https:\/\/www.cm-evora.pt\/en\/wp-json\/wp\/v2\/pages\/2579"}],"acf:post":[{"embeddable":true,"href":"https:\/\/www.cm-evora.pt\/en\/wp-json\/wp\/v2\/listas_ficheiros\/42416"},{"embeddable":true,"href":"https:\/\/www.cm-evora.pt\/en\/wp-json\/wp\/v2\/listas_ficheiros\/42417"},{"embeddable":true,"href":"https:\/\/www.cm-evora.pt\/en\/wp-json\/wp\/v2\/listas_ficheiros\/35999"}],"wp:attachment":[{"href":"https:\/\/www.cm-evora.pt\/en\/wp-json\/wp\/v2\/media?parent=35188"}],"wp:term":[{"taxonomy":"category","embeddable":true,"href":"https:\/\/www.cm-evora.pt\/en\/wp-json\/wp\/v2\/categories?post=35188"}],"curies":[{"name":"wp","href":"https:\/\/api.w.org\/{rel}","templated":true}]}}