{"id":35193,"date":"2022-05-12T12:28:21","date_gmt":"2022-05-12T11:28:21","guid":{"rendered":"https:\/\/www.cm-evora.pt\/?page_id=35193"},"modified":"2023-10-26T15:39:33","modified_gmt":"2023-10-26T14:39:33","slug":"inscricao-processo-participativo-do-plano-de-urbanizacao-de-evora","status":"publish","type":"page","link":"https:\/\/www.cm-evora.pt\/en\/inscricao-processo-participativo-do-plano-de-urbanizacao-de-evora\/","title":{"rendered":"Inscri\u00e7\u00e3o Processo Participativo do Plano de Urbaniza\u00e7\u00e3o de \u00c9vora"},"content":{"rendered":"<p>Consciente da import\u00e2ncia de auscultar os cidad\u00e3os e apostar em novas metodologias de democracia participativa, o Munic\u00edpio de \u00c9vora est\u00e1 a encetar um amplo Processo Participativo para a elabora\u00e7\u00e3o do seu Plano de Urbaniza\u00e7\u00e3o. Assim, realizar-se-\u00e3o dois conjuntos de sess\u00f5es participativas nas quais os eborenses s\u00e3o convidados a contribuir para a melhoria do futuro da sua cidade.<br \/>\n&nbsp;<br \/>\n<strong>Sess\u00e3o Presencial<\/strong><\/p>\n<p>Data: 30 de Outubro de 2023 <span style=\"color: red\">(Esgotado)<\/span><br \/>\nHora: 21h00<br \/>\nLocal: Pal\u00e1cio de D. Manuel<\/p>\n<p>&nbsp;<\/p>\n<p><strong>Sess\u00e3o Presencial<\/strong><\/p>\n<p>Data: 31 de Outubro de 2023<br \/>\nHora: 21h00<br \/>\nLocal: Pal\u00e1cio de D. Manuel<br \/>\n&nbsp;<\/p>\n<p style=\"font-style: italic\"><strong>Apenas ser\u00e3o consideradas as primeiras 50 inscri\u00e7\u00f5es para cada um dos dias.<\/strong><\/p>\n<p>&nbsp;<\/p>\n<p>1) Consulte o <a style=\"text-decoration:none\" href=\"https:\/\/www.cm-evora.pt\/wp-content\/uploads\/2023\/10\/Apresentacao-Diagnostico-Operativo.pdf\" target=\"_blank\" rel=\"noopener\">DIAGN\u00d3STICO OPERATIVO<\/a><\/p>\n<p>2) Consulte toda a documenta\u00e7\u00e3o da <a style=\"text-decoration:none\" href=\"https:\/\/www.cm-evora.pt\/plano-de-urbanizacao-em-revisao\/\" target=\"_blank\" rel=\"noopener\">REVIS\u00c3O DO PLANO DE URBANIZA\u00c7\u00c3O<\/p>\n<p>&nbsp;&nbsp;&nbsp;<\/p>\n","protected":false},"excerpt":{"rendered":"<p>Consciente da import\u00e2ncia de auscultar os cidad\u00e3os e apostar em novas metodologias de democracia participativa, o Munic\u00edpio de \u00c9vora est\u00e1 a encetar um amplo Processo Participativo para a elabora\u00e7\u00e3o do seu Plano de Urbaniza\u00e7\u00e3o. Assim, realizar-se-\u00e3o dois conjuntos de sess\u00f5es participativas nas quais os eborenses s\u00e3o convidados a contribuir para a melhoria do futuro da [&hellip;]<\/p>\n","protected":false},"author":34,"featured_media":0,"parent":0,"menu_order":0,"comment_status":"closed","ping_status":"closed","template":"templates-map\/component-form-layout1.php","meta":{"_acf_changed":false,"footnotes":""},"categories":[],"class_list":["post-35193","page","type-page","status-publish","hentry"],"acf":[],"_links":{"self":[{"href":"https:\/\/www.cm-evora.pt\/en\/wp-json\/wp\/v2\/pages\/35193","targetHints":{"allow":["GET"]}}],"collection":[{"href":"https:\/\/www.cm-evora.pt\/en\/wp-json\/wp\/v2\/pages"}],"about":[{"href":"https:\/\/www.cm-evora.pt\/en\/wp-json\/wp\/v2\/types\/page"}],"author":[{"embeddable":true,"href":"https:\/\/www.cm-evora.pt\/en\/wp-json\/wp\/v2\/users\/34"}],"replies":[{"embeddable":true,"href":"https:\/\/www.cm-evora.pt\/en\/wp-json\/wp\/v2\/comments?post=35193"}],"version-history":[{"count":22,"href":"https:\/\/www.cm-evora.pt\/en\/wp-json\/wp\/v2\/pages\/35193\/revisions"}],"predecessor-version":[{"id":54748,"href":"https:\/\/www.cm-evora.pt\/en\/wp-json\/wp\/v2\/pages\/35193\/revisions\/54748"}],"wp:attachment":[{"href":"https:\/\/www.cm-evora.pt\/en\/wp-json\/wp\/v2\/media?parent=35193"}],"wp:term":[{"taxonomy":"category","embeddable":true,"href":"https:\/\/www.cm-evora.pt\/en\/wp-json\/wp\/v2\/categories?post=35193"}],"curies":[{"name":"wp","href":"https:\/\/api.w.org\/{rel}","templated":true}]}}