{"id":35784,"date":"2022-05-20T16:02:43","date_gmt":"2022-05-20T15:02:43","guid":{"rendered":"https:\/\/www.cm-evora.pt\/?page_id=35784"},"modified":"2025-11-11T14:29:18","modified_gmt":"2025-11-11T14:29:18","slug":"evora-jt","status":"publish","type":"page","link":"https:\/\/www.cm-evora.pt\/en\/municipe\/areas-de-acao\/desporto-e-lazer\/programas-desportivos\/evora-jt\/","title":{"rendered":"\u00c9vora JT"},"content":{"rendered":"<p><\/p>\n<p style=\"text-align: center\"><a href=\"https:\/\/www.cm-evora.pt\/wp-content\/uploads\/2022\/05\/JogosTradicionais-logo-Cores2-scaled.jpg\" target=\"_blank\" rel=\"noopener\"><img loading=\"lazy\" decoding=\"async\" class=\"alignnone wp-image-36224 size-full\" src=\"https:\/\/www.cm-evora.pt\/wp-content\/uploads\/2022\/05\/JogosTradicionais-logo-Cores2-scaled.jpg\" alt=\"\" width=\"2560\" height=\"764\" srcset=\"https:\/\/www.cm-evora.pt\/wp-content\/uploads\/2022\/05\/JogosTradicionais-logo-Cores2-scaled.jpg 2560w, https:\/\/www.cm-evora.pt\/wp-content\/uploads\/2022\/05\/JogosTradicionais-logo-Cores2-300x89.jpg 300w, https:\/\/www.cm-evora.pt\/wp-content\/uploads\/2022\/05\/JogosTradicionais-logo-Cores2-1024x305.jpg 1024w, https:\/\/www.cm-evora.pt\/wp-content\/uploads\/2022\/05\/JogosTradicionais-logo-Cores2-768x229.jpg 768w, https:\/\/www.cm-evora.pt\/wp-content\/uploads\/2022\/05\/JogosTradicionais-logo-Cores2-1536x458.jpg 1536w, https:\/\/www.cm-evora.pt\/wp-content\/uploads\/2022\/05\/JogosTradicionais-logo-Cores2-2048x611.jpg 2048w, https:\/\/www.cm-evora.pt\/wp-content\/uploads\/2022\/05\/JogosTradicionais-logo-Cores2-1320x394.jpg 1320w\" sizes=\"auto, (max-width: 2560px) 100vw, 2560px\" \/><\/a><\/p>\n<p>&nbsp;<\/p>\n<p><strong><span style=\"color: #00ccff\">\u00c9vora JT<\/span><\/strong> \u00e9 uma iniciativa municipal executada pelos servi\u00e7os da Juventude e Desporto da Autarquia. Trata-se de mais uma a\u00e7\u00e3o geral desportiva no \u00e2mbito L\u00fadico e do Jogo.<\/p>\n<p>\u00c9 dinamizada por t\u00e9cnicos da DJD ou pessoas\/coletividades\/Associa\u00e7\u00f5es convidadas pela CME para tal.<\/p>\n<p>&nbsp;<\/p>\n<p><strong><span style=\"color: #00ccff\">\u00c9vora JT<\/span><\/strong> \u00e9 uma iniciativa destinada a promover a a\u00e7\u00e3o pelo jogo, convidando a praticar. \u00c9 ainda uma atividade para divertir e ocupar tempos livres dos participantes atrav\u00e9s do jogo tradicional.<\/p>\n<p>Esta iniciativa poder\u00e1 contribuir para desenvolver atrav\u00e9s da experi\u00eancia dada pela a\u00e7\u00e3o, pensamentos e valoriza\u00e7\u00e3o dos jogos tradicionais.<\/p>\n<p>&nbsp;<\/p>\n<p style=\"text-align: center\"><a href=\"https:\/\/www.cm-evora.pt\/wp-content\/uploads\/2022\/05\/peao.jpg\" target=\"_blank\" rel=\"noopener\"><img loading=\"lazy\" decoding=\"async\" class=\"alignnone wp-image-36226 size-full\" src=\"https:\/\/www.cm-evora.pt\/wp-content\/uploads\/2022\/05\/peao.jpg\" alt=\"\" width=\"424\" height=\"323\" srcset=\"https:\/\/www.cm-evora.pt\/wp-content\/uploads\/2022\/05\/peao.jpg 424w, https:\/\/www.cm-evora.pt\/wp-content\/uploads\/2022\/05\/peao-300x229.jpg 300w\" sizes=\"auto, (max-width: 424px) 100vw, 424px\" \/><\/a><\/p>\n<p>&nbsp;<\/p>\n<p><strong>\u00c9vora JT<\/strong> destina-se a todos, independentemente da idade, crian\u00e7as, jovens, adultos, idosos.<\/p>\n<p>&nbsp;<\/p>\n<p><u>Organiza\u00e7\u00e3o da atividade<\/u>:<\/p>\n<ul>\n<li>Pode decorrer em dias espec\u00edficos, por exemplo durante a semana em hor\u00e1rio e local a definir, por exemplo todas as quartas feiras de maio a outubro, das 10h \u00e0s 12h no jardim p\u00fablico. Ou no Circuito de Manuten\u00e7\u00e3o. Ou no Rossio. Ou em qualquer Freguesia Rural.<\/li>\n<li>Pode decorrer por solicita\u00e7\u00e3o de entidades privadas (ex. Associa\u00e7\u00f5es etc.) ou p\u00fablicas (Juntas de Freguesias, etc.), ou associa\u00e7\u00f5es ou escolas, para uma turma, para um conjunto de alunos, ou outra forma a definir. No \u00e2mbito escolar \u00e9 uma iniciativa adequada a qualquer disciplina, onde se toma conhecimento com alguns jogos, jogando.<\/li>\n<\/ul>\n<p>Para a realiza\u00e7\u00e3o das diversas iniciativas, jardim de natal, jogos tradicionais para as fam\u00edlias, foram adquiridos, e executados jogos na oficina de carpintaria da CME, alguns jogos, que se juntaram a outros jogos existentes na DJD.<\/p>\n<ol>\n<li style=\"list-style-type: none\">\n<ol>\n<li>Malha<\/li>\n<li>Corda para puxar<\/li>\n<li>Petanca<\/li>\n<li>Lan\u00e7ar as Argolas<\/li>\n<li>Andas<\/li>\n<li>Potes na cabe\u00e7a<\/li>\n<li>Corrida de skis<\/li>\n<li>Jogo do burro<\/li>\n<li>Jogo do galo<\/li>\n<li>Cordas para saltar<\/li>\n<li>Bola de aro<\/li>\n<li>Pi\u00e3o<\/li>\n<li>Berlinde<\/li>\n<li>Outros<\/li>\n<\/ol>\n<\/li>\n<\/ol>\n<p>&nbsp;<\/p>\n<p><a href=\"https:\/\/www.cm-evora.pt\/wp-content\/uploads\/2022\/05\/berlinde.jpg\" target=\"_blank\" rel=\"noopener\"><img loading=\"lazy\" decoding=\"async\" class=\"aligncenter wp-image-36228 size-full\" src=\"https:\/\/www.cm-evora.pt\/wp-content\/uploads\/2022\/05\/berlinde.jpg\" alt=\"\" width=\"495\" height=\"271\" srcset=\"https:\/\/www.cm-evora.pt\/wp-content\/uploads\/2022\/05\/berlinde.jpg 495w, https:\/\/www.cm-evora.pt\/wp-content\/uploads\/2022\/05\/berlinde-300x164.jpg 300w\" sizes=\"auto, (max-width: 495px) 100vw, 495px\" \/><\/a><\/p>\n<p>&nbsp;<\/p>\n<p>Existem ainda exemplares de alguns jogos como \u201co aro\u201d e uma mala com jogos tradicionais do norte da Europa oferecidos \u00e0 CME num dos interc\u00e2mbios h\u00e1 mais de uma d\u00e9cada.<\/p>\n<p>&nbsp;<\/p>\n<p style=\"text-align: center\"><a href=\"https:\/\/www.youtube.com\/watch?v=aeNBZQAevG4\" target=\"_blank\" rel=\"noopener\">https:\/\/www.youtube.com\/watch?v=aeNBZQAevG4<\/a><\/p>\n<p><\/p>","protected":false},"excerpt":{"rendered":"<p>&nbsp; \u00c9vora JT \u00e9 uma iniciativa municipal executada pelos servi\u00e7os da Juventude e Desporto da Autarquia. Trata-se de mais uma a\u00e7\u00e3o geral desportiva no \u00e2mbito L\u00fadico e do Jogo. \u00c9 dinamizada por t\u00e9cnicos da DJD ou pessoas\/coletividades\/Associa\u00e7\u00f5es convidadas pela CME para tal. &nbsp; \u00c9vora JT \u00e9 uma iniciativa destinada a promover a a\u00e7\u00e3o pelo jogo, [&hellip;]<\/p>\n","protected":false},"author":45,"featured_media":0,"parent":2490,"menu_order":10,"comment_status":"closed","ping_status":"closed","template":"templates-map\/component-text-layout1.php","meta":{"_acf_changed":false,"footnotes":""},"categories":[],"class_list":["post-35784","page","type-page","status-publish","hentry"],"acf":{"imagens":"","titulo_docs_seccao":"","documentos":[61377]},"_links":{"self":[{"href":"https:\/\/www.cm-evora.pt\/en\/wp-json\/wp\/v2\/pages\/35784","targetHints":{"allow":["GET"]}}],"collection":[{"href":"https:\/\/www.cm-evora.pt\/en\/wp-json\/wp\/v2\/pages"}],"about":[{"href":"https:\/\/www.cm-evora.pt\/en\/wp-json\/wp\/v2\/types\/page"}],"author":[{"embeddable":true,"href":"https:\/\/www.cm-evora.pt\/en\/wp-json\/wp\/v2\/users\/45"}],"replies":[{"embeddable":true,"href":"https:\/\/www.cm-evora.pt\/en\/wp-json\/wp\/v2\/comments?post=35784"}],"version-history":[{"count":11,"href":"https:\/\/www.cm-evora.pt\/en\/wp-json\/wp\/v2\/pages\/35784\/revisions"}],"predecessor-version":[{"id":79139,"href":"https:\/\/www.cm-evora.pt\/en\/wp-json\/wp\/v2\/pages\/35784\/revisions\/79139"}],"up":[{"embeddable":true,"href":"https:\/\/www.cm-evora.pt\/en\/wp-json\/wp\/v2\/pages\/2490"}],"acf:post":[{"embeddable":true,"href":"https:\/\/www.cm-evora.pt\/en\/wp-json\/wp\/v2\/listas_ficheiros\/61377"}],"wp:attachment":[{"href":"https:\/\/www.cm-evora.pt\/en\/wp-json\/wp\/v2\/media?parent=35784"}],"wp:term":[{"taxonomy":"category","embeddable":true,"href":"https:\/\/www.cm-evora.pt\/en\/wp-json\/wp\/v2\/categories?post=35784"}],"curies":[{"name":"wp","href":"https:\/\/api.w.org\/{rel}","templated":true}]}}