{"id":36113,"date":"2022-05-27T08:32:01","date_gmt":"2022-05-27T07:32:01","guid":{"rendered":"https:\/\/www.cm-evora.pt\/?page_id=36113"},"modified":"2022-08-04T09:16:32","modified_gmt":"2022-08-04T08:16:32","slug":"plano-municipal-igualdade-genero-e-nao-discriminacao-pmignd","status":"archive","type":"page","link":"https:\/\/www.cm-evora.pt\/en\/municipe\/areas-de-acao\/acao-social\/plano-municipal-igualdade-genero-e-nao-discriminacao-pmignd\/","title":{"rendered":"(Portugu\u00eas) Archived: Plano Municipal Igualdade G\u00e9nero e N\u00e3o Discrimina\u00e7\u00e3o (PMIGND)"},"content":{"rendered":"<p class=\"qtranxs-available-languages-message qtranxs-available-languages-message-en\">Sorry, this entry is only available in <a href=\"https:\/\/www.cm-evora.pt\/pt\/wp-json\/wp\/v2\/pages\/36113\" class=\"qtranxs-available-language-link qtranxs-available-language-link-pt\" title=\"Portugu\u00eas\">Portugu\u00eas<\/a>.<\/p><p>O Plano Municipal Igualdade G\u00e9nero e N\u00e3o Discrimina\u00e7\u00e3o (PMIGND), subordinado ao lema &#8220;Tecer Redes para a igualdade&#8221; tem por base as linhas orientadoras resultantes do diagn\u00f3stico local sobre Igualdade, Viol\u00eancia Dom\u00e9stica, Viol\u00eancia contra Mulheres, Discrimina\u00e7\u00e3o em raz\u00e3o da Orienta\u00e7\u00e3o Sexual, Identidade, Express\u00e3o de G\u00e9nero e Caracter\u00edsticas Sexuais.<\/p>\n<p>Este documento pode ser consultado em anexo e est\u00e1 em ausculta\u00e7\u00e3o p\u00fablica de 27 de maio at\u00e9 3 de junho, devendo as propostas\/coment\u00e1rios ser remetidas para <a href=\"mailto:cme.deis@cm-evora.pt\" target=\"_blank\" rel=\"noopener\">cme.deis@cm-evora.pt<\/a>.<\/p>","protected":false},"excerpt":{"rendered":"<p>Sorry, this entry is only available in Portugu\u00eas.O Plano Municipal Igualdade G\u00e9nero e N\u00e3o Discrimina\u00e7\u00e3o (PMIGND), subordinado ao lema &#8220;Tecer Redes para a igualdade&#8221; tem por base as linhas orientadoras resultantes do diagn\u00f3stico local sobre Igualdade, Viol\u00eancia Dom\u00e9stica, Viol\u00eancia contra Mulheres, Discrimina\u00e7\u00e3o em raz\u00e3o da Orienta\u00e7\u00e3o Sexual, Identidade, Express\u00e3o de G\u00e9nero e Caracter\u00edsticas Sexuais. Este [&hellip;]<\/p>\n","protected":false},"author":45,"featured_media":0,"parent":1488,"menu_order":9,"comment_status":"closed","ping_status":"closed","template":"templates-map\/component-text-layout1.php","meta":{"_acf_changed":false,"footnotes":""},"categories":[],"class_list":["post-36113","page","type-page","status-archive","hentry"],"acf":{"imagens":"","titulo_docs_seccao":"","documentos":[36114]},"_links":{"self":[{"href":"https:\/\/www.cm-evora.pt\/en\/wp-json\/wp\/v2\/pages\/36113","targetHints":{"allow":["GET"]}}],"collection":[{"href":"https:\/\/www.cm-evora.pt\/en\/wp-json\/wp\/v2\/pages"}],"about":[{"href":"https:\/\/www.cm-evora.pt\/en\/wp-json\/wp\/v2\/types\/page"}],"author":[{"embeddable":true,"href":"https:\/\/www.cm-evora.pt\/en\/wp-json\/wp\/v2\/users\/45"}],"replies":[{"embeddable":true,"href":"https:\/\/www.cm-evora.pt\/en\/wp-json\/wp\/v2\/comments?post=36113"}],"version-history":[{"count":5,"href":"https:\/\/www.cm-evora.pt\/en\/wp-json\/wp\/v2\/pages\/36113\/revisions"}],"predecessor-version":[{"id":36121,"href":"https:\/\/www.cm-evora.pt\/en\/wp-json\/wp\/v2\/pages\/36113\/revisions\/36121"}],"up":[{"embeddable":true,"href":"https:\/\/www.cm-evora.pt\/en\/wp-json\/wp\/v2\/pages\/1488"}],"acf:post":[{"embeddable":true,"href":"https:\/\/www.cm-evora.pt\/en\/wp-json\/wp\/v2\/listas_ficheiros\/36114"}],"wp:attachment":[{"href":"https:\/\/www.cm-evora.pt\/en\/wp-json\/wp\/v2\/media?parent=36113"}],"wp:term":[{"taxonomy":"category","embeddable":true,"href":"https:\/\/www.cm-evora.pt\/en\/wp-json\/wp\/v2\/categories?post=36113"}],"curies":[{"name":"wp","href":"https:\/\/api.w.org\/{rel}","templated":true}]}}