{"id":37288,"date":"2022-06-30T10:42:25","date_gmt":"2022-06-30T09:42:25","guid":{"rendered":"https:\/\/www.cm-evora.pt\/?page_id=37288"},"modified":"2024-04-10T10:09:32","modified_gmt":"2024-04-10T09:09:32","slug":"cartao-municipio-solidario","status":"publish","type":"page","link":"https:\/\/www.cm-evora.pt\/en\/municipe\/areas-de-acao\/acao-social\/cartao-municipio-solidario\/","title":{"rendered":"Cart\u00e3o Munic\u00edpio Solid\u00e1rio"},"content":{"rendered":"<p style=\"text-align: center\"><a href=\"https:\/\/www.cm-evora.pt\/wp-content\/uploads\/2022\/11\/CartaoMSolidar1.jpg\" target=\"_blank\" rel=\"noopener\"><img loading=\"lazy\" decoding=\"async\" class=\"alignnone wp-image-42502 size-large\" src=\"https:\/\/www.cm-evora.pt\/wp-content\/uploads\/2022\/11\/CartaoMSolidar1-1024x576.jpg\" alt=\"\" width=\"1024\" height=\"576\" srcset=\"https:\/\/www.cm-evora.pt\/wp-content\/uploads\/2022\/11\/CartaoMSolidar1-1024x576.jpg 1024w, https:\/\/www.cm-evora.pt\/wp-content\/uploads\/2022\/11\/CartaoMSolidar1-300x169.jpg 300w, https:\/\/www.cm-evora.pt\/wp-content\/uploads\/2022\/11\/CartaoMSolidar1-768x432.jpg 768w, https:\/\/www.cm-evora.pt\/wp-content\/uploads\/2022\/11\/CartaoMSolidar1-1536x864.jpg 1536w, https:\/\/www.cm-evora.pt\/wp-content\/uploads\/2022\/11\/CartaoMSolidar1-1320x743.jpg 1320w, https:\/\/www.cm-evora.pt\/wp-content\/uploads\/2022\/11\/CartaoMSolidar1.jpg 1920w\" sizes=\"auto, (max-width: 1024px) 100vw, 1024px\" \/><\/a><\/p>\n<p>&nbsp;<\/p>\n<p style=\"text-align: center\"><a href=\"https:\/\/www.cm-evora.pt\/wp-content\/uploads\/2023\/01\/Regulamento-Cartao-Municipio-Solidario.pdf\" target=\"_blank\" rel=\"noopener\">Regulamento do Cart\u00e3o Munic\u00edpio Solid\u00e1rio<\/a><\/p>\n<p>&nbsp;<\/p>\n<p style=\"text-align: center\"><a href=\"https:\/\/www.cm-evora.pt\/wp-content\/uploads\/2022\/06\/CMS_Aviso-n.o12480.pdf\" target=\"_blank\" rel=\"noopener\">Regulamento do Cart\u00e3o Munic\u00edpio Solid\u00e1rio (Aviso n.\u00ba 12480\/2022)<\/a><\/p>\n<p>&nbsp;<\/p>\n<p style=\"text-align: center\">Pode consultar os Formul\u00e1rios do Cart\u00e3o Munic\u00edpio Solid\u00e1rio <a href=\"https:\/\/www.cm-evora.pt\/balcaoonline\/odfrontend\/publico\/formularios;servicos=16\" target=\"_blank\" rel=\"noopener\">aqui<\/a>.<\/p>\n","protected":false},"excerpt":{"rendered":"<p>&nbsp; Regulamento do Cart\u00e3o Munic\u00edpio Solid\u00e1rio &nbsp; Regulamento do Cart\u00e3o Munic\u00edpio Solid\u00e1rio (Aviso n.\u00ba 12480\/2022) &nbsp; Pode consultar os Formul\u00e1rios do Cart\u00e3o Munic\u00edpio Solid\u00e1rio aqui.<\/p>\n","protected":false},"author":45,"featured_media":0,"parent":1488,"menu_order":1,"comment_status":"closed","ping_status":"closed","template":"templates-map\/component-text-list-layout1.php","meta":{"_acf_changed":false,"footnotes":""},"categories":[],"class_list":["post-37288","page","type-page","status-publish","hentry"],"acf":[],"_links":{"self":[{"href":"https:\/\/www.cm-evora.pt\/en\/wp-json\/wp\/v2\/pages\/37288","targetHints":{"allow":["GET"]}}],"collection":[{"href":"https:\/\/www.cm-evora.pt\/en\/wp-json\/wp\/v2\/pages"}],"about":[{"href":"https:\/\/www.cm-evora.pt\/en\/wp-json\/wp\/v2\/types\/page"}],"author":[{"embeddable":true,"href":"https:\/\/www.cm-evora.pt\/en\/wp-json\/wp\/v2\/users\/45"}],"replies":[{"embeddable":true,"href":"https:\/\/www.cm-evora.pt\/en\/wp-json\/wp\/v2\/comments?post=37288"}],"version-history":[{"count":16,"href":"https:\/\/www.cm-evora.pt\/en\/wp-json\/wp\/v2\/pages\/37288\/revisions"}],"predecessor-version":[{"id":60338,"href":"https:\/\/www.cm-evora.pt\/en\/wp-json\/wp\/v2\/pages\/37288\/revisions\/60338"}],"up":[{"embeddable":true,"href":"https:\/\/www.cm-evora.pt\/en\/wp-json\/wp\/v2\/pages\/1488"}],"wp:attachment":[{"href":"https:\/\/www.cm-evora.pt\/en\/wp-json\/wp\/v2\/media?parent=37288"}],"wp:term":[{"taxonomy":"category","embeddable":true,"href":"https:\/\/www.cm-evora.pt\/en\/wp-json\/wp\/v2\/categories?post=37288"}],"curies":[{"name":"wp","href":"https:\/\/api.w.org\/{rel}","templated":true}]}}