{"id":37577,"date":"2022-07-07T14:41:35","date_gmt":"2022-07-07T13:41:35","guid":{"rendered":"https:\/\/www.cm-evora.pt\/?page_id=37577"},"modified":"2025-09-18T15:22:10","modified_gmt":"2025-09-18T14:22:10","slug":"documentacao","status":"publish","type":"page","link":"https:\/\/www.cm-evora.pt\/en\/municipe\/areas-de-acao\/ambiente\/plano-de-mobilidade-urbana-sustentavel-de-evora-pmuse\/documentacao\/","title":{"rendered":"Documenta\u00e7\u00e3o"},"content":{"rendered":"<h2><\/h2>\n<h2><strong>Volume 1<\/strong><\/h2>\n<ul>\n<li style=\"list-style-type: none\">\n<ul>\n<li>01 \u2013 PE\u00c7AS ESCRITAS\n<ul>\n<li><a href=\"https:\/\/www.cm-evora.pt\/wp-content\/uploads\/2025\/09\/PMUSE_V.I.pdf\" target=\"_blank\" rel=\"noopener\">Caracteriza\u00e7\u00e3o e Diagn\u00f3stico.pdf<\/a><\/li>\n<\/ul>\n<\/li>\n<li>02 \u2013 PE\u00c7AS DESENHADAS\n<ol>\n<li><a href=\"https:\/\/www.cm-evora.pt\/wp-content\/uploads\/2025\/09\/V.I.01.ENQUADRAMENTO-REGIONAL.pdf\" target=\"_blank\" rel=\"noopener\">Enquadramento Regional.pdf<\/a><\/li>\n<li><a href=\"https:\/\/www.cm-evora.pt\/wp-content\/uploads\/2025\/09\/V.I.02.-FORMAS-URBANAS.pdf\" target=\"_blank\" rel=\"noopener\">Formas Urbanas.pdf<\/a><\/li>\n<li><a href=\"https:\/\/www.cm-evora.pt\/wp-content\/uploads\/2025\/09\/V.I.03.-HIERARQUIA-ADMINISTRATIVA-DA-REDE-VIARIA.pdf\" target=\"_blank\" rel=\"noopener\">Hierarquia Administrativa da Rede Vi\u00e1ria.pdf<\/a><\/li>\n<li><a href=\"https:\/\/www.cm-evora.pt\/wp-content\/uploads\/2025\/09\/V.I.04.-HIERARQUIA-FUNCIONAL-DA-REDE-VIARIA.pdf\" target=\"_blank\" rel=\"noopener\">Hierarquia Funcional da Rede Vi\u00e1ria.pdf<\/a><\/li>\n<li><a href=\"https:\/\/www.cm-evora.pt\/wp-content\/uploads\/2025\/09\/V.I.05.-MODOS-SUAVES.pdf\" target=\"_blank\" rel=\"noopener\">Modos Suaves.pdf<\/a><\/li>\n<li><a href=\"https:\/\/www.cm-evora.pt\/wp-content\/uploads\/2025\/09\/V.I.06.-ESTACIONAMENTO-E-LOGISTICA.pdf\" target=\"_blank\" rel=\"noopener\">Estacionamento e Log\u00edstica.pdf<\/a><\/li>\n<li><a href=\"https:\/\/www.cm-evora.pt\/wp-content\/uploads\/2025\/09\/V.I.07.-SINTESE-DA-MOBILIDADE.pdf\" target=\"_blank\" rel=\"noopener\">S\u00edntese da Mobilidade.pdf<\/a><\/li>\n<\/ol>\n<\/li>\n<\/ul>\n<\/li>\n<\/ul>\n<p>&nbsp;<\/p>\n<h2><strong>Volume 2<\/strong><\/h2>\n<ul>\n<li style=\"list-style-type: none\">\n<ul>\n<li>01 \u2013 PE\u00c7AS ESCRITAS\n<ul>\n<li><a href=\"https:\/\/www.cm-evora.pt\/wp-content\/uploads\/2025\/09\/PMUSE_V.II_.pdf\" target=\"_blank\" rel=\"noopener\">Vers\u00e3o Preliminar do Plano.pdf<\/a><\/li>\n<\/ul>\n<\/li>\n<li>02 \u2013 PE\u00c7AS DESENHADAS\n<ol>\n<li><a href=\"https:\/\/www.cm-evora.pt\/wp-content\/uploads\/2025\/09\/V.II_.01.-A-CIDADE-CAMINHAVEL.pdf\" target=\"_blank\" rel=\"noopener\">A cidade caminh\u00e1vel.pdf<\/a><\/li>\n<li><a href=\"https:\/\/www.cm-evora.pt\/wp-content\/uploads\/2025\/09\/V.II_.02.-A-CIDADE-CICLAVEL.pdf\" target=\"_blank\" rel=\"noopener\">A cidade cicl\u00e1vel.pdf<\/a><\/li>\n<li><a href=\"https:\/\/www.cm-evora.pt\/wp-content\/uploads\/2025\/09\/V.II_.03.-A-PROMOCAO-DOS-TRANSPORTES-PUBLICOS-E-A-INTEGRACAO-DOS-MODOS.pdf\" target=\"_blank\" rel=\"noopener\">A promo\u00e7\u00e3o dos transportes p\u00fablicos e a integra\u00e7\u00e3o dos modos.pdf<\/a><\/li>\n<li><a href=\"https:\/\/www.cm-evora.pt\/wp-content\/uploads\/2025\/09\/V.II_.04.-A-OTIMIZACAO-DO-SISTEMA-VIARIO.pdf\" target=\"_blank\" rel=\"noopener\">A otimiza\u00e7\u00e3o do sistema vi\u00e1rio.pdf<\/a><\/li>\n<li><a href=\"https:\/\/www.cm-evora.pt\/wp-content\/uploads\/2025\/09\/V.II_.05.-A-GESTAO-DE-ESTACIONAMENTO-E-A-LOGISTICA-URBANA.pdf\" target=\"_blank\" rel=\"noopener\">A gest\u00e3o do estacionamento e a log\u00edstica urbana.pdf<\/a><\/li>\n<li><a href=\"https:\/\/www.cm-evora.pt\/wp-content\/uploads\/2025\/09\/V.II_.06.-SINTESE-DE-PROPOSTAS.pdf\" target=\"_blank\" rel=\"noopener\">S\u00edntese de propostas.pdf<\/a><\/li>\n<\/ol>\n<\/li>\n<\/ul>\n<\/li>\n<\/ul>\n<p>&nbsp;<\/p>\n","protected":false},"excerpt":{"rendered":"<p>Volume 1 01 \u2013 PE\u00c7AS ESCRITAS Caracteriza\u00e7\u00e3o e Diagn\u00f3stico.pdf 02 \u2013 PE\u00c7AS DESENHADAS Enquadramento Regional.pdf Formas Urbanas.pdf Hierarquia Administrativa da Rede Vi\u00e1ria.pdf Hierarquia Funcional da Rede Vi\u00e1ria.pdf Modos Suaves.pdf Estacionamento e Log\u00edstica.pdf S\u00edntese da Mobilidade.pdf &nbsp; Volume 2 01 \u2013 PE\u00c7AS ESCRITAS Vers\u00e3o Preliminar do Plano.pdf 02 \u2013 PE\u00c7AS DESENHADAS A cidade caminh\u00e1vel.pdf A cidade [&hellip;]<\/p>\n","protected":false},"author":45,"featured_media":0,"parent":16376,"menu_order":7,"comment_status":"closed","ping_status":"closed","template":"templates-map\/component-text-layout1.php","meta":{"_acf_changed":false,"footnotes":""},"categories":[],"class_list":["post-37577","page","type-page","status-publish","hentry"],"acf":{"imagens":"","titulo_docs_seccao":"","documentos":[38291]},"_links":{"self":[{"href":"https:\/\/www.cm-evora.pt\/en\/wp-json\/wp\/v2\/pages\/37577","targetHints":{"allow":["GET"]}}],"collection":[{"href":"https:\/\/www.cm-evora.pt\/en\/wp-json\/wp\/v2\/pages"}],"about":[{"href":"https:\/\/www.cm-evora.pt\/en\/wp-json\/wp\/v2\/types\/page"}],"author":[{"embeddable":true,"href":"https:\/\/www.cm-evora.pt\/en\/wp-json\/wp\/v2\/users\/45"}],"replies":[{"embeddable":true,"href":"https:\/\/www.cm-evora.pt\/en\/wp-json\/wp\/v2\/comments?post=37577"}],"version-history":[{"count":16,"href":"https:\/\/www.cm-evora.pt\/en\/wp-json\/wp\/v2\/pages\/37577\/revisions"}],"predecessor-version":[{"id":77891,"href":"https:\/\/www.cm-evora.pt\/en\/wp-json\/wp\/v2\/pages\/37577\/revisions\/77891"}],"up":[{"embeddable":true,"href":"https:\/\/www.cm-evora.pt\/en\/wp-json\/wp\/v2\/pages\/16376"}],"acf:post":[{"embeddable":true,"href":"https:\/\/www.cm-evora.pt\/en\/wp-json\/wp\/v2\/listas_ficheiros\/38291"}],"wp:attachment":[{"href":"https:\/\/www.cm-evora.pt\/en\/wp-json\/wp\/v2\/media?parent=37577"}],"wp:term":[{"taxonomy":"category","embeddable":true,"href":"https:\/\/www.cm-evora.pt\/en\/wp-json\/wp\/v2\/categories?post=37577"}],"curies":[{"name":"wp","href":"https:\/\/api.w.org\/{rel}","templated":true}]}}