{"id":37602,"date":"2022-07-07T17:48:18","date_gmt":"2022-07-07T16:48:18","guid":{"rendered":"https:\/\/www.cm-evora.pt\/?page_id=37602"},"modified":"2022-09-07T16:09:19","modified_gmt":"2022-09-07T15:09:19","slug":"inscricao-na-sessao-do-plano-de-mobilidade-urbana-sustentavel-de-evora","status":"publish","type":"page","link":"https:\/\/www.cm-evora.pt\/en\/inscricao-na-sessao-do-plano-de-mobilidade-urbana-sustentavel-de-evora\/","title":{"rendered":"&#8212; copia"},"content":{"rendered":"<p class=\"qtranxs-available-languages-message qtranxs-available-languages-message-en\">Sorry, this entry is only available in <a href=\"https:\/\/www.cm-evora.pt\/pt\/wp-json\/wp\/v2\/pages\/37602\" class=\"qtranxs-available-language-link qtranxs-available-language-link-pt\" title=\"Portugu\u00eas\">Portugu\u00eas<\/a>.<\/p><p>PLANO DE MOBILIDADE URBANA SUSTENT\u00c1VEL DA CIDADE DE \u00c9VORA<br \/>\n<strong>DISCUS\u00c3O P\u00daBLICA \u2013 CONCLUS\u00c3O DA FASE II (Vers\u00e3o preliminar do plano)<\/strong><\/p>\n<p>Consciente da import\u00e2ncia de auscultar os cidad\u00e3os e apostar em novas metodologias de democracia participativa, o Munic\u00edpio de \u00c9vora, no \u00e2mbito da Conclus\u00e3o da Fase II do Plano de Mobilidade Urbana Sustent\u00e1vel da Cidade de \u00c9vora (PMUS\u00c9), ir\u00e1 realizar mais uma etapa de discuss\u00e3o p\u00fablica, na qual os eborenses s\u00e3o convidados a apresentar os seus contributos para a melhoria do futuro da sua cidade.<\/p>\n<p>Data: <strong>13 de Setembro de 2022<\/strong><br \/>\nHora: <strong>18h00<\/strong><br \/>\nLocal: <strong>Sal\u00e3o Nobre do Edif\u00edcio dos Pa\u00e7os do Concelho<\/strong><\/p>","protected":false},"excerpt":{"rendered":"<p>Sorry, this entry is only available in Portugu\u00eas.PLANO DE MOBILIDADE URBANA SUSTENT\u00c1VEL DA CIDADE DE \u00c9VORA DISCUS\u00c3O P\u00daBLICA \u2013 CONCLUS\u00c3O DA FASE II (Vers\u00e3o preliminar do plano) Consciente da import\u00e2ncia de auscultar os cidad\u00e3os e apostar em novas metodologias de democracia participativa, o Munic\u00edpio de \u00c9vora, no \u00e2mbito da Conclus\u00e3o da Fase II do Plano [&hellip;]<\/p>\n","protected":false},"author":42,"featured_media":0,"parent":0,"menu_order":0,"comment_status":"closed","ping_status":"closed","template":"templates-map\/component-form-layout1.php","meta":{"_acf_changed":false,"footnotes":""},"categories":[],"class_list":["post-37602","page","type-page","status-publish","hentry"],"acf":[],"_links":{"self":[{"href":"https:\/\/www.cm-evora.pt\/en\/wp-json\/wp\/v2\/pages\/37602","targetHints":{"allow":["GET"]}}],"collection":[{"href":"https:\/\/www.cm-evora.pt\/en\/wp-json\/wp\/v2\/pages"}],"about":[{"href":"https:\/\/www.cm-evora.pt\/en\/wp-json\/wp\/v2\/types\/page"}],"author":[{"embeddable":true,"href":"https:\/\/www.cm-evora.pt\/en\/wp-json\/wp\/v2\/users\/42"}],"replies":[{"embeddable":true,"href":"https:\/\/www.cm-evora.pt\/en\/wp-json\/wp\/v2\/comments?post=37602"}],"version-history":[{"count":5,"href":"https:\/\/www.cm-evora.pt\/en\/wp-json\/wp\/v2\/pages\/37602\/revisions"}],"predecessor-version":[{"id":40198,"href":"https:\/\/www.cm-evora.pt\/en\/wp-json\/wp\/v2\/pages\/37602\/revisions\/40198"}],"wp:attachment":[{"href":"https:\/\/www.cm-evora.pt\/en\/wp-json\/wp\/v2\/media?parent=37602"}],"wp:term":[{"taxonomy":"category","embeddable":true,"href":"https:\/\/www.cm-evora.pt\/en\/wp-json\/wp\/v2\/categories?post=37602"}],"curies":[{"name":"wp","href":"https:\/\/api.w.org\/{rel}","templated":true}]}}