{"id":38931,"date":"2022-08-03T15:11:26","date_gmt":"2022-08-03T14:11:26","guid":{"rendered":"https:\/\/www.cm-evora.pt\/?page_id=38931"},"modified":"2022-11-23T14:18:21","modified_gmt":"2022-11-23T14:18:21","slug":"violencia-contra-as-mulheres-e-violencia-domestica","status":"publish","type":"page","link":"https:\/\/www.cm-evora.pt\/en\/municipe\/projetos-municipais\/igualdade-de-genero-e-nao-discriminacao\/violencia-contra-as-mulheres-e-violencia-domestica\/","title":{"rendered":"(Portugu\u00eas) Viol\u00eancia Contra as Mulheres e Viol\u00eancia Dom\u00e9stica"},"content":{"rendered":"<p class=\"qtranxs-available-languages-message qtranxs-available-languages-message-en\">Sorry, this entry is only available in <a href=\"https:\/\/www.cm-evora.pt\/pt\/wp-json\/wp\/v2\/pages\/38931\" class=\"qtranxs-available-language-link qtranxs-available-language-link-pt\" title=\"Portugu\u00eas\">Portugu\u00eas<\/a>.<\/p><p>A viol\u00eancia \u00e9 todo ato que resulte em morte ou les\u00e3o f\u00edsica, sexual ou psicol\u00f3gica de mulheres e homens, tanto na esfera p\u00fablica quanto na privada. \u00c9 importante conhecer os v\u00e1rios tipos de viol\u00eancia e <strong>DENUNCIAR<\/strong>.<\/p>\n<p>&nbsp;<\/p>\n<h2><strong>TIPOS DE VIOL\u00caNCIA<\/strong><\/h2>\n<p><strong>Viol\u00eancia Emocional<\/strong>: qualquer comportamento do(a) companheiro(a) que visa fazer o outro sentir medo ou in\u00fatil. Usualmente inclui comportamentos como:<\/p>\n<ul>\n<li style=\"list-style-type: none\">\n<ul>\n<li>amea\u00e7ar os filhos;<\/li>\n<li>magoar os animais de estima\u00e7\u00e3o;<\/li>\n<li>humilhar o outro na presen\u00e7a de amigos, familiares ou em p\u00fablico;<\/li>\n<li>entre outros.<\/li>\n<\/ul>\n<\/li>\n<\/ul>\n<p>&nbsp;<\/p>\n<p><strong>Viol\u00eancia Social<\/strong>: qualquer comportamento que intenta controlar a vida social do(a) companheiro(a), atrav\u00e9s de, por exemplo:<\/p>\n<ul>\n<li style=\"list-style-type: none\">\n<ul>\n<li>impedir que este(a) visite familiares ou amigos,<\/li>\n<li>cortar o telefone ou controlar as chamadas e as contas telef\u00f3nicas,<\/li>\n<li>trancar o outro em casa.<\/li>\n<\/ul>\n<\/li>\n<\/ul>\n<p>&nbsp;<\/p>\n<p><strong>Viol\u00eancia F\u00edsica<\/strong>: qualquer forma de viol\u00eancia f\u00edsica que um agressor(a) inflige ao companheiro(a). Pode traduzir-se em comportamentos como:<\/p>\n<ul>\n<li style=\"list-style-type: none\">\n<ul>\n<li>esmurrar,<\/li>\n<li>pontapear,<\/li>\n<li>estrangular,<\/li>\n<li>queimar,<\/li>\n<li>induzir ou impedir que o(a) companheiro(a) obtenha medica\u00e7\u00e3o ou tratamentos.<\/li>\n<\/ul>\n<\/li>\n<\/ul>\n<p>&nbsp;<\/p>\n<p><strong>Viol\u00eancia Sexual<\/strong>: qualquer comportamento em que o(a) companheiro(a) for\u00e7a o outro a protagonizar atos sexuais que n\u00e3o deseja. Alguns exemplos:<\/p>\n<ul>\n<li style=\"list-style-type: none\">\n<ul>\n<li>pressionar ou for\u00e7ar o companheiro para ter rela\u00e7\u00f5es sexuais quando este n\u00e3o quer;<\/li>\n<li>pressionar, for\u00e7ar ou tentar que o(a) companheiro(a) mantenha rela\u00e7\u00f5es sexuais desprotegidas;<\/li>\n<li>for\u00e7ar o outro a ter rela\u00e7\u00f5es com outras pessoas.<\/li>\n<\/ul>\n<\/li>\n<\/ul>\n<p>&nbsp;<\/p>\n<p><strong>Viol\u00eancia Financeira<\/strong>: qualquer comportamento que intente controlar o dinheiro do(a) companheiro(a) sem que este o deseje. Alguns destes comportamentos podem ser:<\/p>\n<ul>\n<li style=\"list-style-type: none\">\n<ul>\n<li>controlar o ordenado do outro;<\/li>\n<li>recusar dar dinheiro ao outro ou for\u00e7\u00e1-lo a justificar qualquer gasto;<\/li>\n<li>amea\u00e7ar retirar o apoio financeiro como forma de controlo.<\/li>\n<\/ul>\n<\/li>\n<\/ul>\n<p>&nbsp;<\/p>\n<p><strong>Persegui\u00e7\u00e3o<\/strong>: qualquer comportamento que visa intimidar ou atemorizar o outro. Por exemplo:<\/p>\n<ul>\n<li style=\"list-style-type: none\">\n<ul>\n<li>seguir o(a) companheiro(a) para o seu local de trabalho ou quando este(a) sai sozinho(a);<\/li>\n<li>controlar constantemente os movimentos do outro, quer esteja ou n\u00e3o em casa.<\/li>\n<\/ul>\n<\/li>\n<\/ul>\n<p>&nbsp;<\/p>\n<p style=\"text-align: center\"><strong>ONDE ME DIRIJO SE ESTIVER A SER V\u00cdTIMA OU<\/strong><\/p>\n<p style=\"text-align: center\"><strong>SE TIVER CONHECIMENTO DE QUE ALGU\u00c9M EST\u00c1 A<\/strong><\/p>\n<p style=\"text-align: center\"><strong>SER V\u00cdTIMA DE VIOL\u00caNCIA DOM\u00c9STICA?<\/strong><\/p>\n<p style=\"text-align: center\">\n<p><a href=\"https:\/\/www.cm-evora.pt\/wp-content\/uploads\/2022\/11\/cartaz-violencia-1-scaled.jpg\"><img loading=\"lazy\" decoding=\"async\" class=\"alignnone size-full wp-image-43031\" src=\"https:\/\/www.cm-evora.pt\/wp-content\/uploads\/2022\/11\/cartaz-violencia-1-scaled.jpg\" alt=\"\" width=\"1810\" height=\"2560\" srcset=\"https:\/\/www.cm-evora.pt\/wp-content\/uploads\/2022\/11\/cartaz-violencia-1-scaled.jpg 1810w, https:\/\/www.cm-evora.pt\/wp-content\/uploads\/2022\/11\/cartaz-violencia-1-212x300.jpg 212w, https:\/\/www.cm-evora.pt\/wp-content\/uploads\/2022\/11\/cartaz-violencia-1-724x1024.jpg 724w, https:\/\/www.cm-evora.pt\/wp-content\/uploads\/2022\/11\/cartaz-violencia-1-768x1086.jpg 768w, https:\/\/www.cm-evora.pt\/wp-content\/uploads\/2022\/11\/cartaz-violencia-1-1086x1536.jpg 1086w, https:\/\/www.cm-evora.pt\/wp-content\/uploads\/2022\/11\/cartaz-violencia-1-1448x2048.jpg 1448w, https:\/\/www.cm-evora.pt\/wp-content\/uploads\/2022\/11\/cartaz-violencia-1-1320x1867.jpg 1320w\" sizes=\"auto, (max-width: 1810px) 100vw, 1810px\" \/><\/a><\/p>\n<p style=\"text-align: center\">\n<p><\/p>","protected":false},"excerpt":{"rendered":"<p>Sorry, this entry is only available in Portugu\u00eas.A viol\u00eancia \u00e9 todo ato que resulte em morte ou les\u00e3o f\u00edsica, sexual ou psicol\u00f3gica de mulheres e homens, tanto na esfera p\u00fablica quanto na privada. \u00c9 importante conhecer os v\u00e1rios tipos de viol\u00eancia e DENUNCIAR. &nbsp; TIPOS DE VIOL\u00caNCIA Viol\u00eancia Emocional: qualquer comportamento do(a) companheiro(a) que visa [&hellip;]<\/p>\n","protected":false},"author":45,"featured_media":0,"parent":38861,"menu_order":5,"comment_status":"closed","ping_status":"closed","template":"templates-map\/component-text-layout1.php","meta":{"_acf_changed":false,"footnotes":""},"categories":[],"class_list":["post-38931","page","type-page","status-publish","hentry"],"acf":{"imagens":"","titulo_docs_seccao":"","documentos":""},"_links":{"self":[{"href":"https:\/\/www.cm-evora.pt\/en\/wp-json\/wp\/v2\/pages\/38931","targetHints":{"allow":["GET"]}}],"collection":[{"href":"https:\/\/www.cm-evora.pt\/en\/wp-json\/wp\/v2\/pages"}],"about":[{"href":"https:\/\/www.cm-evora.pt\/en\/wp-json\/wp\/v2\/types\/page"}],"author":[{"embeddable":true,"href":"https:\/\/www.cm-evora.pt\/en\/wp-json\/wp\/v2\/users\/45"}],"replies":[{"embeddable":true,"href":"https:\/\/www.cm-evora.pt\/en\/wp-json\/wp\/v2\/comments?post=38931"}],"version-history":[{"count":7,"href":"https:\/\/www.cm-evora.pt\/en\/wp-json\/wp\/v2\/pages\/38931\/revisions"}],"predecessor-version":[{"id":43032,"href":"https:\/\/www.cm-evora.pt\/en\/wp-json\/wp\/v2\/pages\/38931\/revisions\/43032"}],"up":[{"embeddable":true,"href":"https:\/\/www.cm-evora.pt\/en\/wp-json\/wp\/v2\/pages\/38861"}],"wp:attachment":[{"href":"https:\/\/www.cm-evora.pt\/en\/wp-json\/wp\/v2\/media?parent=38931"}],"wp:term":[{"taxonomy":"category","embeddable":true,"href":"https:\/\/www.cm-evora.pt\/en\/wp-json\/wp\/v2\/categories?post=38931"}],"curies":[{"name":"wp","href":"https:\/\/api.w.org\/{rel}","templated":true}]}}