{"id":39245,"date":"2022-08-09T16:00:40","date_gmt":"2022-08-09T15:00:40","guid":{"rendered":"https:\/\/www.cm-evora.pt\/?page_id=39245"},"modified":"2023-08-01T10:55:58","modified_gmt":"2023-08-01T09:55:58","slug":"atividades-de-enriquecimento-curricular-2022-2023","status":"archive","type":"page","link":"https:\/\/www.cm-evora.pt\/en\/municipe\/camara-municipal\/recursos-humanos\/recrutamento\/atividades-de-enriquecimento-curricular-2022-2023\/","title":{"rendered":"Archived: Atividades de Enriquecimento Curricular 2022\/2023"},"content":{"rendered":"<p style=\"text-align: center\"><a href=\"https:\/\/www.cm-evora.pt\/wp-content\/uploads\/2020\/07\/aecs.jpg\"><img loading=\"lazy\" decoding=\"async\" class=\"alignnone size-full wp-image-14538\" src=\"https:\/\/www.cm-evora.pt\/wp-content\/uploads\/2020\/07\/aecs.jpg\" alt=\"\" width=\"639\" height=\"362\" srcset=\"https:\/\/www.cm-evora.pt\/wp-content\/uploads\/2020\/07\/aecs.jpg 639w, https:\/\/www.cm-evora.pt\/wp-content\/uploads\/2020\/07\/aecs-300x170.jpg 300w\" sizes=\"auto, (max-width: 639px) 100vw, 639px\" \/><\/a><\/p>\n<h3 style=\"text-align: center\"><strong>PROCEDIMENTO CONCURSAL ATIVIDADES DE ENRIQUECIMENTO CURRICULAR (AECS) 2022\/2023<\/strong><\/h3>\n<p>&nbsp;<\/p>\n<p>Procedimento concursal para contrata\u00e7\u00e3o por tempo determinado, de t\u00e9cnicos para desenvolvimento das Atividades de Enriquecimento Curricular ano letivo de 2022\/2023.<\/p>\n","protected":false},"excerpt":{"rendered":"<p>PROCEDIMENTO CONCURSAL ATIVIDADES DE ENRIQUECIMENTO CURRICULAR (AECS) 2022\/2023 &nbsp; Procedimento concursal para contrata\u00e7\u00e3o por tempo determinado, de t\u00e9cnicos para desenvolvimento das Atividades de Enriquecimento Curricular ano letivo de 2022\/2023.<\/p>\n","protected":false},"author":45,"featured_media":0,"parent":22665,"menu_order":4,"comment_status":"closed","ping_status":"closed","template":"templates-map\/component-text-list-layout1.php","meta":{"_acf_changed":false,"footnotes":""},"categories":[],"class_list":["post-39245","page","type-page","status-archive","hentry"],"acf":[],"_links":{"self":[{"href":"https:\/\/www.cm-evora.pt\/en\/wp-json\/wp\/v2\/pages\/39245","targetHints":{"allow":["GET"]}}],"collection":[{"href":"https:\/\/www.cm-evora.pt\/en\/wp-json\/wp\/v2\/pages"}],"about":[{"href":"https:\/\/www.cm-evora.pt\/en\/wp-json\/wp\/v2\/types\/page"}],"author":[{"embeddable":true,"href":"https:\/\/www.cm-evora.pt\/en\/wp-json\/wp\/v2\/users\/45"}],"replies":[{"embeddable":true,"href":"https:\/\/www.cm-evora.pt\/en\/wp-json\/wp\/v2\/comments?post=39245"}],"version-history":[{"count":14,"href":"https:\/\/www.cm-evora.pt\/en\/wp-json\/wp\/v2\/pages\/39245\/revisions"}],"predecessor-version":[{"id":47110,"href":"https:\/\/www.cm-evora.pt\/en\/wp-json\/wp\/v2\/pages\/39245\/revisions\/47110"}],"up":[{"embeddable":true,"href":"https:\/\/www.cm-evora.pt\/en\/wp-json\/wp\/v2\/pages\/22665"}],"wp:attachment":[{"href":"https:\/\/www.cm-evora.pt\/en\/wp-json\/wp\/v2\/media?parent=39245"}],"wp:term":[{"taxonomy":"category","embeddable":true,"href":"https:\/\/www.cm-evora.pt\/en\/wp-json\/wp\/v2\/categories?post=39245"}],"curies":[{"name":"wp","href":"https:\/\/api.w.org\/{rel}","templated":true}]}}