{"id":42220,"date":"2022-11-04T14:22:00","date_gmt":"2022-11-04T14:22:00","guid":{"rendered":"https:\/\/www.cm-evora.pt\/?page_id=42220"},"modified":"2022-11-04T15:07:17","modified_gmt":"2022-11-04T15:07:17","slug":"inscricao-encontro-o-direito-a-cidade-especificidades-dos-centros-historicos-patrimonio-mundial","status":"publish","type":"page","link":"https:\/\/www.cm-evora.pt\/en\/inscricao-encontro-o-direito-a-cidade-especificidades-dos-centros-historicos-patrimonio-mundial\/","title":{"rendered":"(Portugu\u00eas) Inscri\u00e7\u00e3o Encontro \u201cO Direito \u00e0 Cidade: Especificidades dos Centros Hist\u00f3ricos Patrim\u00f3nio Mundial\u201d"},"content":{"rendered":"<p class=\"qtranxs-available-languages-message qtranxs-available-languages-message-en\">Sorry, this entry is only available in <a href=\"https:\/\/www.cm-evora.pt\/pt\/wp-json\/wp\/v2\/pages\/42220\" class=\"qtranxs-available-language-link qtranxs-available-language-link-pt\" title=\"Portugu\u00eas\">Portugu\u00eas<\/a>.<\/p><p><\/p>\n<p style=\"text-align: center\"><a href=\"https:\/\/www.cm-evora.pt\/wp-content\/uploads\/2022\/11\/O_Direito_cidadde_banner1_1920.jpg\"><img loading=\"lazy\" decoding=\"async\" class=\"alignnone size-full wp-image-42227\" src=\"https:\/\/www.cm-evora.pt\/wp-content\/uploads\/2022\/11\/O_Direito_cidadde_banner1_1920.jpg\" alt=\"\" width=\"1920\" height=\"1074\" srcset=\"https:\/\/www.cm-evora.pt\/wp-content\/uploads\/2022\/11\/O_Direito_cidadde_banner1_1920.jpg 1920w, https:\/\/www.cm-evora.pt\/wp-content\/uploads\/2022\/11\/O_Direito_cidadde_banner1_1920-300x168.jpg 300w, https:\/\/www.cm-evora.pt\/wp-content\/uploads\/2022\/11\/O_Direito_cidadde_banner1_1920-1024x573.jpg 1024w, https:\/\/www.cm-evora.pt\/wp-content\/uploads\/2022\/11\/O_Direito_cidadde_banner1_1920-768x430.jpg 768w, https:\/\/www.cm-evora.pt\/wp-content\/uploads\/2022\/11\/O_Direito_cidadde_banner1_1920-1536x859.jpg 1536w, https:\/\/www.cm-evora.pt\/wp-content\/uploads\/2022\/11\/O_Direito_cidadde_banner1_1920-1320x738.jpg 1320w\" sizes=\"auto, (max-width: 1920px) 100vw, 1920px\" \/><\/a><\/p>\n<p>Valores culturais, patrimoniais e identit\u00e1rios, os Centros Hist\u00f3ricos Patrim\u00f3nio Mundial viram refor\u00e7ada a import\u00e2ncia do seu valor econ\u00f3mico com o crescimento dos fluxos tur\u00edsticos e a gentrifica\u00e7\u00e3o, comprometendo a fun\u00e7\u00e3o habitacional e a salvaguarda dos direitos dos seus habitantes. Imp\u00f5e-se antecipar e resolver estes problemas antes que eles se venham a revelar fatais para estes territ\u00f3rios como cidades vivas que devem ser, mobilizando as entidades p\u00fablicas cuja interven\u00e7\u00e3o tem que se tornar real e crescer, em conson\u00e2ncia com a participa\u00e7\u00e3o e vontade dos seus habitantes.<\/p>\n<p><span style=\"text-decoration: underline\">Data<\/span>: 25 de novembro de 2022<\/p>\n<p><span style=\"text-decoration: underline\">Hora<\/span>: 09h30 &#8211; 18h30<\/p>\n<p><span style=\"text-decoration: underline\">Local<\/span>: Pal\u00e1cio Dom Manuel<\/p>","protected":false},"excerpt":{"rendered":"<p>Sorry, this entry is only available in Portugu\u00eas. Valores culturais, patrimoniais e identit\u00e1rios, os Centros Hist\u00f3ricos Patrim\u00f3nio Mundial viram refor\u00e7ada a import\u00e2ncia do seu valor econ\u00f3mico com o crescimento dos fluxos tur\u00edsticos e a gentrifica\u00e7\u00e3o, comprometendo a fun\u00e7\u00e3o habitacional e a salvaguarda dos direitos dos seus habitantes. Imp\u00f5e-se antecipar e resolver estes problemas antes que [&hellip;]<\/p>\n","protected":false},"author":45,"featured_media":0,"parent":0,"menu_order":0,"comment_status":"closed","ping_status":"closed","template":"templates-map\/component-form-layout1.php","meta":{"_acf_changed":false,"footnotes":""},"categories":[],"class_list":["post-42220","page","type-page","status-publish","hentry"],"acf":[],"_links":{"self":[{"href":"https:\/\/www.cm-evora.pt\/en\/wp-json\/wp\/v2\/pages\/42220","targetHints":{"allow":["GET"]}}],"collection":[{"href":"https:\/\/www.cm-evora.pt\/en\/wp-json\/wp\/v2\/pages"}],"about":[{"href":"https:\/\/www.cm-evora.pt\/en\/wp-json\/wp\/v2\/types\/page"}],"author":[{"embeddable":true,"href":"https:\/\/www.cm-evora.pt\/en\/wp-json\/wp\/v2\/users\/45"}],"replies":[{"embeddable":true,"href":"https:\/\/www.cm-evora.pt\/en\/wp-json\/wp\/v2\/comments?post=42220"}],"version-history":[{"count":3,"href":"https:\/\/www.cm-evora.pt\/en\/wp-json\/wp\/v2\/pages\/42220\/revisions"}],"predecessor-version":[{"id":42229,"href":"https:\/\/www.cm-evora.pt\/en\/wp-json\/wp\/v2\/pages\/42220\/revisions\/42229"}],"wp:attachment":[{"href":"https:\/\/www.cm-evora.pt\/en\/wp-json\/wp\/v2\/media?parent=42220"}],"wp:term":[{"taxonomy":"category","embeddable":true,"href":"https:\/\/www.cm-evora.pt\/en\/wp-json\/wp\/v2\/categories?post=42220"}],"curies":[{"name":"wp","href":"https:\/\/api.w.org\/{rel}","templated":true}]}}