{"id":4244,"date":"2020-05-27T09:18:55","date_gmt":"2020-05-27T08:18:55","guid":{"rendered":"https:\/\/evora2.int.skilltech.pt\/susProjects\/wp_evora2_suite\/?page_id=4244"},"modified":"2024-01-03T14:26:07","modified_gmt":"2024-01-03T14:26:07","slug":"redes-de-cooperacao","status":"publish","type":"page","link":"https:\/\/www.cm-evora.pt\/en\/municipe\/evora\/relacoes-internacionais-cooperacao\/redes-de-cooperacao\/","title":{"rendered":"Redes de Coopera\u00e7\u00e3o"},"content":{"rendered":"<p class=\"qtranxs-available-languages-message qtranxs-available-languages-message-en\">Sorry, this entry is only available in <a href=\"https:\/\/www.cm-evora.pt\/pt\/wp-json\/wp\/v2\/pages\/4244\" class=\"qtranxs-available-language-link qtranxs-available-language-link-pt\" title=\"Portugu\u00eas\">Portugu\u00eas<\/a>.<\/p><p><\/p>\n<p style=\"text-align: center\"><a href=\"https:\/\/www.cm-evora.pt\/wp-content\/uploads\/2020\/12\/redes.jpg\" target=\"_blank\" rel=\"noopener noreferrer\"><img loading=\"lazy\" decoding=\"async\" class=\"alignnone wp-image-16452\" src=\"https:\/\/www.cm-evora.pt\/wp-content\/uploads\/2020\/12\/redes.jpg\" alt=\"\" width=\"796\" height=\"451\" srcset=\"https:\/\/www.cm-evora.pt\/wp-content\/uploads\/2020\/12\/redes.jpg 639w, https:\/\/www.cm-evora.pt\/wp-content\/uploads\/2020\/12\/redes-300x170.jpg 300w\" sizes=\"auto, (max-width: 796px) 100vw, 796px\" \/><\/a><\/p>\n<p>A participa\u00e7\u00e3o de \u00c9vora nas diversas redes de coopera\u00e7\u00e3o permite a troca e a partilha de experi\u00eancias e de boas pr\u00e1ticas, identificar desafios e oportunidades comuns e promover o interc\u00e2mbio do conhecimento e de solu\u00e7\u00f5es inovadoras. Tem ainda por objetivos implementar projetos comuns e fortalecer os la\u00e7os de coopera\u00e7\u00e3o entre cidades que partilham os mesmos objetivos de desenvolvimento sustent\u00e1vel, de valoriza\u00e7\u00e3o da cultura e da salvaguarda do legado hist\u00f3rico e patrimonial.<\/p>\n<p><\/p>","protected":false},"excerpt":{"rendered":"<p>Sorry, this entry is only available in Portugu\u00eas. A participa\u00e7\u00e3o de \u00c9vora nas diversas redes de coopera\u00e7\u00e3o permite a troca e a partilha de experi\u00eancias e de boas pr\u00e1ticas, identificar desafios e oportunidades comuns e promover o interc\u00e2mbio do conhecimento e de solu\u00e7\u00f5es inovadoras. Tem ainda por objetivos implementar projetos comuns e fortalecer os la\u00e7os [&hellip;]<\/p>\n","protected":false},"author":1,"featured_media":0,"parent":1418,"menu_order":0,"comment_status":"closed","ping_status":"closed","template":"templates-map\/component-link-list-layout1.php","meta":{"_acf_changed":false,"footnotes":""},"categories":[],"class_list":["post-4244","page","type-page","status-publish","hentry"],"acf":[],"_links":{"self":[{"href":"https:\/\/www.cm-evora.pt\/en\/wp-json\/wp\/v2\/pages\/4244","targetHints":{"allow":["GET"]}}],"collection":[{"href":"https:\/\/www.cm-evora.pt\/en\/wp-json\/wp\/v2\/pages"}],"about":[{"href":"https:\/\/www.cm-evora.pt\/en\/wp-json\/wp\/v2\/types\/page"}],"author":[{"embeddable":true,"href":"https:\/\/www.cm-evora.pt\/en\/wp-json\/wp\/v2\/users\/1"}],"replies":[{"embeddable":true,"href":"https:\/\/www.cm-evora.pt\/en\/wp-json\/wp\/v2\/comments?post=4244"}],"version-history":[{"count":6,"href":"https:\/\/www.cm-evora.pt\/en\/wp-json\/wp\/v2\/pages\/4244\/revisions"}],"predecessor-version":[{"id":56595,"href":"https:\/\/www.cm-evora.pt\/en\/wp-json\/wp\/v2\/pages\/4244\/revisions\/56595"}],"up":[{"embeddable":true,"href":"https:\/\/www.cm-evora.pt\/en\/wp-json\/wp\/v2\/pages\/1418"}],"wp:attachment":[{"href":"https:\/\/www.cm-evora.pt\/en\/wp-json\/wp\/v2\/media?parent=4244"}],"wp:term":[{"taxonomy":"category","embeddable":true,"href":"https:\/\/www.cm-evora.pt\/en\/wp-json\/wp\/v2\/categories?post=4244"}],"curies":[{"name":"wp","href":"https:\/\/api.w.org\/{rel}","templated":true}]}}