{"id":4250,"date":"2020-05-27T09:19:22","date_gmt":"2020-05-27T08:19:22","guid":{"rendered":"https:\/\/evora2.int.skilltech.pt\/susProjects\/wp_evora2_suite\/?page_id=4250"},"modified":"2024-01-03T14:26:29","modified_gmt":"2024-01-03T14:26:29","slug":"geminacoes","status":"publish","type":"page","link":"https:\/\/www.cm-evora.pt\/en\/municipe\/evora\/relacoes-internacionais-cooperacao\/geminacoes\/","title":{"rendered":"Gemina\u00e7\u00f5es"},"content":{"rendered":"<p class=\"qtranxs-available-languages-message qtranxs-available-languages-message-en\">Sorry, this entry is only available in <a href=\"https:\/\/www.cm-evora.pt\/pt\/wp-json\/wp\/v2\/pages\/4250\" class=\"qtranxs-available-language-link qtranxs-available-language-link-pt\" title=\"Portugu\u00eas\">Portugu\u00eas<\/a>.<\/p><p><\/p>\n<p style=\"text-align: center\"><a href=\"https:\/\/www.cm-evora.pt\/wp-content\/uploads\/2020\/12\/geminacao.jpg\" target=\"_blank\" rel=\"noopener noreferrer\"><img loading=\"lazy\" decoding=\"async\" class=\"alignnone wp-image-16454 size-full\" src=\"https:\/\/www.cm-evora.pt\/wp-content\/uploads\/2020\/12\/geminacao.jpg\" alt=\"\" width=\"1180\" height=\"670\" srcset=\"https:\/\/www.cm-evora.pt\/wp-content\/uploads\/2020\/12\/geminacao.jpg 1180w, https:\/\/www.cm-evora.pt\/wp-content\/uploads\/2020\/12\/geminacao-300x170.jpg 300w, https:\/\/www.cm-evora.pt\/wp-content\/uploads\/2020\/12\/geminacao-1024x581.jpg 1024w, https:\/\/www.cm-evora.pt\/wp-content\/uploads\/2020\/12\/geminacao-768x436.jpg 768w\" sizes=\"auto, (max-width: 1180px) 100vw, 1180px\" \/><\/a><\/p>\n<p>\u00c9vora encontra-se geminada com Chartres (Fran\u00e7a) desde 2003, com a Ilha de Mo\u00e7ambique desde 1997, com Angra do Hero\u00edsmo desde 1988 e Suzdal (R\u00fassia) desde 1986. O historial de a\u00e7\u00f5es de gemina\u00e7\u00e3o com as v\u00e1rias cidades \u00e9 muito extenso e rico em experi\u00eancias muito diversificadas.<\/p>\n<p>Cabe ao Munic\u00edpio manter vivo o esp\u00edrito de colabora\u00e7\u00e3o, partilha e amizade que presidiu \u00e0 assinatura dos protocolos de gemina\u00e7\u00e3o atrav\u00e9s da dinamiza\u00e7\u00e3o das rela\u00e7\u00f5es institucionais e da programa\u00e7\u00e3o de atividades a realizar anualmente com as cidades geminadas, para al\u00e9m do apoio que pode prestar \u00e0s atividades desenvolvidas por agentes do concelho.<\/p>\n<p><\/p>","protected":false},"excerpt":{"rendered":"<p>Sorry, this entry is only available in Portugu\u00eas. \u00c9vora encontra-se geminada com Chartres (Fran\u00e7a) desde 2003, com a Ilha de Mo\u00e7ambique desde 1997, com Angra do Hero\u00edsmo desde 1988 e Suzdal (R\u00fassia) desde 1986. O historial de a\u00e7\u00f5es de gemina\u00e7\u00e3o com as v\u00e1rias cidades \u00e9 muito extenso e rico em experi\u00eancias muito diversificadas. Cabe ao [&hellip;]<\/p>\n","protected":false},"author":1,"featured_media":0,"parent":1418,"menu_order":1,"comment_status":"closed","ping_status":"closed","template":"templates-map\/component-contact-list-layout1.php","meta":{"_acf_changed":false,"footnotes":""},"categories":[],"class_list":["post-4250","page","type-page","status-publish","hentry"],"acf":[],"_links":{"self":[{"href":"https:\/\/www.cm-evora.pt\/en\/wp-json\/wp\/v2\/pages\/4250","targetHints":{"allow":["GET"]}}],"collection":[{"href":"https:\/\/www.cm-evora.pt\/en\/wp-json\/wp\/v2\/pages"}],"about":[{"href":"https:\/\/www.cm-evora.pt\/en\/wp-json\/wp\/v2\/types\/page"}],"author":[{"embeddable":true,"href":"https:\/\/www.cm-evora.pt\/en\/wp-json\/wp\/v2\/users\/1"}],"replies":[{"embeddable":true,"href":"https:\/\/www.cm-evora.pt\/en\/wp-json\/wp\/v2\/comments?post=4250"}],"version-history":[{"count":8,"href":"https:\/\/www.cm-evora.pt\/en\/wp-json\/wp\/v2\/pages\/4250\/revisions"}],"predecessor-version":[{"id":56596,"href":"https:\/\/www.cm-evora.pt\/en\/wp-json\/wp\/v2\/pages\/4250\/revisions\/56596"}],"up":[{"embeddable":true,"href":"https:\/\/www.cm-evora.pt\/en\/wp-json\/wp\/v2\/pages\/1418"}],"wp:attachment":[{"href":"https:\/\/www.cm-evora.pt\/en\/wp-json\/wp\/v2\/media?parent=4250"}],"wp:term":[{"taxonomy":"category","embeddable":true,"href":"https:\/\/www.cm-evora.pt\/en\/wp-json\/wp\/v2\/categories?post=4250"}],"curies":[{"name":"wp","href":"https:\/\/api.w.org\/{rel}","templated":true}]}}