{"id":4278,"date":"2020-05-27T09:31:14","date_gmt":"2020-05-27T08:31:14","guid":{"rendered":"https:\/\/evora2.int.skilltech.pt\/susProjects\/wp_evora2_suite\/?page_id=4278"},"modified":"2026-04-07T15:20:31","modified_gmt":"2026-04-07T14:20:31","slug":"evora-patrimonio-mundial-da-unesco","status":"publish","type":"page","link":"https:\/\/www.cm-evora.pt\/en\/municipe\/evora\/patrimonio-da-humanidade\/evora-patrimonio-mundial-da-unesco\/","title":{"rendered":"\u00c9vora Patrim\u00f3nio Mundial da UNESCO"},"content":{"rendered":"<p class=\"qtranxs-available-languages-message qtranxs-available-languages-message-en\">Sorry, this entry is only available in <a href=\"https:\/\/www.cm-evora.pt\/pt\/wp-json\/wp\/v2\/pages\/4278\" class=\"qtranxs-available-language-link qtranxs-available-language-link-pt\" title=\"Portugu\u00eas\">Portugu\u00eas<\/a>.<\/p><p><\/p>\n<p style=\"text-align: center\"><a href=\"https:\/\/www.cm-evora.pt\/wp-content\/uploads\/2020\/12\/DSC_0238-scaled.jpg\" target=\"_blank\" rel=\"noopener\"><img loading=\"lazy\" decoding=\"async\" class=\"alignnone wp-image-16458 size-full\" src=\"https:\/\/www.cm-evora.pt\/wp-content\/uploads\/2020\/12\/DSC_0238-scaled.jpg\" alt=\"\" width=\"2560\" height=\"1737\" srcset=\"https:\/\/www.cm-evora.pt\/wp-content\/uploads\/2020\/12\/DSC_0238-scaled.jpg 2560w, https:\/\/www.cm-evora.pt\/wp-content\/uploads\/2020\/12\/DSC_0238-300x204.jpg 300w, https:\/\/www.cm-evora.pt\/wp-content\/uploads\/2020\/12\/DSC_0238-1024x695.jpg 1024w, https:\/\/www.cm-evora.pt\/wp-content\/uploads\/2020\/12\/DSC_0238-768x521.jpg 768w, https:\/\/www.cm-evora.pt\/wp-content\/uploads\/2020\/12\/DSC_0238-1536x1042.jpg 1536w, https:\/\/www.cm-evora.pt\/wp-content\/uploads\/2020\/12\/DSC_0238-2048x1390.jpg 2048w, https:\/\/www.cm-evora.pt\/wp-content\/uploads\/2020\/12\/DSC_0238-1320x896.jpg 1320w\" sizes=\"auto, (max-width: 2560px) 100vw, 2560px\" \/><\/a><\/p>\n<p>&#8220;\u00c9vora \u00e9 o melhor exemplo de cidade da idade de ouro portuguesa ap\u00f3s o terramoto de Lisboa de 1755&#8221; (IV). &#8220;S\u00f3 a \u200bpaisagem urbana de \u00c9vora permite compreender hoje em dia a influ\u00eancia exercida pela arquitetura portuguesa no Brasil e em s\u00edtios como Salvador da Bahia&#8221; (II).\u200b<\/p>\n<p><strong>Zona inscrita:<\/strong> Centro\u200b Hist\u00f3rico de \u00c9vora | <strong>Ano de Inscri\u00e7\u00e3o:<\/strong> \u200b\u200b1986 | <strong>Popula\u00e7\u00e3o atual:<\/strong> 5\u200b6.519 | <strong>Funda\u00e7\u00e3o:<\/strong> anterior \u00e0 \u00e9poca r\u200bo\u200b\u200bmana | <strong>Justifica\u00e7\u00e3o:<\/strong> Relat\u00f3rio da 10\u00aa sess\u00e3o do Comit\u00e9 | <strong>Ref\u200b.:<\/strong> 361<\/p>","protected":false},"excerpt":{"rendered":"<p>Sorry, this entry is only available in Portugu\u00eas. &#8220;\u00c9vora \u00e9 o melhor exemplo de cidade da idade de ouro portuguesa ap\u00f3s o terramoto de Lisboa de 1755&#8221; (IV). &#8220;S\u00f3 a \u200bpaisagem urbana de \u00c9vora permite compreender hoje em dia a influ\u00eancia exercida pela arquitetura portuguesa no Brasil e em s\u00edtios como Salvador da Bahia&#8221; (II).\u200b [&hellip;]<\/p>\n","protected":false},"author":1,"featured_media":0,"parent":1420,"menu_order":1,"comment_status":"closed","ping_status":"closed","template":"templates-map\/component-text-list-layout2.php","meta":{"_acf_changed":false,"footnotes":""},"categories":[],"class_list":["post-4278","page","type-page","status-publish","hentry"],"acf":[],"_links":{"self":[{"href":"https:\/\/www.cm-evora.pt\/en\/wp-json\/wp\/v2\/pages\/4278","targetHints":{"allow":["GET"]}}],"collection":[{"href":"https:\/\/www.cm-evora.pt\/en\/wp-json\/wp\/v2\/pages"}],"about":[{"href":"https:\/\/www.cm-evora.pt\/en\/wp-json\/wp\/v2\/types\/page"}],"author":[{"embeddable":true,"href":"https:\/\/www.cm-evora.pt\/en\/wp-json\/wp\/v2\/users\/1"}],"replies":[{"embeddable":true,"href":"https:\/\/www.cm-evora.pt\/en\/wp-json\/wp\/v2\/comments?post=4278"}],"version-history":[{"count":21,"href":"https:\/\/www.cm-evora.pt\/en\/wp-json\/wp\/v2\/pages\/4278\/revisions"}],"predecessor-version":[{"id":82823,"href":"https:\/\/www.cm-evora.pt\/en\/wp-json\/wp\/v2\/pages\/4278\/revisions\/82823"}],"up":[{"embeddable":true,"href":"https:\/\/www.cm-evora.pt\/en\/wp-json\/wp\/v2\/pages\/1420"}],"wp:attachment":[{"href":"https:\/\/www.cm-evora.pt\/en\/wp-json\/wp\/v2\/media?parent=4278"}],"wp:term":[{"taxonomy":"category","embeddable":true,"href":"https:\/\/www.cm-evora.pt\/en\/wp-json\/wp\/v2\/categories?post=4278"}],"curies":[{"name":"wp","href":"https:\/\/api.w.org\/{rel}","templated":true}]}}