{"id":44334,"date":"2023-01-06T09:15:17","date_gmt":"2023-01-06T09:15:17","guid":{"rendered":"https:\/\/www.cm-evora.pt\/?page_id=44334"},"modified":"2025-02-03T14:48:03","modified_gmt":"2025-02-03T14:48:03","slug":"o-que-pode-encontrar-no-media-center","status":"publish","type":"page","link":"https:\/\/www.cm-evora.pt\/en\/municipe\/agenda-e-noticias\/media-center\/o-que-pode-encontrar-no-media-center\/","title":{"rendered":"O que pode encontrar no Media Center"},"content":{"rendered":"<p>Aqui pode encontrar informa\u00e7\u00f5es relativas a:<\/p>\n<ul>\n<li style=\"list-style-type: none\">\n<ul>\n<li><a href=\"https:\/\/www.cm-evora.pt\/municipe\/agenda-e-noticias\/media-center\/guia-da-semana\/\" target=\"_blank\" rel=\"noopener\">Guia da Semana<\/a><\/li>\n<li><a href=\"https:\/\/www.cm-evora.pt\/municipe\/agenda-e-noticias\/media-center\/agenda-cultural\/\" target=\"_blank\" rel=\"noopener\">Agenda Cultural<\/a><\/li>\n<li><a href=\"https:\/\/www.cm-evora.pt\/municipe\/agenda-e-noticias\/media-center\/identidade-visual-do-municipio\/\" target=\"_blank\" rel=\"noopener\">Identidade Visual do Munic\u00edpio<\/a><\/li>\n<li><a href=\"https:\/\/www.cm-evora.pt\/municipe\/agenda-e-noticias\/media-center\/magazine-reportagem-video\/\" target=\"_blank\" rel=\"noopener\">Magazine Reportagem V\u00eddeo<\/a><\/li>\n<li><a href=\"https:\/\/www.cm-evora.pt\/municipe\/agenda-e-noticias\/media-center\/newsletter-evora-local\/\" target=\"_blank\" rel=\"noopener\">Newsletter \u201c\u00c9vora Local\u201d<\/a><\/li>\n<li><a href=\"https:\/\/www.cm-evora.pt\/municipe\/agenda-e-noticias\/media-center\/redes-sociais\/\" target=\"_blank\" rel=\"noopener\">Redes Sociais<\/a><\/li>\n<li><a href=\"https:\/\/www.cm-evora.pt\/municipe\/agenda-e-noticias\/media-center\/videos-promocionais\/\" target=\"_blank\" rel=\"noopener\">V\u00eddeos Promocionais<\/a><\/li>\n<\/ul>\n<\/li>\n<\/ul>\n<p>&nbsp;<\/p>\n","protected":false},"excerpt":{"rendered":"<p>Aqui pode encontrar informa\u00e7\u00f5es relativas a: Guia da Semana Agenda Cultural Identidade Visual do Munic\u00edpio Magazine Reportagem V\u00eddeo Newsletter \u201c\u00c9vora Local\u201d Redes Sociais V\u00eddeos Promocionais &nbsp;<\/p>\n","protected":false},"author":45,"featured_media":0,"parent":2750,"menu_order":0,"comment_status":"closed","ping_status":"closed","template":"templates-map\/component-text-layout1.php","meta":{"_acf_changed":false,"footnotes":""},"categories":[],"class_list":["post-44334","page","type-page","status-publish","hentry"],"acf":{"imagens":"","titulo_docs_seccao":"","documentos":""},"_links":{"self":[{"href":"https:\/\/www.cm-evora.pt\/en\/wp-json\/wp\/v2\/pages\/44334","targetHints":{"allow":["GET"]}}],"collection":[{"href":"https:\/\/www.cm-evora.pt\/en\/wp-json\/wp\/v2\/pages"}],"about":[{"href":"https:\/\/www.cm-evora.pt\/en\/wp-json\/wp\/v2\/types\/page"}],"author":[{"embeddable":true,"href":"https:\/\/www.cm-evora.pt\/en\/wp-json\/wp\/v2\/users\/45"}],"replies":[{"embeddable":true,"href":"https:\/\/www.cm-evora.pt\/en\/wp-json\/wp\/v2\/comments?post=44334"}],"version-history":[{"count":8,"href":"https:\/\/www.cm-evora.pt\/en\/wp-json\/wp\/v2\/pages\/44334\/revisions"}],"predecessor-version":[{"id":70832,"href":"https:\/\/www.cm-evora.pt\/en\/wp-json\/wp\/v2\/pages\/44334\/revisions\/70832"}],"up":[{"embeddable":true,"href":"https:\/\/www.cm-evora.pt\/en\/wp-json\/wp\/v2\/pages\/2750"}],"wp:attachment":[{"href":"https:\/\/www.cm-evora.pt\/en\/wp-json\/wp\/v2\/media?parent=44334"}],"wp:term":[{"taxonomy":"category","embeddable":true,"href":"https:\/\/www.cm-evora.pt\/en\/wp-json\/wp\/v2\/categories?post=44334"}],"curies":[{"name":"wp","href":"https:\/\/api.w.org\/{rel}","templated":true}]}}