{"id":44838,"date":"2023-01-23T11:26:17","date_gmt":"2023-01-23T11:26:17","guid":{"rendered":"https:\/\/www.cm-evora.pt\/?page_id=44838"},"modified":"2023-05-17T13:57:37","modified_gmt":"2023-05-17T12:57:37","slug":"o-que-pode-encontrar-nos-equipamentos-desportivos","status":"publish","type":"page","link":"https:\/\/www.cm-evora.pt\/en\/municipe\/equipamentos\/equipamentos-desportivos\/o-que-pode-encontrar-nos-equipamentos-desportivos\/","title":{"rendered":"O que pode encontrar nos Equipamentos Desportivos?"},"content":{"rendered":"<p>Nos Equipamentos Desportivos pode encontrar:<\/p>\n<ul>\n<li style=\"list-style-type: none\">\n<ul>\n<li><a href=\"https:\/\/www.cm-evora.pt\/municipe\/equipamentos\/equipamentos-desportivos\/complexo-desportivo-de-evora\/sobre-o-complexo-desportivo-de-evora\/\" target=\"_blank\" rel=\"noopener\">Complexo Desportivo de \u00c9vora<\/a>,<\/li>\n<li><a href=\"https:\/\/www.cm-evora.pt\/municipe\/equipamentos\/equipamentos-desportivos\/piscinas-municipais\/condicoes-de-utilizacao\/\" target=\"_blank\" rel=\"noopener\">Piscinas Municipais de \u00c9vora,<\/a><\/li>\n<li><a href=\"https:\/\/www.cm-evora.pt\/municipe\/equipamentos\/equipamentos-desportivos\/carta-das-instalacoes-desportivas-do-concelho-de-evora\/\" target=\"_blank\" rel=\"noopener\">Carta das Instala\u00e7\u00f5es Desportivas do Concelho de \u00c9vora<\/a>,<\/li>\n<li><a href=\"https:\/\/www.cm-evora.pt\/municipe\/equipamentos\/equipamentos-desportivos\/documentos\/\" target=\"_blank\" rel=\"noopener\">Documentos<\/a>.<\/li>\n<\/ul>\n<\/li>\n<\/ul>\n","protected":false},"excerpt":{"rendered":"<p>Nos Equipamentos Desportivos pode encontrar: Complexo Desportivo de \u00c9vora, Piscinas Municipais de \u00c9vora, Carta das Instala\u00e7\u00f5es Desportivas do Concelho de \u00c9vora, Documentos.<\/p>\n","protected":false},"author":45,"featured_media":0,"parent":2622,"menu_order":0,"comment_status":"closed","ping_status":"closed","template":"templates-map\/component-text-layout1.php","meta":{"_acf_changed":false,"footnotes":""},"categories":[],"class_list":["post-44838","page","type-page","status-publish","hentry"],"acf":{"imagens":"","titulo_docs_seccao":"","documentos":""},"_links":{"self":[{"href":"https:\/\/www.cm-evora.pt\/en\/wp-json\/wp\/v2\/pages\/44838","targetHints":{"allow":["GET"]}}],"collection":[{"href":"https:\/\/www.cm-evora.pt\/en\/wp-json\/wp\/v2\/pages"}],"about":[{"href":"https:\/\/www.cm-evora.pt\/en\/wp-json\/wp\/v2\/types\/page"}],"author":[{"embeddable":true,"href":"https:\/\/www.cm-evora.pt\/en\/wp-json\/wp\/v2\/users\/45"}],"replies":[{"embeddable":true,"href":"https:\/\/www.cm-evora.pt\/en\/wp-json\/wp\/v2\/comments?post=44838"}],"version-history":[{"count":6,"href":"https:\/\/www.cm-evora.pt\/en\/wp-json\/wp\/v2\/pages\/44838\/revisions"}],"predecessor-version":[{"id":49230,"href":"https:\/\/www.cm-evora.pt\/en\/wp-json\/wp\/v2\/pages\/44838\/revisions\/49230"}],"up":[{"embeddable":true,"href":"https:\/\/www.cm-evora.pt\/en\/wp-json\/wp\/v2\/pages\/2622"}],"wp:attachment":[{"href":"https:\/\/www.cm-evora.pt\/en\/wp-json\/wp\/v2\/media?parent=44838"}],"wp:term":[{"taxonomy":"category","embeddable":true,"href":"https:\/\/www.cm-evora.pt\/en\/wp-json\/wp\/v2\/categories?post=44838"}],"curies":[{"name":"wp","href":"https:\/\/api.w.org\/{rel}","templated":true}]}}