{"id":4674,"date":"2020-05-27T18:10:41","date_gmt":"2020-05-27T17:10:41","guid":{"rendered":"https:\/\/evora2.int.skilltech.pt\/susProjects\/wp_evora2_suite\/?page_id=4674"},"modified":"2024-06-06T11:16:30","modified_gmt":"2024-06-06T10:16:30","slug":"evora-a-cidade","status":"publish","type":"page","link":"https:\/\/www.cm-evora.pt\/en\/municipe\/evora\/concelho\/evora-a-cidade\/","title":{"rendered":"\u00c9vora, a Cidade"},"content":{"rendered":"<p class=\"qtranxs-available-languages-message qtranxs-available-languages-message-en\">Sorry, this entry is only available in <a href=\"https:\/\/www.cm-evora.pt\/pt\/wp-json\/wp\/v2\/pages\/4674\" class=\"qtranxs-available-language-link qtranxs-available-language-link-pt\" title=\"Portugu\u00eas\">Portugu\u00eas<\/a>.<\/p><p><\/p>\n<p style=\"text-align: center\"><a href=\"https:\/\/www.cm-evora.pt\/wp-content\/uploads\/2020\/09\/historia2-1.jpg\" target=\"_blank\" rel=\"noopener noreferrer\"><img loading=\"lazy\" decoding=\"async\" class=\"alignnone wp-image-14931\" src=\"https:\/\/www.cm-evora.pt\/wp-content\/uploads\/2020\/09\/historia2-1.jpg\" alt=\"\" width=\"766\" height=\"434\" srcset=\"https:\/\/www.cm-evora.pt\/wp-content\/uploads\/2020\/09\/historia2-1.jpg 639w, https:\/\/www.cm-evora.pt\/wp-content\/uploads\/2020\/09\/historia2-1-300x170.jpg 300w\" sizes=\"auto, (max-width: 766px) 100vw, 766px\" \/><\/a><\/p>\n<p>&nbsp;<\/p>\n<p style=\"text-align: left\">A cidade de \u00c9vora \u00e9 o principal polo urbano da regi\u00e3o, em termos populacionais e funcionais. A din\u00e2mica social e econ\u00f3mica da cidade conseguiu contrariar a tend\u00eancia da regi\u00e3o no seu conjunto, mantendo um crescimento id\u00eantico ao de outras cidades m\u00e9dias portuguesas at\u00e9 ao ano de 2001, invertendo depois essa tend\u00eancia, refletindo a influ\u00eancia de movimentos migrat\u00f3rios pouco expressivos, ainda assim suficientes para compensar o saldo natural.<\/p>\n<p>Nas \u00faltimas d\u00e9cadas a urbaniza\u00e7\u00e3o crescente da popula\u00e7\u00e3o apresenta-se como uma tend\u00eancia a n\u00edvel global, com o incremento da transfer\u00eancia da popula\u00e7\u00e3o dos aglomerados de pequena dimens\u00e3o para as grandes metr\u00f3poles e para as cidades m\u00e9dias. Apesar de Portugal apresentar uma taxa de urbaniza\u00e7\u00e3o muito inferior ao resto do espa\u00e7o europeu e a din\u00e2mica de crescimento dos centros urbanos continuar a apresentar valores mais elevados que as regi\u00f5es envolventes, na \u00faltima d\u00e9cada, a popula\u00e7\u00e3o de \u00c9vora, que na d\u00e9cada anterior havia registado um aumento pr\u00f3ximo de cerca de 800 habitantes, registou um aumento populacional de 77 habitantes apenas.<\/p>\n<p>Pela sua localiza\u00e7\u00e3o, \u00c9vora constitui-se como espa\u00e7o charneira entre o Litoral Alentejano e a Estremadura Espanhola. De facto, a plataforma portu\u00e1ria de Sines assegura o transporte mar\u00edtimo de cargas entre o sul e o norte da Europa, bem como o acesso rodovi\u00e1rio (pelas vias IC33, IP2 e A6) a toda a Europa, atrav\u00e9s da cidade-porta de Elvas. Admite-se que esta din\u00e2mica seja refor\u00e7ada no futuro atrav\u00e9s do corredor ferrovi\u00e1rio da <abbr title=\"Linha de Transporte de Mercadorias\">LTM<\/abbr>.<\/p>\n<p>Pela sua dimens\u00e3o, centralidade e visibilidade no contexto nacional, \u00c9vora emerge como o p\u00f3lo com melhores condi\u00e7\u00f5es para liderar a hierarquia do sistema urbano regional. Com efeito, a cidade assume claramente uma voca\u00e7\u00e3o patrimonial, cultural, universit\u00e1ria, e de servi\u00e7os, com qualidade ambiental, que procura potenciar toda a \u00e1rea envolvente \u00e0 pr\u00f3pria cidade. Assim, a valoriza\u00e7\u00e3o da rede de cidades m\u00e9dias da regi\u00e3o Alentejo, bem como dos centros urbanos de influ\u00eancia supra concelhia, constitui o principal objetivo na procura de um sistema urbano integrado. Em articula\u00e7\u00e3o com o sistema urbano nacional, as cidades m\u00e9dias da regi\u00e3o do Alentejo, com especial relev\u00e2ncia para \u00c9vora dever\u00e3o contribuir, solidariamente, para fomentar o desenvolvimento harmonioso da rede complementar regional.<\/p>\n<p><\/p>","protected":false},"excerpt":{"rendered":"<p>Sorry, this entry is only available in Portugu\u00eas. &nbsp; A cidade de \u00c9vora \u00e9 o principal polo urbano da regi\u00e3o, em termos populacionais e funcionais. A din\u00e2mica social e econ\u00f3mica da cidade conseguiu contrariar a tend\u00eancia da regi\u00e3o no seu conjunto, mantendo um crescimento id\u00eantico ao de outras cidades m\u00e9dias portuguesas at\u00e9 ao ano de [&hellip;]<\/p>\n","protected":false},"author":1,"featured_media":0,"parent":4672,"menu_order":0,"comment_status":"closed","ping_status":"closed","template":"templates-map\/component-text-layout1.php","meta":{"_acf_changed":false,"footnotes":""},"categories":[],"class_list":["post-4674","page","type-page","status-publish","hentry"],"acf":{"imagens":"","titulo_docs_seccao":"","documentos":""},"_links":{"self":[{"href":"https:\/\/www.cm-evora.pt\/en\/wp-json\/wp\/v2\/pages\/4674","targetHints":{"allow":["GET"]}}],"collection":[{"href":"https:\/\/www.cm-evora.pt\/en\/wp-json\/wp\/v2\/pages"}],"about":[{"href":"https:\/\/www.cm-evora.pt\/en\/wp-json\/wp\/v2\/types\/page"}],"author":[{"embeddable":true,"href":"https:\/\/www.cm-evora.pt\/en\/wp-json\/wp\/v2\/users\/1"}],"replies":[{"embeddable":true,"href":"https:\/\/www.cm-evora.pt\/en\/wp-json\/wp\/v2\/comments?post=4674"}],"version-history":[{"count":23,"href":"https:\/\/www.cm-evora.pt\/en\/wp-json\/wp\/v2\/pages\/4674\/revisions"}],"predecessor-version":[{"id":62785,"href":"https:\/\/www.cm-evora.pt\/en\/wp-json\/wp\/v2\/pages\/4674\/revisions\/62785"}],"up":[{"embeddable":true,"href":"https:\/\/www.cm-evora.pt\/en\/wp-json\/wp\/v2\/pages\/4672"}],"wp:attachment":[{"href":"https:\/\/www.cm-evora.pt\/en\/wp-json\/wp\/v2\/media?parent=4674"}],"wp:term":[{"taxonomy":"category","embeddable":true,"href":"https:\/\/www.cm-evora.pt\/en\/wp-json\/wp\/v2\/categories?post=4674"}],"curies":[{"name":"wp","href":"https:\/\/api.w.org\/{rel}","templated":true}]}}