{"id":4707,"date":"2020-05-28T09:24:05","date_gmt":"2020-05-28T08:24:05","guid":{"rendered":"https:\/\/evora2.int.skilltech.pt\/susProjects\/wp_evora2_suite\/?page_id=4707"},"modified":"2024-01-03T11:47:29","modified_gmt":"2024-01-03T11:47:29","slug":"feriado-municipal","status":"publish","type":"page","link":"https:\/\/www.cm-evora.pt\/en\/municipe\/evora\/concelho\/feriado-municipal\/","title":{"rendered":"Feriado Municipal"},"content":{"rendered":"<p class=\"qtranxs-available-languages-message qtranxs-available-languages-message-en\">Sorry, this entry is only available in <a href=\"https:\/\/www.cm-evora.pt\/pt\/wp-json\/wp\/v2\/pages\/4707\" class=\"qtranxs-available-language-link qtranxs-available-language-link-pt\" title=\"Portugu\u00eas\">Portugu\u00eas<\/a>.<\/p><p><\/p>\n<p style=\"text-align: center\"><a href=\"https:\/\/www.cm-evora.pt\/wp-content\/uploads\/2020\/09\/feriadomunicipal.jpg\" target=\"_blank\" rel=\"noopener noreferrer\"><img loading=\"lazy\" decoding=\"async\" class=\"alignnone wp-image-14943\" src=\"https:\/\/www.cm-evora.pt\/wp-content\/uploads\/2020\/09\/feriadomunicipal.jpg\" alt=\"\" width=\"867\" height=\"491\" srcset=\"https:\/\/www.cm-evora.pt\/wp-content\/uploads\/2020\/09\/feriadomunicipal.jpg 639w, https:\/\/www.cm-evora.pt\/wp-content\/uploads\/2020\/09\/feriadomunicipal-300x170.jpg 300w\" sizes=\"auto, (max-width: 867px) 100vw, 867px\" \/><\/a><\/p>\n<p>&nbsp;<\/p>\n<p>O Feriado Municipal da cidade de \u00c9vora celebra-se a 29 de Junho. Entre v\u00e1rias hip\u00f3teses colocadas, dia de Nossa Senhora da Sa\u00fade, dia 21 de Agosto e o dia de S. Jo\u00e3o, optou-se pelo dia de S. Pedro, o qual se celebra desde 1961, por decis\u00e3o deliberada em reuni\u00e3o de C\u00e2mara de 27 de Junho de 1960.<\/p>\n<p>A decis\u00e3o sobre a data do feriado municipal arrastava-se desde 1952, quando o Presidente da edilidade, Engenheiro Henrique da Fonseca, sentiu a necessidade e o desejo da cidade sobre a cria\u00e7\u00e3o do seu feriado municipal. O dia a escolher devia ser um dia tradicionalmente festivo, de car\u00e1ter popular ou religioso e em que desde sempre a popula\u00e7\u00e3o do concelho participasse.<\/p>\n<p><\/p>","protected":false},"excerpt":{"rendered":"<p>Sorry, this entry is only available in Portugu\u00eas. &nbsp; O Feriado Municipal da cidade de \u00c9vora celebra-se a 29 de Junho. Entre v\u00e1rias hip\u00f3teses colocadas, dia de Nossa Senhora da Sa\u00fade, dia 21 de Agosto e o dia de S. Jo\u00e3o, optou-se pelo dia de S. Pedro, o qual se celebra desde 1961, por decis\u00e3o [&hellip;]<\/p>\n","protected":false},"author":1,"featured_media":0,"parent":4672,"menu_order":2,"comment_status":"closed","ping_status":"closed","template":"templates-map\/component-text-layout1.php","meta":{"_acf_changed":false,"footnotes":""},"categories":[],"class_list":["post-4707","page","type-page","status-publish","hentry"],"acf":{"imagens":"","titulo_docs_seccao":"","documentos":[4725]},"_links":{"self":[{"href":"https:\/\/www.cm-evora.pt\/en\/wp-json\/wp\/v2\/pages\/4707","targetHints":{"allow":["GET"]}}],"collection":[{"href":"https:\/\/www.cm-evora.pt\/en\/wp-json\/wp\/v2\/pages"}],"about":[{"href":"https:\/\/www.cm-evora.pt\/en\/wp-json\/wp\/v2\/types\/page"}],"author":[{"embeddable":true,"href":"https:\/\/www.cm-evora.pt\/en\/wp-json\/wp\/v2\/users\/1"}],"replies":[{"embeddable":true,"href":"https:\/\/www.cm-evora.pt\/en\/wp-json\/wp\/v2\/comments?post=4707"}],"version-history":[{"count":10,"href":"https:\/\/www.cm-evora.pt\/en\/wp-json\/wp\/v2\/pages\/4707\/revisions"}],"predecessor-version":[{"id":56587,"href":"https:\/\/www.cm-evora.pt\/en\/wp-json\/wp\/v2\/pages\/4707\/revisions\/56587"}],"up":[{"embeddable":true,"href":"https:\/\/www.cm-evora.pt\/en\/wp-json\/wp\/v2\/pages\/4672"}],"acf:post":[{"embeddable":true,"href":"https:\/\/www.cm-evora.pt\/en\/wp-json\/wp\/v2\/listas_ficheiros\/4725"}],"wp:attachment":[{"href":"https:\/\/www.cm-evora.pt\/en\/wp-json\/wp\/v2\/media?parent=4707"}],"wp:term":[{"taxonomy":"category","embeddable":true,"href":"https:\/\/www.cm-evora.pt\/en\/wp-json\/wp\/v2\/categories?post=4707"}],"curies":[{"name":"wp","href":"https:\/\/api.w.org\/{rel}","templated":true}]}}