{"id":47096,"date":"2023-03-22T10:40:02","date_gmt":"2023-03-22T10:40:02","guid":{"rendered":"https:\/\/www.cm-evora.pt\/?page_id=47096"},"modified":"2024-01-16T09:46:02","modified_gmt":"2024-01-16T09:46:02","slug":"o-que-pode-encontrar-nos-concursos-para-admissao-de-pessoal","status":"archive","type":"page","link":"https:\/\/www.cm-evora.pt\/en\/municipe\/camara-municipal\/recursos-humanos\/recrutamento\/o-que-pode-encontrar-nos-concursos-para-admissao-de-pessoal\/","title":{"rendered":"Archived: O que pode encontrar nos Concursos para Admiss\u00e3o de Pessoal"},"content":{"rendered":"<p>Aqui pode encontrar informa\u00e7\u00f5es relativas aos concursos de:<\/p>\n<ul>\n<li><a href=\"https:\/\/www.cm-evora.pt\/municipe\/camara-municipal\/recursos-humanos\/concursos-para-admissao-de-pessoal\/dirigentes-e-tecnicos-superiores\/\" target=\"_blank\" rel=\"noopener\">Dirigentes e T\u00e9cnicos Superiores<\/a>,<\/li>\n<li><a href=\"https:\/\/www.cm-evora.pt\/municipe\/camara-municipal\/recursos-humanos\/concursos-para-admissao-de-pessoal\/coordenadores-e-assistentes-tecnicos\/\" target=\"_blank\" rel=\"noopener\">Coordenadores e Assistentes T\u00e9cnicos<\/a>,<\/li>\n<li><a href=\"https:\/\/www.cm-evora.pt\/municipe\/camara-municipal\/recursos-humanos\/concursos-para-admissao-de-pessoal\/assistentes-operacionais\/\" target=\"_blank\" rel=\"noopener\">Assistentes Operacionais<\/a>,<\/li>\n<li><a href=\"https:\/\/www.cm-evora.pt\/municipe\/camara-municipal\/recursos-humanos\/concursos-para-admissao-de-pessoal\/atividades-de-enriquecimento-curricular-2023-2024\/\" target=\"_blank\" rel=\"noopener\">Atividades de Enriquecimento Curricular 2023\/2024<\/a>.<\/li>\n<\/ul>\n","protected":false},"excerpt":{"rendered":"<p>Aqui pode encontrar informa\u00e7\u00f5es relativas aos concursos de: Dirigentes e T\u00e9cnicos Superiores, Coordenadores e Assistentes T\u00e9cnicos, Assistentes Operacionais, Atividades de Enriquecimento Curricular 2023\/2024.<\/p>\n","protected":false},"author":38,"featured_media":0,"parent":22665,"menu_order":0,"comment_status":"closed","ping_status":"closed","template":"templates-map\/component-text-layout1.php","meta":{"_acf_changed":false,"footnotes":""},"categories":[],"class_list":["post-47096","page","type-page","status-archive","hentry"],"acf":{"imagens":"","titulo_docs_seccao":"","documentos":""},"_links":{"self":[{"href":"https:\/\/www.cm-evora.pt\/en\/wp-json\/wp\/v2\/pages\/47096","targetHints":{"allow":["GET"]}}],"collection":[{"href":"https:\/\/www.cm-evora.pt\/en\/wp-json\/wp\/v2\/pages"}],"about":[{"href":"https:\/\/www.cm-evora.pt\/en\/wp-json\/wp\/v2\/types\/page"}],"author":[{"embeddable":true,"href":"https:\/\/www.cm-evora.pt\/en\/wp-json\/wp\/v2\/users\/38"}],"replies":[{"embeddable":true,"href":"https:\/\/www.cm-evora.pt\/en\/wp-json\/wp\/v2\/comments?post=47096"}],"version-history":[{"count":6,"href":"https:\/\/www.cm-evora.pt\/en\/wp-json\/wp\/v2\/pages\/47096\/revisions"}],"predecessor-version":[{"id":55503,"href":"https:\/\/www.cm-evora.pt\/en\/wp-json\/wp\/v2\/pages\/47096\/revisions\/55503"}],"up":[{"embeddable":true,"href":"https:\/\/www.cm-evora.pt\/en\/wp-json\/wp\/v2\/pages\/22665"}],"wp:attachment":[{"href":"https:\/\/www.cm-evora.pt\/en\/wp-json\/wp\/v2\/media?parent=47096"}],"wp:term":[{"taxonomy":"category","embeddable":true,"href":"https:\/\/www.cm-evora.pt\/en\/wp-json\/wp\/v2\/categories?post=47096"}],"curies":[{"name":"wp","href":"https:\/\/api.w.org\/{rel}","templated":true}]}}