{"id":47426,"date":"2023-03-30T15:08:31","date_gmt":"2023-03-30T14:08:31","guid":{"rendered":"https:\/\/www.cm-evora.pt\/?page_id=47426"},"modified":"2023-03-30T15:10:49","modified_gmt":"2023-03-30T14:10:49","slug":"aviso-de-cookies","status":"publish","type":"page","link":"https:\/\/www.cm-evora.pt\/en\/aviso-de-cookies\/","title":{"rendered":"Aviso de Cookies"},"content":{"rendered":"<p>&nbsp;<\/p>\n<h3><span style=\"color: #3366ff\"><strong>O que \u00e9 um cookie?<\/strong><\/span><\/h3>\n<p>Os cookies s\u00e3o pequenos ficheiros de texto guardados no seu computador aquando da visita a um website. Estes ficheiros s\u00e3o amplamente utilizados para que o website funcione de forma correta e eficiente, bem como para fornecer informa\u00e7\u00f5es aos propriet\u00e1rios do website.<\/p>\n<p>&nbsp;<\/p>\n<p>Existem duas grandes categorias de cookies:<\/p>\n<ul>\n<li style=\"list-style-type: none\">\n<ul>\n<li>Cookies pr\u00f3prios, utilizados diretamente por n\u00f3s no seu dispositivo.<\/li>\n<li>Cookies de terceiros, utilizados por partes terceiras, por interm\u00e9dio do Munic\u00edpio de \u00c9vora.<\/li>\n<\/ul>\n<\/li>\n<\/ul>\n<p>&nbsp;<\/p>\n<p>&nbsp;<\/p>\n<h3><span style=\"color: #3366ff\"><strong>Como s\u00e3o utilizados os cookies?<\/strong><\/span><\/h3>\n<p>Os visitantes deste website utilizam diferentes computadores e navegadores (browsers) Web. Para tornar as suas visitas o mais simples poss\u00edvel, \u00e9 guardado automaticamente um registo do tipo de browser (por exemplo, Microsoft Edge, Google Chrome, Mozilla Firefox) e do sistema operativo (por exemplo, Windows, Macintosh) utilizados e o nome do dom\u00ednio do seu fornecedor de servi\u00e7os Internet.<\/p>\n<p>&nbsp;<\/p>\n<p>&nbsp;<\/p>\n<h3><span style=\"color: #3366ff\"><strong>Porque utilizamos cookies?<\/strong><\/span><\/h3>\n<p>Durante uma visita \u00e0s nossas p\u00e1ginas Web, poder\u00e3o ser colocados ficheiros denominados \u201cCookies\u201d no computador do utilizador.<\/p>\n<p>&nbsp;<\/p>\n<p>A utiliza\u00e7\u00e3o de cookies visa melhorar o desempenho dos nossos Websites e maximizar a sua experi\u00eancia ao navegar nos mesmos, nomeadamente permitindo uma navega\u00e7\u00e3o mais r\u00e1pida e eficiente, eliminando a necessidade de introduzir repetidamente as mesmas informa\u00e7\u00f5es.<\/p>\n<p>&nbsp;<\/p>\n<p>&nbsp;<\/p>\n<h3><span style=\"color: #3366ff\"><strong>Gest\u00e3o de Cookies<\/strong><\/span><\/h3>\n<p>Todos os browsers permitem ao respetivo utilizador aceitar, recusar ou apagar cookies, nomeadamente atrav\u00e9s da sele\u00e7\u00e3o das defini\u00e7\u00f5es apropriadas no respetivo navegador.<\/p>\n<p>Tenha em aten\u00e7\u00e3o, no entanto, que a desativa\u00e7\u00e3o dos cookies pode afetar, parcial ou totalmente, a sua experi\u00eancia de navega\u00e7\u00e3o nos Websites.<\/p>\n<p>&nbsp;<\/p>\n<p>Pode configurar os cookies no menu &#8220;op\u00e7\u00f5es&#8221; ou &#8220;prefer\u00eancias&#8221; do seu browser.<\/p>\n<p>&nbsp;<\/p>\n<p>Para saber mais sobre cookies, visite <a href=\"http:\/\/www.allaboutcookies.org\" target=\"_blank\" rel=\"noopener\">www.allaboutcookies.org<\/a>, onde poder\u00e1 encontrar informa\u00e7\u00f5es sobre como gerir as suas configura\u00e7\u00f5es para os v\u00e1rios fornecedores de navegadores.<\/p>\n<p>&nbsp;<\/p>\n<p>&nbsp;<\/p>\n<p><strong>Servi\u00e7os web externos:<\/strong> por vezes utilizamos servi\u00e7os web externos para exibir conte\u00fados dentro das nossas p\u00e1ginas. Esta medida ajuda-nos a compreender e a direcionar campanhas publicit\u00e1rias mais relevantes no futuro. Por exemplo, para mostrar imagens ou v\u00eddeos ou para realizar inqu\u00e9ritos. \u00c0 semelhan\u00e7a dos bot\u00f5es destinados a redes sociais, n\u00e3o podemos evitar que haja recolha de informa\u00e7\u00e3o por parte destes websites ou dom\u00ednios externos. Caso necessite de mais informa\u00e7\u00f5es sobre os nossos fornecedores ou sobre a forma como estes cookies funcionam, <strong>contacte-nos<\/strong> atrav\u00e9s do nosso email <a href=\"mailto:epd@cm-evora.pt\" target=\"_blank\" rel=\"noopener\">epd@cm-evora.pt<\/a>.<\/p>\n<p>Para obter mais informa\u00e7\u00f5es sobre cookies e sua respetiva utiliza\u00e7\u00e3o, sugerimos que consulte os seguintes links: <a href=\"http:\/\/www.allaboutcookies.org\" target=\"_blank\" rel=\"noopener\">www.allaboutcookies.org<\/a>.<\/p>\n<p>&nbsp;<\/p>\n<p>&nbsp;<\/p>\n<h3><span style=\"color: #3366ff\"><strong>Tipologia de Cookies existentes nos nossos sites<\/strong><\/span><\/h3>\n<p>Este site utiliza cookies que executam 11 fun\u00e7\u00f5es, conforme mencionado abaixo:<\/p>\n<ul>\n<li style=\"list-style-type: none\">\n<ul>\n<li><strong>Cookies Estritamente Necess\u00e1rios<\/strong>, essenciais para o funcionamento do website.<\/li>\n<li><strong>Cookies Anal\u00edticos:<\/strong> Utilizados anonimamente para efeitos de monitorizar e analise de estat\u00edsticas, sem nunca recolher informa\u00e7\u00f5es de carater pessoal.<\/li>\n<li><strong>Cookies de Funcionalidade: <\/strong>Permitem melhorar a experi\u00eancia do utilizador (por exemplo, recordando-o de todas as configura\u00e7\u00f5es que definiu anteriormente).<\/li>\n<\/ul>\n<\/li>\n<\/ul>\n<p>&nbsp;<\/p>\n<p>O quadro seguinte fornece uma explica\u00e7\u00e3o dos <em>Cookies<\/em> utilizadas no <em>website<\/em> do Munic\u00edpio de \u00c9vora e respetiva finalidade:<\/p>\n<table width=\"699\">\n<tbody>\n<tr>\n<td width=\"85\"><strong>Fornecedor<\/strong><\/td>\n<td width=\"154\"><strong>Nome<\/strong><\/td>\n<td width=\"269\"><strong>Funcionalidade<\/strong><\/td>\n<td width=\"103\"><strong>Tipo<\/strong><\/td>\n<td width=\"87\"><strong>Dura\u00e7\u00e3o<\/strong><\/td>\n<\/tr>\n<tr>\n<td width=\"85\">CookieYes<\/p>\n<p>(Plugin WordPress)<\/td>\n<td width=\"154\">cookielawinfo-checkbox-analytics<\/td>\n<td width=\"269\">O cookie \u00e9 usado para armazenar o consentimento do usu\u00e1rio para os cookies na categoria &#8220;Analytics&#8221;.<\/td>\n<td width=\"103\">Necess\u00e1rio<\/td>\n<td width=\"87\">11 meses<\/td>\n<\/tr>\n<tr>\n<td width=\"85\">CookieYes<\/p>\n<p>(Plugin WordPress)<\/td>\n<td width=\"154\">cookielawinfo-checkbox-functional<\/td>\n<td width=\"269\">O cookie \u00e9 definido pelo consentimento do cookie RGPD para registar o consentimento do usu\u00e1rio para os cookies na categoria &#8220;Funcional&#8221;.<\/td>\n<td width=\"103\">Necess\u00e1rio<\/td>\n<td width=\"87\">11 meses<\/td>\n<\/tr>\n<tr>\n<td width=\"85\">CookieYes<\/p>\n<p>(Plugin WordPress)<\/td>\n<td width=\"154\">cookielawinfo-checkbox-necessary<\/td>\n<td width=\"269\">Os cookies s\u00e3o usados para armazenar o consentimento do usu\u00e1rio para os cookies na categoria &#8220;Necess\u00e1rio&#8221;.<\/td>\n<td width=\"103\">Necess\u00e1rio<\/td>\n<td width=\"87\">11 meses<\/td>\n<\/tr>\n<tr>\n<td width=\"85\">CookieYes<\/p>\n<p>(Plugin WordPress)<\/td>\n<td width=\"154\">viewed_cookie_policy<\/td>\n<td width=\"269\">O cookie \u00e9 usado para armazenar se o utilizador consentiu ou n\u00e3o com o uso de cookies. Ele n\u00e3o armazena nenhum dado pessoal.<\/td>\n<td width=\"103\">Necess\u00e1rio<\/td>\n<td width=\"87\">11 meses<\/td>\n<\/tr>\n<tr>\n<td width=\"85\">qtranslate-xt<\/p>\n<p>(Plugin WordPress)<\/td>\n<td width=\"154\">qtrans_admin_language<\/td>\n<td width=\"269\">Usada para guardar a linguagem selecionada por utilizador logado.<\/td>\n<td width=\"103\">Funcionalidade<\/td>\n<td width=\"87\">12 meses<\/td>\n<\/tr>\n<tr>\n<td width=\"85\">qtranslate-xt<\/p>\n<p>(Plugin WordPress)<\/td>\n<td width=\"154\">qtrans_front_language<\/td>\n<td width=\"269\">Usada para guardar a linguagem selecionada pelo utilizador.<\/td>\n<td width=\"103\">Funcionalidade<\/td>\n<td width=\"87\">12 meses<\/td>\n<\/tr>\n<tr>\n<td width=\"85\">WordPress<\/td>\n<td width=\"154\">wp-settings-1<\/td>\n<td width=\"269\">Usado para guardar configura\u00e7\u00f5es para utilizadores logados.<\/td>\n<td width=\"103\">Funcionalidade<\/td>\n<td width=\"87\">12 meses<\/td>\n<\/tr>\n<tr>\n<td width=\"85\">CookieYes<\/p>\n<p>(Plugin WordPress)<\/td>\n<td width=\"154\">viewed_cookie_policy<\/td>\n<td width=\"269\">O cookie \u00e9 usado para armazenar se o utilizador consentiu ou n\u00e3o com o uso de cookies. Ele n\u00e3o armazena nenhum dado pessoal.<\/td>\n<td width=\"103\">Funcionalidade<\/td>\n<td width=\"87\">11 meses<\/td>\n<\/tr>\n<tr>\n<td width=\"85\">Google Analytics<\/td>\n<td width=\"154\">__utma<\/td>\n<td width=\"269\">Usado para distinguir usu\u00e1rios e sess\u00f5es. O cookie \u00e9 criado quando a biblioteca JavaScript \u00e9 executada e n\u00e3o h\u00e1 cookies __utma. \u00c9 atualizado sempre que os dados s\u00e3o enviados ao Google Analytics.<\/td>\n<td width=\"103\">Anal\u00edticos<\/td>\n<td width=\"87\">12 meses<\/td>\n<\/tr>\n<tr>\n<td width=\"85\">Google Analytics<\/td>\n<td width=\"154\">_ga<\/td>\n<td width=\"269\">Usado para distinguir utilizadores pelo Google Analytics.<\/td>\n<td width=\"103\">Anal\u00edticos<\/td>\n<td width=\"87\">12 meses<\/td>\n<\/tr>\n<tr>\n<td width=\"85\">CookieYes<\/p>\n<p>(Plugin WordPress)<\/td>\n<td width=\"154\">cookielawinfo-checkbox-analytics<\/td>\n<td width=\"269\">O cookie \u00e9 usado para armazenar o consentimento do usu\u00e1rio para os cookies na categoria &#8220;Analytics&#8221;.<\/td>\n<td width=\"103\">Anal\u00edticos<\/td>\n<td width=\"87\">11 meses<\/td>\n<\/tr>\n<\/tbody>\n<\/table>\n<p>&nbsp;<\/p>\n<p>&nbsp;<\/p>\n<p><strong>O uso de <em>cookies<\/em> pode ser bloqueado?<\/strong><\/p>\n<p>Sim. Se n\u00e3o quiser que o <em>website<\/em> armazene <em>cookies<\/em>, a qualquer momento pode, atrav\u00e9s do seu navegador de internet (<em>browser<\/em>), recusar ou apagar os mesmos.<\/p>\n<p>Tenha em aten\u00e7\u00e3o que a recusa de utiliza\u00e7\u00e3o de <em>cookies<\/em> do <em>website<\/em> poder\u00e1 afetar, parcial ou totalmente, a sua navega\u00e7\u00e3o.<\/p>\n<p>&nbsp;<\/p>\n<p>Para mais informa\u00e7\u00f5es sobre cookies e sobre como impedir que estes sejam instalados ou como apagar os existentes nos seus dispositivos, o utilizador poder\u00e1 visitar o seguinte website: <a href=\"http:\/\/www.allaboutcookies.org\" target=\"_blank\" rel=\"noopener\">http:\/\/www.allaboutcookies.org<\/a>.<\/p>\n<p>Pode encontrar a informa\u00e7\u00e3o acerca do controlo de cookies de acordo com o seu navegador de internet nos seguintes endere\u00e7os:<\/p>\n<ul>\n<li style=\"list-style-type: none\">\n<ul>\n<li>Microsoft Edge: <a href=\"https:\/\/support.microsoft.com\/en-us\/microsoft-edge\/delete-cookies-in-microsoft-edge-63947406-40ac-c3b8-57b9-2a946a29ae09\" target=\"_blank\" rel=\"noopener\">https:\/\/support.microsoft.com\/en-us\/microsoft-edge\/delete-cookies-in-microsoft-edge-63947406-40ac-c3b8-57b9-2a946a29ae09<\/a><\/li>\n<li>Chrome: <a href=\"https:\/\/support.google.com\/chrome\/answer\/95647?hl=en&amp;co=GENIE.Platform%3DDesktop\" target=\"_blank\" rel=\"noopener\">https:\/\/support.google.com\/chrome\/answer\/95647?hl=en&amp;co=GENIE.Platform%3DDesktop<\/a><\/li>\n<li>Firefox: <a href=\"http:\/\/support.mozilla.org\/en-US\/kb\/Clear%20Recent%20History\" target=\"_blank\" rel=\"noopener\">http:\/\/support.mozilla.org\/en-US\/kb\/Clear%20Recent%20History<\/a><\/li>\n<li>Safari: <a href=\"http:\/\/support.apple.com\/kb\/PH5042\" target=\"_blank\" rel=\"noopener\">http:\/\/support.apple.com\/kb\/PH5042<\/a><\/li>\n<li>Opera: <a href=\"http:\/\/www.opera.com\/browser\/tutorials\/security\/privacy\/\" target=\"_blank\" rel=\"noopener\">http:\/\/www.opera.com\/browser\/tutorials\/security\/privacy\/<\/a><\/li>\n<\/ul>\n<\/li>\n<\/ul>\n<p>&nbsp;<\/p>\n<p>&nbsp;<\/p>\n<h3><span style=\"color: #3366ff\"><strong>Cookies que foram definidos no passado<\/strong><\/span><\/h3>\n<p>O Munic\u00edpio de \u00c9vora poder\u00e1 continuar a usar as informa\u00e7\u00f5es recolhidas antes de definir a prefer\u00eancia de cookies desativada, ainda que o Munic\u00edpio de \u00c9vora deixe de utilizar o cookie desativado para recolher mais informa\u00e7\u00f5es.<\/p>\n<p>&nbsp;<\/p>\n<p>&nbsp;<\/p>\n<h3><span style=\"color: #3366ff\"><strong>Consentimento<\/strong><\/span><\/h3>\n<p>Ao aceitar a utiliza\u00e7\u00e3o de cookies, consideramos que o utilizador aceita o uso de cookies para os prop\u00f3sitos indicados e em conformidade com as condi\u00e7\u00f5es contidas nesta p\u00e1gina.<\/p>\n<p>&nbsp;<\/p>\n<p>Se, em qualquer momento, desejar retirar o seu consentimento ao nosso Aviso de Cookies, dever\u00e1 apagar os cookies armazenados, ajustando as op\u00e7\u00f5es correspondentes que se encontram no menu \u201cFerramentas\u201d do seu navegador.<\/p>\n<p>&nbsp;<\/p>\n<p>&nbsp;<\/p>\n<h3><span style=\"color: #3366ff\"><strong>Altera<\/strong><strong>\u00e7\u00f5es ao Aviso de Cookies<\/strong><\/span><\/h3>\n<p>O Munic\u00edpio de \u00c9vora reserva-se o direito de, a qualquer momento, sem necessidade de aviso pr\u00e9vio e com efeitos imediatos, alterar, adicionar, atualizar ou eliminar, parcial ou totalmente, a presente informa\u00e7\u00e3o sobre cookies.<\/p>\n<p>Desta forma, ocasionalmente, este Aviso ser\u00e1 atualizado para refletir altera\u00e7\u00f5es nas nossas pr\u00e1ticas e servi\u00e7os. Quando publicarmos altera\u00e7\u00f5es ao mesmo, iremos rever a data da &#8220;\u00daltima atualiza\u00e7\u00e3o&#8221; na parte superior deste Aviso. Recomendamos que verifique o nosso website periodicamente para que possa estar informado sobre quaisquer altera\u00e7\u00f5es ao Aviso de Cookies ou a qualquer outro Aviso.<\/p>\n<p>&nbsp;<\/p>\n","protected":false},"excerpt":{"rendered":"<p>&nbsp; O que \u00e9 um cookie? Os cookies s\u00e3o pequenos ficheiros de texto guardados no seu computador aquando da visita a um website. Estes ficheiros s\u00e3o amplamente utilizados para que o website funcione de forma correta e eficiente, bem como para fornecer informa\u00e7\u00f5es aos propriet\u00e1rios do website. &nbsp; Existem duas grandes categorias de cookies: Cookies [&hellip;]<\/p>\n","protected":false},"author":38,"featured_media":0,"parent":0,"menu_order":0,"comment_status":"closed","ping_status":"closed","template":"templates-map\/component-text-layout1.php","meta":{"_acf_changed":false,"footnotes":""},"categories":[],"class_list":["post-47426","page","type-page","status-publish","hentry"],"acf":{"imagens":"","titulo_docs_seccao":"","documentos":""},"_links":{"self":[{"href":"https:\/\/www.cm-evora.pt\/en\/wp-json\/wp\/v2\/pages\/47426","targetHints":{"allow":["GET"]}}],"collection":[{"href":"https:\/\/www.cm-evora.pt\/en\/wp-json\/wp\/v2\/pages"}],"about":[{"href":"https:\/\/www.cm-evora.pt\/en\/wp-json\/wp\/v2\/types\/page"}],"author":[{"embeddable":true,"href":"https:\/\/www.cm-evora.pt\/en\/wp-json\/wp\/v2\/users\/38"}],"replies":[{"embeddable":true,"href":"https:\/\/www.cm-evora.pt\/en\/wp-json\/wp\/v2\/comments?post=47426"}],"version-history":[{"count":3,"href":"https:\/\/www.cm-evora.pt\/en\/wp-json\/wp\/v2\/pages\/47426\/revisions"}],"predecessor-version":[{"id":47429,"href":"https:\/\/www.cm-evora.pt\/en\/wp-json\/wp\/v2\/pages\/47426\/revisions\/47429"}],"wp:attachment":[{"href":"https:\/\/www.cm-evora.pt\/en\/wp-json\/wp\/v2\/media?parent=47426"}],"wp:term":[{"taxonomy":"category","embeddable":true,"href":"https:\/\/www.cm-evora.pt\/en\/wp-json\/wp\/v2\/categories?post=47426"}],"curies":[{"name":"wp","href":"https:\/\/api.w.org\/{rel}","templated":true}]}}