{"id":47770,"date":"2023-04-06T15:09:23","date_gmt":"2023-04-06T14:09:23","guid":{"rendered":"https:\/\/www.cm-evora.pt\/?page_id=47770"},"modified":"2025-03-07T10:13:35","modified_gmt":"2025-03-07T10:13:35","slug":"servico-de-atendimento-e-acompanhamento-social","status":"publish","type":"page","link":"https:\/\/www.cm-evora.pt\/en\/municipe\/areas-de-acao\/acao-social\/servico-de-atendimento-e-acompanhamento-social\/","title":{"rendered":"Servi\u00e7o de Atendimento e Acompanhamento Social"},"content":{"rendered":"<p><span style=\"color: #ff9900\"><strong>O que \u00e9?<\/strong><\/span><\/p>\n<p>Servi\u00e7o que assegura o Atendimento e Acompanhamento Social de pessoas e fam\u00edlias em situa\u00e7\u00e3o de vulnerabilidade e exclus\u00e3o social, bem como de emerg\u00eancia social, incluindo os benefici\u00e1rios da presta\u00e7\u00e3o de Rendimento Social de Inser\u00e7\u00e3o.<\/p>\n<p>&nbsp;<\/p>\n<p><span style=\"color: #ff9900\"><strong>O que se pretende?<\/strong><\/span><\/p>\n<ul>\n<li style=\"list-style-type: none\">\n<ul>\n<li>Realizar o Atendimento e Acompanhamento Social atrav\u00e9s de uma Interven\u00e7\u00e3o de proximidade com a popula\u00e7\u00e3o;<\/li>\n<li>Atribuir presta\u00e7\u00f5es pecuni\u00e1rias de car\u00e1ter eventual, com base num diagn\u00f3stico social e numa situa\u00e7\u00e3o de car\u00eancia econ\u00f3mica devidamente comprovada, tendo como objetivo a capacita\u00e7\u00e3o das pessoas e fam\u00edlias com vista \u00e0 sua autonomiza\u00e7\u00e3o.<\/li>\n<li>Celebrar contratos de inser\u00e7\u00e3o com os benefici\u00e1rios da presta\u00e7\u00e3o de Rendimento Social de Inser\u00e7\u00e3o, com vista \u00e0 sua inser\u00e7\u00e3o laboral, social e comunit\u00e1ria.<\/li>\n<\/ul>\n<\/li>\n<\/ul>\n<p>&nbsp;<\/p>\n<p><span style=\"color: #ff9900\"><strong>\u00c2mbito de Interven\u00e7\u00e3o Territorial<\/strong><\/span><\/p>\n<p>Concelho de \u00c9vora.<\/p>\n<p>&nbsp;<\/p>\n<p><span style=\"color: #ff9900\"><strong>Objetivos do Servi\u00e7o de Atendimento e Acompanhamento Social<\/strong><\/span><\/p>\n<ul>\n<li style=\"list-style-type: none\">\n<ul>\n<li><span style=\"color: #000000\">Informar, aconselhar e encaminhar para respostas, servi\u00e7os ou presta\u00e7\u00f5es sociais;<\/span><\/li>\n<li><span style=\"color: #000000\">Apoiar em situa\u00e7\u00f5es de vulnerabilidade social;<\/span><\/li>\n<li><span style=\"color: #000000\">Prevenir situa\u00e7\u00f5es de pobreza e exclus\u00e3o social;<\/span><\/li>\n<li><span style=\"color: #000000\">Contribuir para a aquisi\u00e7\u00e3o e ou fortalecimento de compet\u00eancias das pessoas e fam\u00edlia;<\/span><\/li>\n<li><span style=\"color: #000000\">Assegurar o acompanhamento social do percurso de inser\u00e7\u00e3o social;<\/span><\/li>\n<li><span style=\"color: #000000\">Mobilizar os recursos da comunidade adequados \u00e0 progressiva autonomia pessoal, social e profissional.<\/span><\/li>\n<\/ul>\n<\/li>\n<\/ul>\n<p>&nbsp;<\/p>\n<p><span style=\"color: #ff9900\"><strong>ENTIDADE PROMOTORA<\/strong><\/span><\/p>\n<p><strong>C\u00e2mara Municipal De \u00c9vora<\/strong><\/p>\n<p><span style=\"text-decoration: underline\">Constitui\u00e7\u00e3o da Equipa T\u00e9cnica<\/span>: Equipa multidisciplinar, composta por t\u00e9cnico(a)s superiores, com forma\u00e7\u00e3o superior na \u00e1rea das ci\u00eancias sociais e humanas.<\/p>\n<p><u>Local de Atendimento<\/u>: Edif\u00edcio de S. Pedro | P\u00e1teo do Salema | Rua Diogo C\u00e3o, 19 | 7000-872 \u00c9vora<\/p>\n<p><u>Hor\u00e1rio de Funcionamento<\/u>: 2\u00aa a 6\u00aa. feira das 09h30-12h30 | 14h00-17h00<\/p>\n<p><u>Email<\/u>: <a href=\"mailto:nli-evora@cm-evora.pt\" target=\"_blank\" rel=\"noopener\">nli-evora@cm-evora.pt<\/a> | <a href=\"mailto:saas-evora@cm-evora.pt\" target=\"_blank\" rel=\"noopener\">saas-evora@cm-evora.pt<\/a><\/p>\n<p><u>Telefone<\/u>: <a href=\"tel:+351266777000\" target=\"_blank\" rel=\"noopener\">+351 266 777 000<\/a> \u00abChamada para a rede fixa nacional\u00bb<\/p>\n<p><strong>\u00a0<\/strong><\/p>\n<p><span style=\"color: #ff9900\"><strong>ENTIDADES COM QUEM O MUNIC\u00cdPIOS TEM PROTOCOLOS ESTABELECIDOS<\/strong><\/span><\/p>\n<p><span style=\"color: #ff9900\"><strong>SERVI\u00c7O DE ATENDIMENTO E ACOMPANHAMENTO SOCIAL \u2013 SAAS<\/strong><\/span><\/p>\n<p><strong>C\u00e1ritas Arquidiocesana de \u00c9vora<\/strong><\/p>\n<p>Rua dos Mercadores, 43-A | 7000-530 \u00c9vora<\/p>\n<p><u>Hor\u00e1rio de Funcionamento<\/u>: 09h30-12h30 | 14h00-17h00<\/p>\n<p><u>Telefone<\/u>: <a href=\"tel:+351266761613\" target=\"_blank\" rel=\"noopener\">+351 266 761 613<\/a> \u00abChamada para a rede fixa nacional\u00bb<\/p>\n<p><u>\u00c1reas de Abrang\u00eancia<\/u>: Malagueira e Horta das Figueiras<\/p>\n<p>&nbsp;<\/p>\n<p><span style=\"color: #ff9900\"><strong>RENDIMENTO SOCIAL DE INSER\u00c7\u00c3O \u2013 RSI<\/strong><\/span><\/p>\n<p><strong>Centro Humanit\u00e1rio Cruz Vermelha \u00c9vora<\/strong><\/p>\n<p>R. Fernanda Seno, 10 | 7005-485 \u00c9vora<\/p>\n<p><u>Hor\u00e1rio de Funcionamento<\/u>: 09h30-13h00 | 14h30-17h00<\/p>\n<p><u>Telefone<\/u>: <a href=\"tel:+351266768020\" target=\"_blank\" rel=\"noopener\">+351 266 768 020<\/a> \u00abChamada para a rede fixa nacional\u00bb<\/p>\n<p><u>\u00c1reas de Abrang\u00eancia<\/u>: Concelho de \u00c9vora<\/p>\n<p>&nbsp;<\/p>\n<p><strong>O requerimento de RSI continua a ser entregue no servi\u00e7o de atendimento da Seguran\u00e7a Social de \u00c9vora<\/strong>:<\/p>\n<p>Rua do Chafariz Del Rei 22 | 7005-297 \u00c9vora<\/p>\n<p><u>Telefone<\/u>: <span style=\"color: #339966\">300 502 502<\/span><\/p>\n","protected":false},"excerpt":{"rendered":"<p>O que \u00e9? Servi\u00e7o que assegura o Atendimento e Acompanhamento Social de pessoas e fam\u00edlias em situa\u00e7\u00e3o de vulnerabilidade e exclus\u00e3o social, bem como de emerg\u00eancia social, incluindo os benefici\u00e1rios da presta\u00e7\u00e3o de Rendimento Social de Inser\u00e7\u00e3o. &nbsp; O que se pretende? Realizar o Atendimento e Acompanhamento Social atrav\u00e9s de uma Interven\u00e7\u00e3o de proximidade com [&hellip;]<\/p>\n","protected":false},"author":45,"featured_media":0,"parent":1488,"menu_order":10,"comment_status":"closed","ping_status":"closed","template":"templates-map\/component-text-layout1.php","meta":{"_acf_changed":false,"footnotes":""},"categories":[],"class_list":["post-47770","page","type-page","status-publish","hentry"],"acf":{"imagens":"","titulo_docs_seccao":"","documentos":[47775]},"_links":{"self":[{"href":"https:\/\/www.cm-evora.pt\/en\/wp-json\/wp\/v2\/pages\/47770","targetHints":{"allow":["GET"]}}],"collection":[{"href":"https:\/\/www.cm-evora.pt\/en\/wp-json\/wp\/v2\/pages"}],"about":[{"href":"https:\/\/www.cm-evora.pt\/en\/wp-json\/wp\/v2\/types\/page"}],"author":[{"embeddable":true,"href":"https:\/\/www.cm-evora.pt\/en\/wp-json\/wp\/v2\/users\/45"}],"replies":[{"embeddable":true,"href":"https:\/\/www.cm-evora.pt\/en\/wp-json\/wp\/v2\/comments?post=47770"}],"version-history":[{"count":5,"href":"https:\/\/www.cm-evora.pt\/en\/wp-json\/wp\/v2\/pages\/47770\/revisions"}],"predecessor-version":[{"id":71924,"href":"https:\/\/www.cm-evora.pt\/en\/wp-json\/wp\/v2\/pages\/47770\/revisions\/71924"}],"up":[{"embeddable":true,"href":"https:\/\/www.cm-evora.pt\/en\/wp-json\/wp\/v2\/pages\/1488"}],"acf:post":[{"embeddable":true,"href":"https:\/\/www.cm-evora.pt\/en\/wp-json\/wp\/v2\/listas_ficheiros\/47775"}],"wp:attachment":[{"href":"https:\/\/www.cm-evora.pt\/en\/wp-json\/wp\/v2\/media?parent=47770"}],"wp:term":[{"taxonomy":"category","embeddable":true,"href":"https:\/\/www.cm-evora.pt\/en\/wp-json\/wp\/v2\/categories?post=47770"}],"curies":[{"name":"wp","href":"https:\/\/api.w.org\/{rel}","templated":true}]}}