{"id":49002,"date":"2023-05-12T16:32:40","date_gmt":"2023-05-12T15:32:40","guid":{"rendered":"https:\/\/www.cm-evora.pt\/?page_id=49002"},"modified":"2023-05-12T18:13:51","modified_gmt":"2023-05-12T17:13:51","slug":"carta-educativa-de-evora-auscultacao","status":"publish","type":"page","link":"https:\/\/www.cm-evora.pt\/en\/carta-educativa-de-evora-auscultacao\/","title":{"rendered":"Carta Educativa de \u00c9vora &#8211; Ausculta\u00e7\u00e3o"},"content":{"rendered":"<p style=\"text-align: center\"><a href=\"https:\/\/www.cm-evora.pt\/wp-content\/uploads\/2023\/05\/Banner-CartaEducativa.jpg\"><img loading=\"lazy\" decoding=\"async\" class=\"alignnone size-full wp-image-49005\" src=\"https:\/\/www.cm-evora.pt\/wp-content\/uploads\/2023\/05\/Banner-CartaEducativa.jpg\" alt=\"\" width=\"1920\" height=\"780\" srcset=\"https:\/\/www.cm-evora.pt\/wp-content\/uploads\/2023\/05\/Banner-CartaEducativa.jpg 1920w, https:\/\/www.cm-evora.pt\/wp-content\/uploads\/2023\/05\/Banner-CartaEducativa-300x122.jpg 300w, https:\/\/www.cm-evora.pt\/wp-content\/uploads\/2023\/05\/Banner-CartaEducativa-1024x416.jpg 1024w, https:\/\/www.cm-evora.pt\/wp-content\/uploads\/2023\/05\/Banner-CartaEducativa-768x312.jpg 768w, https:\/\/www.cm-evora.pt\/wp-content\/uploads\/2023\/05\/Banner-CartaEducativa-1536x624.jpg 1536w, https:\/\/www.cm-evora.pt\/wp-content\/uploads\/2023\/05\/Banner-CartaEducativa-1320x536.jpg 1320w\" sizes=\"auto, (max-width: 1920px) 100vw, 1920px\" \/><\/a><\/p>\n<p>A Carta Educativa \u00e9, ao n\u00edvel municipal, o instrumento de planeamento e ordenamento prospetivo de edif\u00edcios e equipamentos educativos a localizar no concelho, de acordo com as ofertas de educa\u00e7\u00e3o e forma\u00e7\u00e3o que seja necess\u00e1rio satisfazer, tendo em vista a melhor utiliza\u00e7\u00e3o dos recursos educativos, no quadro do desenvolvimento demogr\u00e1fico e socioecon\u00f3mico do munic\u00edpio.<\/p>\n","protected":false},"excerpt":{"rendered":"<p>A Carta Educativa \u00e9, ao n\u00edvel municipal, o instrumento de planeamento e ordenamento prospetivo de edif\u00edcios e equipamentos educativos a localizar no concelho, de acordo com as ofertas de educa\u00e7\u00e3o e forma\u00e7\u00e3o que seja necess\u00e1rio satisfazer, tendo em vista a melhor utiliza\u00e7\u00e3o dos recursos educativos, no quadro do desenvolvimento demogr\u00e1fico e socioecon\u00f3mico do munic\u00edpio.<\/p>\n","protected":false},"author":45,"featured_media":0,"parent":0,"menu_order":0,"comment_status":"closed","ping_status":"closed","template":"templates-map\/component-form-layout1.php","meta":{"_acf_changed":false,"footnotes":""},"categories":[],"class_list":["post-49002","page","type-page","status-publish","hentry"],"acf":[],"_links":{"self":[{"href":"https:\/\/www.cm-evora.pt\/en\/wp-json\/wp\/v2\/pages\/49002","targetHints":{"allow":["GET"]}}],"collection":[{"href":"https:\/\/www.cm-evora.pt\/en\/wp-json\/wp\/v2\/pages"}],"about":[{"href":"https:\/\/www.cm-evora.pt\/en\/wp-json\/wp\/v2\/types\/page"}],"author":[{"embeddable":true,"href":"https:\/\/www.cm-evora.pt\/en\/wp-json\/wp\/v2\/users\/45"}],"replies":[{"embeddable":true,"href":"https:\/\/www.cm-evora.pt\/en\/wp-json\/wp\/v2\/comments?post=49002"}],"version-history":[{"count":2,"href":"https:\/\/www.cm-evora.pt\/en\/wp-json\/wp\/v2\/pages\/49002\/revisions"}],"predecessor-version":[{"id":49006,"href":"https:\/\/www.cm-evora.pt\/en\/wp-json\/wp\/v2\/pages\/49002\/revisions\/49006"}],"wp:attachment":[{"href":"https:\/\/www.cm-evora.pt\/en\/wp-json\/wp\/v2\/media?parent=49002"}],"wp:term":[{"taxonomy":"category","embeddable":true,"href":"https:\/\/www.cm-evora.pt\/en\/wp-json\/wp\/v2\/categories?post=49002"}],"curies":[{"name":"wp","href":"https:\/\/api.w.org\/{rel}","templated":true}]}}