{"id":49424,"date":"2023-05-23T11:06:45","date_gmt":"2023-05-23T10:06:45","guid":{"rendered":"https:\/\/www.cm-evora.pt\/?page_id=49424"},"modified":"2025-09-04T10:53:55","modified_gmt":"2025-09-04T09:53:55","slug":"orquestra-juvenil-de-sopros","status":"publish","type":"page","link":"https:\/\/www.cm-evora.pt\/en\/municipe\/projetos-municipais\/pel-projeto-educativo-local\/projetos-educativos\/orquestra-juvenil-de-sopros\/","title":{"rendered":"Orquestra Juvenil de Sopros"},"content":{"rendered":"<h4 style=\"text-align: center\"><a href=\"https:\/\/www.cm-evora.pt\/wp-content\/uploads\/2024\/09\/OJS.jpg\" target=\"_blank\" rel=\"noopener\"><img loading=\"lazy\" decoding=\"async\" class=\"alignnone wp-image-65978 size-full\" src=\"https:\/\/www.cm-evora.pt\/wp-content\/uploads\/2024\/09\/OJS.jpg\" alt=\"\" width=\"742\" height=\"549\" srcset=\"https:\/\/www.cm-evora.pt\/wp-content\/uploads\/2024\/09\/OJS.jpg 742w, https:\/\/www.cm-evora.pt\/wp-content\/uploads\/2024\/09\/OJS-300x222.jpg 300w\" sizes=\"auto, (max-width: 742px) 100vw, 742px\" \/><\/a><\/h4>\n<p>&nbsp;<\/p>\n<h4><strong>Entidade promotora e servi\u00e7o respons\u00e1vel<\/strong><\/h4>\n<p>C\u00e2mara Municipal de \u00c9vora \u2013 Departamento Sociocultural<\/p>\n<p>&nbsp;<\/p>\n<h4><strong>Nome da Respons\u00e1vel<\/strong><\/h4>\n<p>Nuno Ricardo<\/p>\n<p>&nbsp;<\/p>\n<h4><strong>Entidades Parceiras<\/strong><\/h4>\n<ul>\n<li style=\"list-style-type: none\">\n<ul>\n<li>Universidade de \u00c9vora;<\/li>\n<li>Associa\u00e7\u00e3o Filarm\u00f3nica Liberalitas Julia;<\/li>\n<li>Associa\u00e7\u00e3o Filarm\u00f3nica 24 de Junho;<\/li>\n<li>Casa do Povo de N.\u00aa Sr.\u00aa de Machede;<\/li>\n<li>Grupo Uni\u00e3o e Recreio Azarujense;<\/li>\n<li>Eborae Mvsica;<\/li>\n<li>Junta de Freguesia de Canaviais;<\/li>\n<li>Junta de Freguesia de N.\u00aa Sr.\u00aa de Machede;<\/li>\n<li>Junta de Freguesia de S. Bento do Mato;<\/li>\n<li>Junta de Freguesia de S. Miguel de Machede;<\/li>\n<li>Uni\u00e3o de Freguesias de \u00c9vora;<\/li>\n<li>Uni\u00e3o de Freguesias do Bacelo e Senhora da Sa\u00fade;<\/li>\n<li>Uni\u00e3o de Freguesias da Malagueira e Horta das Figueiras;<\/li>\n<li>Associa\u00e7\u00e3o Coral \u00c9vora;<\/li>\n<li>CENDREV<\/li>\n<\/ul>\n<\/li>\n<\/ul>\n<p>&nbsp;<\/p>\n<h4><strong>Objetivos<\/strong><\/h4>\n<ul>\n<li style=\"list-style-type: none\">\n<ul>\n<li>Promover a ocupa\u00e7\u00e3o de tempos livres de jovens m\u00fasicos das bandas do concelho de \u00c9vora;<\/li>\n<li>Potenciar as qualidades musicais destes jovens;<\/li>\n<li>Fomentar o gosto pela m\u00fasica;<\/li>\n<li>Apoiar as bandas filarm\u00f3nicas do concelho atrav\u00e9s do pagamento de forma\u00e7\u00e3o especializada aos seus jovens executantes;<\/li>\n<li>Criar din\u00e2micas de anima\u00e7\u00e3o no concelho, nomeadamente nas freguesias rurais.<\/li>\n<\/ul>\n<\/li>\n<\/ul>\n<p>&nbsp;<\/p>\n<h4><strong>P\u00fablico-alvo<\/strong><\/h4>\n<p>Jovens (preferencialmente das bandas filarm\u00f3nicas do concelho)<\/p>\n<p>&nbsp;<\/p>\n<h4><strong>Calendariza\u00e7\u00e3o<\/strong><\/h4>\n<p>De setembro a junho<\/p>\n<p>&nbsp;<\/p>\n<h4><strong>Local<\/strong><\/h4>\n<p>&nbsp;<\/p>\n<h4><strong>Resumo\/Sinopse<\/strong><\/h4>\n<p>Projeto municipal que promove a forma\u00e7\u00e3o musical dos jovens m\u00fasicos das bandas filarm\u00f3nicas do concelho de \u00c9vora.<\/p>\n<p>Teve in\u00edcio em 2016 como atividade de ocupa\u00e7\u00e3o de tempos livres nas f\u00e9rias da P\u00e1scoa e funcionava num modelo de est\u00e1gio. Em 2019, passou a ter uma regularidade que acompanha o ano letivo e em que as forma\u00e7\u00f5es se realizam nas sedes das bandas filarm\u00f3nicas, continuando a ter um momento de est\u00e1gio na P\u00e1scoa.<\/p>\n<p>As sess\u00f5es formativas s\u00e3o ministradas por naipes de instrumentos atrav\u00e9s de formadores que s\u00e3o executantes com licenciatura ou experi\u00eancia acad\u00e9mica.<\/p>\n<p>Os jovens interessados poder\u00e3o inscrever-se atrav\u00e9s das bandas filarm\u00f3nicas do concelho.<\/p>\n<p>&nbsp;<\/p>\n<h4><strong>Contactos<\/strong><\/h4>\n<p><u>Telefone<\/u>: <a href=\"tel:+351266777000\" target=\"_blank\" rel=\"noopener\">+351 266 777 000<\/a> \u00abChamada para a rede fixa nacional\u00bb<\/p>\n<p><u>Email<\/u>: <a href=\"mailto:nunoricardo@cm-evora.pt\" target=\"_blank\" rel=\"noopener\">nunoricardo@cm-evora.pt<\/a><\/p>\n<p>&nbsp;<\/p>\n","protected":false},"excerpt":{"rendered":"<p>&nbsp; Entidade promotora e servi\u00e7o respons\u00e1vel C\u00e2mara Municipal de \u00c9vora \u2013 Departamento Sociocultural &nbsp; Nome da Respons\u00e1vel Nuno Ricardo &nbsp; Entidades Parceiras Universidade de \u00c9vora; Associa\u00e7\u00e3o Filarm\u00f3nica Liberalitas Julia; Associa\u00e7\u00e3o Filarm\u00f3nica 24 de Junho; Casa do Povo de N.\u00aa Sr.\u00aa de Machede; Grupo Uni\u00e3o e Recreio Azarujense; Eborae Mvsica; Junta de Freguesia de Canaviais; Junta [&hellip;]<\/p>\n","protected":false},"author":45,"featured_media":0,"parent":14190,"menu_order":13,"comment_status":"closed","ping_status":"closed","template":"templates-map\/component-text-layout1.php","meta":{"_acf_changed":false,"footnotes":""},"categories":[],"class_list":["post-49424","page","type-page","status-publish","hentry"],"acf":{"imagens":"","titulo_docs_seccao":"","documentos":""},"_links":{"self":[{"href":"https:\/\/www.cm-evora.pt\/en\/wp-json\/wp\/v2\/pages\/49424","targetHints":{"allow":["GET"]}}],"collection":[{"href":"https:\/\/www.cm-evora.pt\/en\/wp-json\/wp\/v2\/pages"}],"about":[{"href":"https:\/\/www.cm-evora.pt\/en\/wp-json\/wp\/v2\/types\/page"}],"author":[{"embeddable":true,"href":"https:\/\/www.cm-evora.pt\/en\/wp-json\/wp\/v2\/users\/45"}],"replies":[{"embeddable":true,"href":"https:\/\/www.cm-evora.pt\/en\/wp-json\/wp\/v2\/comments?post=49424"}],"version-history":[{"count":6,"href":"https:\/\/www.cm-evora.pt\/en\/wp-json\/wp\/v2\/pages\/49424\/revisions"}],"predecessor-version":[{"id":77567,"href":"https:\/\/www.cm-evora.pt\/en\/wp-json\/wp\/v2\/pages\/49424\/revisions\/77567"}],"up":[{"embeddable":true,"href":"https:\/\/www.cm-evora.pt\/en\/wp-json\/wp\/v2\/pages\/14190"}],"wp:attachment":[{"href":"https:\/\/www.cm-evora.pt\/en\/wp-json\/wp\/v2\/media?parent=49424"}],"wp:term":[{"taxonomy":"category","embeddable":true,"href":"https:\/\/www.cm-evora.pt\/en\/wp-json\/wp\/v2\/categories?post=49424"}],"curies":[{"name":"wp","href":"https:\/\/api.w.org\/{rel}","templated":true}]}}