{"id":505,"date":"2017-09-13T09:37:16","date_gmt":"2017-09-13T08:37:16","guid":{"rendered":"https:\/\/evora2.int.skilltech.pt\/susProjects\/wp_evora2_suite\/?page_id=505"},"modified":"2019-09-12T15:00:00","modified_gmt":"2019-09-12T14:00:00","slug":"pagina-de-cancelamento","status":"publish","type":"page","link":"https:\/\/www.cm-evora.pt\/en\/layouts\/newsletter\/pagina-de-cancelamento\/","title":{"rendered":"P\u00e1gina de Cancelamento"},"content":{"rendered":"<p>Confirmado o cancelamento de subscri\u00e7\u00e3o da nossa newsletter.<\/p>\n","protected":false},"excerpt":{"rendered":"<p>Confirmado o cancelamento de subscri\u00e7\u00e3o da nossa newsletter.<\/p>\n","protected":false},"author":1,"featured_media":0,"parent":1042,"menu_order":0,"comment_status":"closed","ping_status":"closed","template":"templates-map\/component-newsletter-unsubscribe-layout1.php","meta":{"_acf_changed":false,"footnotes":""},"categories":[],"class_list":["post-505","page","type-page","status-publish","hentry"],"acf":[],"_links":{"self":[{"href":"https:\/\/www.cm-evora.pt\/en\/wp-json\/wp\/v2\/pages\/505","targetHints":{"allow":["GET"]}}],"collection":[{"href":"https:\/\/www.cm-evora.pt\/en\/wp-json\/wp\/v2\/pages"}],"about":[{"href":"https:\/\/www.cm-evora.pt\/en\/wp-json\/wp\/v2\/types\/page"}],"author":[{"embeddable":true,"href":"https:\/\/www.cm-evora.pt\/en\/wp-json\/wp\/v2\/users\/1"}],"replies":[{"embeddable":true,"href":"https:\/\/www.cm-evora.pt\/en\/wp-json\/wp\/v2\/comments?post=505"}],"version-history":[{"count":3,"href":"https:\/\/www.cm-evora.pt\/en\/wp-json\/wp\/v2\/pages\/505\/revisions"}],"predecessor-version":[{"id":520,"href":"https:\/\/www.cm-evora.pt\/en\/wp-json\/wp\/v2\/pages\/505\/revisions\/520"}],"up":[{"embeddable":true,"href":"https:\/\/www.cm-evora.pt\/en\/wp-json\/wp\/v2\/pages\/1042"}],"wp:attachment":[{"href":"https:\/\/www.cm-evora.pt\/en\/wp-json\/wp\/v2\/media?parent=505"}],"wp:term":[{"taxonomy":"category","embeddable":true,"href":"https:\/\/www.cm-evora.pt\/en\/wp-json\/wp\/v2\/categories?post=505"}],"curies":[{"name":"wp","href":"https:\/\/api.w.org\/{rel}","templated":true}]}}