{"id":508,"date":"2017-09-13T09:48:17","date_gmt":"2017-09-13T08:48:17","guid":{"rendered":"https:\/\/evora2.int.skilltech.pt\/susProjects\/wp_evora2_suite\/?page_id=508"},"modified":"2017-09-13T09:48:17","modified_gmt":"2017-09-13T08:48:17","slug":"confirmacao-de-subscricao","status":"publish","type":"page","link":"https:\/\/www.cm-evora.pt\/en\/confirmacao-de-subscricao\/","title":{"rendered":"Confirma\u00e7\u00e3o de Subscri\u00e7\u00e3o"},"content":{"rendered":"<p>Obrigado por subscreveres a nossa newsletter!<\/p>\n","protected":false},"excerpt":{"rendered":"<p>Obrigado por subscreveres a nossa newsletter!<\/p>\n","protected":false},"author":1,"featured_media":0,"parent":0,"menu_order":0,"comment_status":"closed","ping_status":"closed","template":"templates-map\/component-newsletter-subscription-confirmation-layout1.php","meta":{"_acf_changed":false,"footnotes":""},"categories":[],"class_list":["post-508","page","type-page","status-publish","hentry"],"acf":[],"_links":{"self":[{"href":"https:\/\/www.cm-evora.pt\/en\/wp-json\/wp\/v2\/pages\/508","targetHints":{"allow":["GET"]}}],"collection":[{"href":"https:\/\/www.cm-evora.pt\/en\/wp-json\/wp\/v2\/pages"}],"about":[{"href":"https:\/\/www.cm-evora.pt\/en\/wp-json\/wp\/v2\/types\/page"}],"author":[{"embeddable":true,"href":"https:\/\/www.cm-evora.pt\/en\/wp-json\/wp\/v2\/users\/1"}],"replies":[{"embeddable":true,"href":"https:\/\/www.cm-evora.pt\/en\/wp-json\/wp\/v2\/comments?post=508"}],"version-history":[{"count":1,"href":"https:\/\/www.cm-evora.pt\/en\/wp-json\/wp\/v2\/pages\/508\/revisions"}],"predecessor-version":[{"id":509,"href":"https:\/\/www.cm-evora.pt\/en\/wp-json\/wp\/v2\/pages\/508\/revisions\/509"}],"wp:attachment":[{"href":"https:\/\/www.cm-evora.pt\/en\/wp-json\/wp\/v2\/media?parent=508"}],"wp:term":[{"taxonomy":"category","embeddable":true,"href":"https:\/\/www.cm-evora.pt\/en\/wp-json\/wp\/v2\/categories?post=508"}],"curies":[{"name":"wp","href":"https:\/\/api.w.org\/{rel}","templated":true}]}}