{"id":52374,"date":"2023-08-01T10:34:10","date_gmt":"2023-08-01T09:34:10","guid":{"rendered":"https:\/\/www.cm-evora.pt\/?page_id=52374"},"modified":"2024-01-16T09:46:59","modified_gmt":"2024-01-16T09:46:59","slug":"atividades-de-enriquecimento-curricular-2023-2024","status":"publish","type":"page","link":"https:\/\/www.cm-evora.pt\/en\/atividades-de-enriquecimento-curricular-2023-2024\/","title":{"rendered":"Atividades de Enriquecimento Curricular 2023\/2024"},"content":{"rendered":"<p><a href=\"https:\/\/www.cm-evora.pt\/wp-content\/uploads\/2023\/08\/AECs-Banner_GeralFinal-01.png\" target=\"_blank\" rel=\"noopener\"><img loading=\"lazy\" decoding=\"async\" class=\"alignnone wp-image-52375 size-full\" src=\"https:\/\/www.cm-evora.pt\/wp-content\/uploads\/2023\/08\/AECs-Banner_GeralFinal-01.png\" alt=\"\" width=\"8000\" height=\"4500\" srcset=\"https:\/\/www.cm-evora.pt\/wp-content\/uploads\/2023\/08\/AECs-Banner_GeralFinal-01.png 8000w, https:\/\/www.cm-evora.pt\/wp-content\/uploads\/2023\/08\/AECs-Banner_GeralFinal-01-300x169.png 300w, https:\/\/www.cm-evora.pt\/wp-content\/uploads\/2023\/08\/AECs-Banner_GeralFinal-01-1024x576.png 1024w, https:\/\/www.cm-evora.pt\/wp-content\/uploads\/2023\/08\/AECs-Banner_GeralFinal-01-768x432.png 768w, https:\/\/www.cm-evora.pt\/wp-content\/uploads\/2023\/08\/AECs-Banner_GeralFinal-01-1536x864.png 1536w, https:\/\/www.cm-evora.pt\/wp-content\/uploads\/2023\/08\/AECs-Banner_GeralFinal-01-2048x1152.png 2048w, https:\/\/www.cm-evora.pt\/wp-content\/uploads\/2023\/08\/AECs-Banner_GeralFinal-01-1320x743.png 1320w\" sizes=\"auto, (max-width: 8000px) 100vw, 8000px\" \/><\/a><\/p>\n<h3 style=\"text-align: center\"><strong>PROCEDIMENTO CONCURSAL ATIVIDADES DE ENRIQUECIMENTO CURRICULAR (AECS) 2023\/2024<\/strong><\/h3>\n<p>&nbsp;<\/p>\n<p>Procedimento concursal para contrata\u00e7\u00e3o por tempo determinado, de t\u00e9cnicos para desenvolvimento das Atividades de Enriquecimento Curricular &#8211; ano letivo de 2023\/2024.<\/p>\n<h2><\/h2>\n","protected":false},"excerpt":{"rendered":"<p>PROCEDIMENTO CONCURSAL ATIVIDADES DE ENRIQUECIMENTO CURRICULAR (AECS) 2023\/2024 &nbsp; Procedimento concursal para contrata\u00e7\u00e3o por tempo determinado, de t\u00e9cnicos para desenvolvimento das Atividades de Enriquecimento Curricular &#8211; ano letivo de 2023\/2024.<\/p>\n","protected":false},"author":45,"featured_media":0,"parent":0,"menu_order":22,"comment_status":"closed","ping_status":"closed","template":"templates-map\/component-text-list-layout1.php","meta":{"_acf_changed":false,"footnotes":""},"categories":[],"class_list":["post-52374","page","type-page","status-publish","hentry"],"acf":[],"_links":{"self":[{"href":"https:\/\/www.cm-evora.pt\/en\/wp-json\/wp\/v2\/pages\/52374","targetHints":{"allow":["GET"]}}],"collection":[{"href":"https:\/\/www.cm-evora.pt\/en\/wp-json\/wp\/v2\/pages"}],"about":[{"href":"https:\/\/www.cm-evora.pt\/en\/wp-json\/wp\/v2\/types\/page"}],"author":[{"embeddable":true,"href":"https:\/\/www.cm-evora.pt\/en\/wp-json\/wp\/v2\/users\/45"}],"replies":[{"embeddable":true,"href":"https:\/\/www.cm-evora.pt\/en\/wp-json\/wp\/v2\/comments?post=52374"}],"version-history":[{"count":13,"href":"https:\/\/www.cm-evora.pt\/en\/wp-json\/wp\/v2\/pages\/52374\/revisions"}],"predecessor-version":[{"id":54403,"href":"https:\/\/www.cm-evora.pt\/en\/wp-json\/wp\/v2\/pages\/52374\/revisions\/54403"}],"wp:attachment":[{"href":"https:\/\/www.cm-evora.pt\/en\/wp-json\/wp\/v2\/media?parent=52374"}],"wp:term":[{"taxonomy":"category","embeddable":true,"href":"https:\/\/www.cm-evora.pt\/en\/wp-json\/wp\/v2\/categories?post=52374"}],"curies":[{"name":"wp","href":"https:\/\/api.w.org\/{rel}","templated":true}]}}