{"id":52920,"date":"2023-08-28T09:21:05","date_gmt":"2023-08-28T08:21:05","guid":{"rendered":"https:\/\/www.cm-evora.pt\/?page_id=52920"},"modified":"2026-04-08T18:44:11","modified_gmt":"2026-04-08T17:44:11","slug":"plano-de-urbanizacao-em-revisao","status":"publish","type":"page","link":"https:\/\/www.cm-evora.pt\/en\/plano-de-urbanizacao-em-revisao\/","title":{"rendered":"Plano de Urbaniza\u00e7\u00e3o | Em Revis\u00e3o"},"content":{"rendered":"<p><\/p>\n<p style=\"text-align: center\"><a href=\"https:\/\/www.cm-evora.pt\/wp-content\/uploads\/2022\/05\/BannerSItePUE_CME-01.png\" target=\"_blank\" rel=\"noopener\"><img loading=\"lazy\" decoding=\"async\" class=\"alignnone wp-image-35700 size-full\" src=\"https:\/\/www.cm-evora.pt\/wp-content\/uploads\/2022\/05\/BannerSItePUE_CME-01.png\" alt=\"\" width=\"3544\" height=\"1723\" srcset=\"https:\/\/www.cm-evora.pt\/wp-content\/uploads\/2022\/05\/BannerSItePUE_CME-01.png 3544w, https:\/\/www.cm-evora.pt\/wp-content\/uploads\/2022\/05\/BannerSItePUE_CME-01-300x146.png 300w, https:\/\/www.cm-evora.pt\/wp-content\/uploads\/2022\/05\/BannerSItePUE_CME-01-1024x498.png 1024w, https:\/\/www.cm-evora.pt\/wp-content\/uploads\/2022\/05\/BannerSItePUE_CME-01-768x373.png 768w, https:\/\/www.cm-evora.pt\/wp-content\/uploads\/2022\/05\/BannerSItePUE_CME-01-1536x747.png 1536w, https:\/\/www.cm-evora.pt\/wp-content\/uploads\/2022\/05\/BannerSItePUE_CME-01-2048x996.png 2048w, https:\/\/www.cm-evora.pt\/wp-content\/uploads\/2022\/05\/BannerSItePUE_CME-01-1320x642.png 1320w\" sizes=\"auto, (max-width: 3544px) 100vw, 3544px\" \/><\/a><\/p>\n<p>&nbsp;<\/p>\n<p>A\u00a0revis\u00e3o do Plano de Urbaniza\u00e7\u00e3o de \u00c9vora est\u00e1 a entrar na reta final.<\/p>\n<p>Em agosto\/2023 foram apresentados an\u00e1lises sectoriais e um Diagn\u00f3stico Operativo.<\/p>\n<p>Estamos agora a divulgar e a promover a discuss\u00e3o da Proposta de Plano.<\/p>\n<p>&nbsp;<\/p>\n<p>Sugest\u00f5es para consulta da proposta:<\/p>\n<ul>\n<li style=\"list-style-type: none\">\n<ul>\n<li>Clique em <strong>\u201cVis\u00e3o Global\u201d<\/strong>. A\u00ed encontrar\u00e1 informa\u00e7\u00e3o sobre os elementos mais inovadores do Plano, organizados nos seguintes itens:\n<ul>\n<li>Esfor\u00e7o interdisciplinar.<\/li>\n<li>Aprofundamento da defesa e valoriza\u00e7\u00e3o patrimonial, do Centro Hist\u00f3rico e de toda a Paisagem Hist\u00f3rica presente na Envolvente da Cidade.<\/li>\n<li>Plano de grande detalhe para a Cidade, assente em rede ecol\u00f3gica, novo paradigma de mobilidade, refor\u00e7o de centros locais e fomento de viv\u00eancia urbana.<\/li>\n<li>Retoma da iniciativa municipal urban\u00edstica e fundi\u00e1ria, centrada na colmata\u00e7\u00e3o urbana, na qualifica\u00e7\u00e3o do espa\u00e7o p\u00fablico e em oferta habitacional acess\u00edvel.<\/li>\n<\/ul>\n<\/li>\n<\/ul>\n<\/li>\n<\/ul>\n<ul>\n<li style=\"list-style-type: none\">\n<ul>\n<li>N\u00e3o deixe de, pelo menos, espreitar o dossier <strong>\u201cParticipa\u00e7\u00e3o\u201d<\/strong>. Poder\u00e1 constatar como influenciou as propostas adotadas. E poder\u00e1 deslumbrar-se com a participa\u00e7\u00e3o das crian\u00e7as.<\/li>\n<\/ul>\n<\/li>\n<\/ul>\n<ul>\n<li style=\"list-style-type: none\">\n<ul>\n<li>Para uma an\u00e1lise mais precisa e mais t\u00e9cnica, consulte as <strong>\u201cPe\u00e7as Essenciais\u201d<\/strong>: Relat\u00f3rio e Programa de Execu\u00e7\u00e3o; Planta de Zonamento; Regulamento.<\/li>\n<\/ul>\n<\/li>\n<\/ul>\n<ul>\n<li style=\"list-style-type: none\">\n<ul>\n<li>Para quest\u00f5es mais espec\u00edficas, poder\u00e1 ent\u00e3o consultar as <strong>\u201cOutras Pe\u00e7as<\/strong>\u201d.<\/li>\n<\/ul>\n<\/li>\n<\/ul>\n<p>&nbsp;<\/p>\n<p style=\"text-align: center\"><a href=\"https:\/\/geo.cimac.pt\/portal\/apps\/storymaps\/stories\/0778b2f273694a32a688d091622cc008\" target=\"_blank\" rel=\"noopener\"><img loading=\"lazy\" decoding=\"async\" class=\"alignnone wp-image-70841\" src=\"https:\/\/www.cm-evora.pt\/wp-content\/uploads\/2025\/02\/211215_Plano-de-comunicacao-PUEvora_mariana_2025-01.jpg\" alt=\"\" width=\"420\" height=\"296\" srcset=\"https:\/\/www.cm-evora.pt\/wp-content\/uploads\/2025\/02\/211215_Plano-de-comunicacao-PUEvora_mariana_2025-01.jpg 1401w, https:\/\/www.cm-evora.pt\/wp-content\/uploads\/2025\/02\/211215_Plano-de-comunicacao-PUEvora_mariana_2025-01-300x212.jpg 300w, https:\/\/www.cm-evora.pt\/wp-content\/uploads\/2025\/02\/211215_Plano-de-comunicacao-PUEvora_mariana_2025-01-1024x723.jpg 1024w, https:\/\/www.cm-evora.pt\/wp-content\/uploads\/2025\/02\/211215_Plano-de-comunicacao-PUEvora_mariana_2025-01-768x542.jpg 768w, https:\/\/www.cm-evora.pt\/wp-content\/uploads\/2025\/02\/211215_Plano-de-comunicacao-PUEvora_mariana_2025-01-1320x932.jpg 1320w\" sizes=\"auto, (max-width: 420px) 100vw, 420px\" \/><\/a>\u00a0 <a href=\"https:\/\/www.cm-evora.pt\/participacao\/\" target=\"_blank\" rel=\"noopener\"><img loading=\"lazy\" decoding=\"async\" class=\"alignnone wp-image-53328\" src=\"https:\/\/www.cm-evora.pt\/wp-content\/uploads\/2023\/09\/Participacao.jpg\" alt=\"\" width=\"420\" height=\"296\" srcset=\"https:\/\/www.cm-evora.pt\/wp-content\/uploads\/2023\/09\/Participacao.jpg 1401w, https:\/\/www.cm-evora.pt\/wp-content\/uploads\/2023\/09\/Participacao-300x212.jpg 300w, https:\/\/www.cm-evora.pt\/wp-content\/uploads\/2023\/09\/Participacao-1024x723.jpg 1024w, https:\/\/www.cm-evora.pt\/wp-content\/uploads\/2023\/09\/Participacao-768x542.jpg 768w, https:\/\/www.cm-evora.pt\/wp-content\/uploads\/2023\/09\/Participacao-1320x932.jpg 1320w\" sizes=\"auto, (max-width: 420px) 100vw, 420px\" \/><\/a><\/p>\n<p>&nbsp;<\/p>\n<p style=\"text-align: center\"><a href=\"https:\/\/www.cm-evora.pt\/pecas-essenciais\/\" target=\"_blank\" rel=\"noopener\"><img loading=\"lazy\" decoding=\"async\" class=\"alignnone wp-image-70845\" src=\"https:\/\/www.cm-evora.pt\/wp-content\/uploads\/2025\/02\/211215_Plano-de-comunicacao-PUEvora_mariana_2025-02.jpg\" alt=\"\" width=\"420\" height=\"296\" srcset=\"https:\/\/www.cm-evora.pt\/wp-content\/uploads\/2025\/02\/211215_Plano-de-comunicacao-PUEvora_mariana_2025-02.jpg 1401w, https:\/\/www.cm-evora.pt\/wp-content\/uploads\/2025\/02\/211215_Plano-de-comunicacao-PUEvora_mariana_2025-02-300x212.jpg 300w, https:\/\/www.cm-evora.pt\/wp-content\/uploads\/2025\/02\/211215_Plano-de-comunicacao-PUEvora_mariana_2025-02-1024x723.jpg 1024w, https:\/\/www.cm-evora.pt\/wp-content\/uploads\/2025\/02\/211215_Plano-de-comunicacao-PUEvora_mariana_2025-02-768x542.jpg 768w, https:\/\/www.cm-evora.pt\/wp-content\/uploads\/2025\/02\/211215_Plano-de-comunicacao-PUEvora_mariana_2025-02-1320x932.jpg 1320w\" sizes=\"auto, (max-width: 420px) 100vw, 420px\" \/><\/a>\u00a0 <a href=\"https:\/\/www.cm-evora.pt\/outras-pecas\/\" target=\"_blank\" rel=\"noopener\"><img loading=\"lazy\" decoding=\"async\" class=\"alignnone wp-image-70840\" src=\"https:\/\/www.cm-evora.pt\/wp-content\/uploads\/2025\/02\/211215_Plano-de-comunicacao-PUEvora_mariana_2025-03.jpg\" alt=\"\" width=\"420\" height=\"296\" srcset=\"https:\/\/www.cm-evora.pt\/wp-content\/uploads\/2025\/02\/211215_Plano-de-comunicacao-PUEvora_mariana_2025-03.jpg 1401w, https:\/\/www.cm-evora.pt\/wp-content\/uploads\/2025\/02\/211215_Plano-de-comunicacao-PUEvora_mariana_2025-03-300x212.jpg 300w, https:\/\/www.cm-evora.pt\/wp-content\/uploads\/2025\/02\/211215_Plano-de-comunicacao-PUEvora_mariana_2025-03-1024x723.jpg 1024w, https:\/\/www.cm-evora.pt\/wp-content\/uploads\/2025\/02\/211215_Plano-de-comunicacao-PUEvora_mariana_2025-03-768x542.jpg 768w, https:\/\/www.cm-evora.pt\/wp-content\/uploads\/2025\/02\/211215_Plano-de-comunicacao-PUEvora_mariana_2025-03-1320x932.jpg 1320w\" sizes=\"auto, (max-width: 420px) 100vw, 420px\" \/><\/a><\/p>\n<p>&nbsp;<\/p>\n<hr \/>\n<p>&nbsp;<\/p>\n<p><strong>Encontra-se em curso o processo de revis\u00e3o do Plano de Urbaniza\u00e7\u00e3o | 4.\u00aa revis\u00e3o<\/strong><\/p>\n<p>\u00c9vora, \u00e9 uma cidade com um enorme potencial, com proje\u00e7\u00e3o internacional, pioneira em diversos processos de administra\u00e7\u00e3o do territ\u00f3rio.<\/p>\n<p>\u00c9vora, Capital Europeia da Cultura em 2027, prepara o presente e pretende projetar o seu desenvolvimento futuro, respondendo aos desafios atuais, continuando a ser pioneira.<\/p>\n<p>A revis\u00e3o do Plano de Urbaniza\u00e7\u00e3o prossegue este caminho.<\/p>\n<p><a href=\"https:\/\/www.cm-evora.pt\/wp-content\/uploads\/2021\/11\/Aviso_22304_2021.pdf\" target=\"_blank\" rel=\"noopener\">Aviso n.\u00ba 22304\/2021 de 26 de novembro<\/a> | D\u00e1-se conhecimento da publica\u00e7\u00e3o do presente aviso sobre o in\u00edcio de procedimento da 4.\u00aa revis\u00e3o do Plano de Urbaniza\u00e7\u00e3o de \u00c9vora.<\/p>\n<p>O prazo de elabora\u00e7\u00e3o do plano \u00e9 de 35 meses, podendo os interessados aceder aos termos de refer\u00eancia na <a href=\"https:\/\/www.cm-evora.pt\/wp-content\/uploads\/2021\/11\/2021_10_27_Delib_PUE.pdf\" target=\"_blank\" rel=\"noopener\">delibera\u00e7\u00e3o p\u00fablica de 27 de outubro de 2021<\/a>.<\/p>\n<p>&nbsp;<\/p>\n<h3><strong>O que \u00e9 um plano de urbaniza\u00e7\u00e3o?<\/strong><\/h3>\n<p>\u00c9 um estudo (de carateriza\u00e7\u00e3o de um espa\u00e7o urbano e da sua envolvente) e \u00e9, sobretudo, uma manifesta\u00e7\u00e3o de vontade relativa a um futuro pretendido. Traduz-se, muito habitualmente, no estabelecimento de regras e orienta\u00e7\u00f5es edificat\u00f3rias, sobre o que reabilitar e o que urbanizar e sobre o aonde instalar habita\u00e7\u00e3o, atividades, equipamentos, zonas verdes. Mas essas regras, relativas a usos e formas urbanas, podem e devem articular-se com desafios ambientais, modelo de mobilidade, desenvolvimento econ\u00f3mico, pol\u00edticas de habita\u00e7\u00e3o; e podem e devem tamb\u00e9m articular-se com a ado\u00e7\u00e3o de pol\u00edticas fundi\u00e1ria, financeira e execut\u00f3ria. \u00c9 isto que se pretende.<\/p>\n<p>&nbsp;<\/p>\n<p>&nbsp;<\/p>\n<h3><strong>O que pode mudar na cidade?<\/strong><\/h3>\n<p>O futuro o dir\u00e1. Alguns planos n\u00e3o passam do papel, n\u00e3o chegam a ser concretizados. A execu\u00e7\u00e3o de um plano de cidade depende de todos os agentes que nela atuam, de todos os cidad\u00e3os que nela vivem e da capacidade do respetivo munic\u00edpio de os enquadrar, orientar e articular. Um plano rigoroso e participado, perspetivando a sua pr\u00f3pria execu\u00e7\u00e3o, \u00e9 um bom come\u00e7o, aumenta a sua probabilidade de sucesso.<\/p>\n<p><\/p>","protected":false},"excerpt":{"rendered":"<p>&nbsp; A\u00a0revis\u00e3o do Plano de Urbaniza\u00e7\u00e3o de \u00c9vora est\u00e1 a entrar na reta final. Em agosto\/2023 foram apresentados an\u00e1lises sectoriais e um Diagn\u00f3stico Operativo. Estamos agora a divulgar e a promover a discuss\u00e3o da Proposta de Plano. &nbsp; Sugest\u00f5es para consulta da proposta: Clique em \u201cVis\u00e3o Global\u201d. A\u00ed encontrar\u00e1 informa\u00e7\u00e3o sobre os elementos mais inovadores [&hellip;]<\/p>\n","protected":false},"author":45,"featured_media":0,"parent":0,"menu_order":10,"comment_status":"closed","ping_status":"closed","template":"templates-map\/component-text-layout1.php","meta":{"_acf_changed":false,"footnotes":""},"categories":[],"class_list":["post-52920","page","type-page","status-publish","hentry"],"acf":{"imagens":"","titulo_docs_seccao":"","documentos":""},"_links":{"self":[{"href":"https:\/\/www.cm-evora.pt\/en\/wp-json\/wp\/v2\/pages\/52920","targetHints":{"allow":["GET"]}}],"collection":[{"href":"https:\/\/www.cm-evora.pt\/en\/wp-json\/wp\/v2\/pages"}],"about":[{"href":"https:\/\/www.cm-evora.pt\/en\/wp-json\/wp\/v2\/types\/page"}],"author":[{"embeddable":true,"href":"https:\/\/www.cm-evora.pt\/en\/wp-json\/wp\/v2\/users\/45"}],"replies":[{"embeddable":true,"href":"https:\/\/www.cm-evora.pt\/en\/wp-json\/wp\/v2\/comments?post=52920"}],"version-history":[{"count":37,"href":"https:\/\/www.cm-evora.pt\/en\/wp-json\/wp\/v2\/pages\/52920\/revisions"}],"predecessor-version":[{"id":82876,"href":"https:\/\/www.cm-evora.pt\/en\/wp-json\/wp\/v2\/pages\/52920\/revisions\/82876"}],"wp:attachment":[{"href":"https:\/\/www.cm-evora.pt\/en\/wp-json\/wp\/v2\/media?parent=52920"}],"wp:term":[{"taxonomy":"category","embeddable":true,"href":"https:\/\/www.cm-evora.pt\/en\/wp-json\/wp\/v2\/categories?post=52920"}],"curies":[{"name":"wp","href":"https:\/\/api.w.org\/{rel}","templated":true}]}}