{"id":52921,"date":"2023-08-28T09:21:11","date_gmt":"2023-08-28T08:21:11","guid":{"rendered":"https:\/\/www.cm-evora.pt\/?page_id=52921"},"modified":"2025-01-31T11:27:50","modified_gmt":"2025-01-31T11:27:50","slug":"plano-de-urbanizacao-em-vigor","status":"publish","type":"page","link":"https:\/\/www.cm-evora.pt\/en\/plano-de-urbanizacao-em-vigor\/","title":{"rendered":"Plano de Urbaniza\u00e7\u00e3o | Em Vigor"},"content":{"rendered":"<p>Foi promovida uma altera\u00e7\u00e3o simplificada ao Plano de Urbaniza\u00e7\u00e3o de \u00c9vora (PU\u00c9), publicada atrav\u00e9s do <a href=\"https:\/\/diariodarepublica.pt\/dr\/detalhe\/aviso\/2985-2025-905660195\" target=\"_blank\" rel=\"noopener\">aviso n.\u00ba 2985\/2025\/2 de 31 de janeiro de 2025<\/a>.<\/p>\n<p>Para mais informa\u00e7\u00f5es, clique <a href=\"https:\/\/www.cm-evora.pt\/municipe\/areas-de-acao\/ordenamento-territorio-e-urbanismo\/planos-municipais\/plano-de-urbanizacao-de-evora-2\/\" target=\"_blank\" rel=\"noopener\">aqui<\/a>.<\/p>\n<p>A 3\u00aa revis\u00e3o do Plano de Urbaniza\u00e7\u00e3o de \u00c9vora (PUE) foi aprovada pelas delibera\u00e7\u00f5es da Assembleia Municipal de \u00c9vora de 22 de Janeiro de 1999 e de 29 de Outubro de 1999, ratificada pela Resolu\u00e7\u00e3o do Conselho de Ministros n.\u00ba 13\/2000, de 24 de Fevereiro e publicada no Di\u00e1rio da Rep\u00fablica, I.\u00aa S\u00e9rie \u2013 B, n.\u00ba 74, de 28 de Mar\u00e7o de 2000. Posteriormente, o plano foi alterado e o regulamento republicado atrav\u00e9s do <a href=\"https:\/\/dre.pt\/dre\/detalhe\/aviso\/12113-2011-964693\" target=\"_blank\" rel=\"noopener\">Aviso n.\u00ba 12113\/2011, de 2 de junho<\/a>.<\/p>\n<p>&nbsp;<\/p>\n<p><strong>\/\/ PE\u00c7AS DESENHADAS<\/strong><\/p>\n<p>&nbsp;<\/p>\n<ul>\n<li style=\"list-style-type: none\">\n<ul>\n<li><a href=\"https:\/\/www.cm-evora.pt\/wp-content\/uploads\/2025\/01\/0705_ZONAMENTO_00.pdf\" target=\"_blank\" rel=\"noopener\">Planta de Zonamento<\/a><\/li>\n<li><a href=\"https:\/\/www.cm-evora.pt\/wp-content\/uploads\/2020\/11\/2_Planta_CondicionantesPUE.pdf\" target=\"_blank\" rel=\"noopener\">Planta de Condicionantes<\/a><\/li>\n<li><a href=\"https:\/\/www.cm-evora.pt\/wp-content\/uploads\/2020\/11\/3_Planta_Est_Ecol_UrbanaPUE.pdf\" target=\"_blank\" rel=\"noopener\">Planta Estrutura Ecol\u00f3gica Urbana<\/a><\/li>\n<li><a href=\"https:\/\/www.cm-evora.pt\/wp-content\/uploads\/2020\/11\/4_Planta_Patrimonio_Intra_MurosPUE.pdf\" target=\"_blank\" rel=\"noopener\">Patrim\u00f3nio \u2013 Cidade Intramuros<\/a> (Anexo I \u2013 Regulamento)<\/li>\n<li><a href=\"https:\/\/www.cm-evora.pt\/wp-content\/uploads\/2020\/11\/5_Planta_Patrimonio_Extra_MurosPUE.pdf\" target=\"_blank\" rel=\"noopener\">Patrim\u00f3nio \u2013 Cidade Extramuros<\/a> (Anexo II \u2013 Regulamento)<\/li>\n<\/ul>\n<\/li>\n<\/ul>\n<p>&nbsp;<\/p>\n","protected":false},"excerpt":{"rendered":"<p>Foi promovida uma altera\u00e7\u00e3o simplificada ao Plano de Urbaniza\u00e7\u00e3o de \u00c9vora (PU\u00c9), publicada atrav\u00e9s do aviso n.\u00ba 2985\/2025\/2 de 31 de janeiro de 2025. Para mais informa\u00e7\u00f5es, clique aqui. A 3\u00aa revis\u00e3o do Plano de Urbaniza\u00e7\u00e3o de \u00c9vora (PUE) foi aprovada pelas delibera\u00e7\u00f5es da Assembleia Municipal de \u00c9vora de 22 de Janeiro de 1999 e [&hellip;]<\/p>\n","protected":false},"author":45,"featured_media":0,"parent":0,"menu_order":11,"comment_status":"closed","ping_status":"closed","template":"templates-map\/component-text-list-layout1.php","meta":{"_acf_changed":false,"footnotes":""},"categories":[],"class_list":["post-52921","page","type-page","status-publish","hentry"],"acf":[],"_links":{"self":[{"href":"https:\/\/www.cm-evora.pt\/en\/wp-json\/wp\/v2\/pages\/52921","targetHints":{"allow":["GET"]}}],"collection":[{"href":"https:\/\/www.cm-evora.pt\/en\/wp-json\/wp\/v2\/pages"}],"about":[{"href":"https:\/\/www.cm-evora.pt\/en\/wp-json\/wp\/v2\/types\/page"}],"author":[{"embeddable":true,"href":"https:\/\/www.cm-evora.pt\/en\/wp-json\/wp\/v2\/users\/45"}],"replies":[{"embeddable":true,"href":"https:\/\/www.cm-evora.pt\/en\/wp-json\/wp\/v2\/comments?post=52921"}],"version-history":[{"count":7,"href":"https:\/\/www.cm-evora.pt\/en\/wp-json\/wp\/v2\/pages\/52921\/revisions"}],"predecessor-version":[{"id":70737,"href":"https:\/\/www.cm-evora.pt\/en\/wp-json\/wp\/v2\/pages\/52921\/revisions\/70737"}],"wp:attachment":[{"href":"https:\/\/www.cm-evora.pt\/en\/wp-json\/wp\/v2\/media?parent=52921"}],"wp:term":[{"taxonomy":"category","embeddable":true,"href":"https:\/\/www.cm-evora.pt\/en\/wp-json\/wp\/v2\/categories?post=52921"}],"curies":[{"name":"wp","href":"https:\/\/api.w.org\/{rel}","templated":true}]}}