{"id":53228,"date":"2023-09-12T10:16:52","date_gmt":"2023-09-12T09:16:52","guid":{"rendered":"https:\/\/www.cm-evora.pt\/?page_id=53228"},"modified":"2025-02-05T13:54:42","modified_gmt":"2025-02-05T13:54:42","slug":"participacao","status":"publish","type":"page","link":"https:\/\/www.cm-evora.pt\/en\/participacao\/","title":{"rendered":"Participa\u00e7\u00e3o"},"content":{"rendered":"<p style=\"text-align: center\"><img loading=\"lazy\" decoding=\"async\" class=\"alignnone wp-image-53328 size-full\" src=\"https:\/\/www.cm-evora.pt\/wp-content\/uploads\/2023\/09\/Participacao.jpg\" alt=\"\" width=\"1401\" height=\"989\" srcset=\"https:\/\/www.cm-evora.pt\/wp-content\/uploads\/2023\/09\/Participacao.jpg 1401w, https:\/\/www.cm-evora.pt\/wp-content\/uploads\/2023\/09\/Participacao-300x212.jpg 300w, https:\/\/www.cm-evora.pt\/wp-content\/uploads\/2023\/09\/Participacao-1024x723.jpg 1024w, https:\/\/www.cm-evora.pt\/wp-content\/uploads\/2023\/09\/Participacao-768x542.jpg 768w, https:\/\/www.cm-evora.pt\/wp-content\/uploads\/2023\/09\/Participacao-1320x932.jpg 1320w\" sizes=\"auto, (max-width: 1401px) 100vw, 1401px\" \/><\/p>\n<p>&nbsp;<\/p>\n<p>O processo participativo da 4\u00aa Revis\u00e3o do Plano de Urbaniza\u00e7\u00e3o de \u00c9vora foi um exemplo bem-sucedido de envolvimento comunit\u00e1rio no planeamento urbano, no qual os cidad\u00e3os desempenharam um papel ativo e central.<\/p>\n<p>Este modelo destacou a import\u00e2ncia de uma abordagem metodol\u00f3gica inclusiva e colaborativa permitindo que a opini\u00e3o dos cidad\u00e3os fosse incorporada em todas as etapas, desde a recolha de expectativas at\u00e9 \u00e0 elabora\u00e7\u00e3o de propostas.<\/p>\n<p>A proposta de plano agora apresentado reflete assim as preocupa\u00e7\u00f5es da comunidade e promove uma vis\u00e3o integrada e democr\u00e1tica para o futuro da cidade.<\/p>\n<p>&nbsp;<\/p>\n<p><strong>Documenta\u00e7\u00e3o:<\/strong><\/p>\n<ul>\n<li style=\"list-style-type: none\">\n<ul>\n<li><a href=\"https:\/\/www.cm-evora.pt\/wp-content\/uploads\/2025\/02\/3i_Relatorio-Participacao.pdf\" target=\"_blank\" rel=\"noopener\">Relat\u00f3rio da Participa\u00e7\u00e3o<\/a><\/li>\n<\/ul>\n<\/li>\n<\/ul>\n<p>&nbsp;<\/p>\n","protected":false},"excerpt":{"rendered":"<p>&nbsp; O processo participativo da 4\u00aa Revis\u00e3o do Plano de Urbaniza\u00e7\u00e3o de \u00c9vora foi um exemplo bem-sucedido de envolvimento comunit\u00e1rio no planeamento urbano, no qual os cidad\u00e3os desempenharam um papel ativo e central. Este modelo destacou a import\u00e2ncia de uma abordagem metodol\u00f3gica inclusiva e colaborativa permitindo que a opini\u00e3o dos cidad\u00e3os fosse incorporada em todas [&hellip;]<\/p>\n","protected":false},"author":45,"featured_media":0,"parent":0,"menu_order":12,"comment_status":"closed","ping_status":"closed","template":"templates-map\/component-text-layout1.php","meta":{"_acf_changed":false,"footnotes":""},"categories":[],"class_list":["post-53228","page","type-page","status-publish","hentry"],"acf":{"imagens":"","titulo_docs_seccao":"","documentos":""},"_links":{"self":[{"href":"https:\/\/www.cm-evora.pt\/en\/wp-json\/wp\/v2\/pages\/53228","targetHints":{"allow":["GET"]}}],"collection":[{"href":"https:\/\/www.cm-evora.pt\/en\/wp-json\/wp\/v2\/pages"}],"about":[{"href":"https:\/\/www.cm-evora.pt\/en\/wp-json\/wp\/v2\/types\/page"}],"author":[{"embeddable":true,"href":"https:\/\/www.cm-evora.pt\/en\/wp-json\/wp\/v2\/users\/45"}],"replies":[{"embeddable":true,"href":"https:\/\/www.cm-evora.pt\/en\/wp-json\/wp\/v2\/comments?post=53228"}],"version-history":[{"count":11,"href":"https:\/\/www.cm-evora.pt\/en\/wp-json\/wp\/v2\/pages\/53228\/revisions"}],"predecessor-version":[{"id":70922,"href":"https:\/\/www.cm-evora.pt\/en\/wp-json\/wp\/v2\/pages\/53228\/revisions\/70922"}],"wp:attachment":[{"href":"https:\/\/www.cm-evora.pt\/en\/wp-json\/wp\/v2\/media?parent=53228"}],"wp:term":[{"taxonomy":"category","embeddable":true,"href":"https:\/\/www.cm-evora.pt\/en\/wp-json\/wp\/v2\/categories?post=53228"}],"curies":[{"name":"wp","href":"https:\/\/api.w.org\/{rel}","templated":true}]}}