{"id":53230,"date":"2023-09-12T10:17:11","date_gmt":"2023-09-12T09:17:11","guid":{"rendered":"https:\/\/www.cm-evora.pt\/?page_id=53230"},"modified":"2025-03-17T10:51:05","modified_gmt":"2025-03-17T10:51:05","slug":"outras-pecas","status":"publish","type":"page","link":"https:\/\/www.cm-evora.pt\/en\/outras-pecas\/","title":{"rendered":"Outras Pe\u00e7as"},"content":{"rendered":"<p style=\"text-align: center\"><img loading=\"lazy\" decoding=\"async\" class=\"alignnone wp-image-70840 size-full\" src=\"https:\/\/www.cm-evora.pt\/wp-content\/uploads\/2025\/02\/211215_Plano-de-comunicacao-PUEvora_mariana_2025-03.jpg\" alt=\"\" width=\"1401\" height=\"989\" srcset=\"https:\/\/www.cm-evora.pt\/wp-content\/uploads\/2025\/02\/211215_Plano-de-comunicacao-PUEvora_mariana_2025-03.jpg 1401w, https:\/\/www.cm-evora.pt\/wp-content\/uploads\/2025\/02\/211215_Plano-de-comunicacao-PUEvora_mariana_2025-03-300x212.jpg 300w, https:\/\/www.cm-evora.pt\/wp-content\/uploads\/2025\/02\/211215_Plano-de-comunicacao-PUEvora_mariana_2025-03-1024x723.jpg 1024w, https:\/\/www.cm-evora.pt\/wp-content\/uploads\/2025\/02\/211215_Plano-de-comunicacao-PUEvora_mariana_2025-03-768x542.jpg 768w, https:\/\/www.cm-evora.pt\/wp-content\/uploads\/2025\/02\/211215_Plano-de-comunicacao-PUEvora_mariana_2025-03-1320x932.jpg 1320w\" sizes=\"auto, (max-width: 1401px) 100vw, 1401px\" \/><\/p>\n<p>&nbsp;<\/p>\n<h3><strong>Outros Elementos do Plano<\/strong><\/h3>\n<ul>\n<li style=\"list-style-type: none\">\n<ul>\n<li><a href=\"https:\/\/www.cm-evora.pt\/wp-content\/uploads\/2025\/02\/2g_Relatorio-Ambiental_AAE.pdf\" target=\"_blank\" rel=\"noopener\">Relat\u00f3rio Ambiental<\/a><\/li>\n<li><a href=\"https:\/\/www.cm-evora.pt\/wp-content\/uploads\/2025\/02\/2c_Estudos-Urbanisticos.pdf\" target=\"_blank\" rel=\"noopener\">Estudos Urban\u00edsticos<\/a><\/li>\n<li><a href=\"https:\/\/www.cm-evora.pt\/wp-content\/uploads\/2025\/02\/2e_Relatorio-inventario.pdf\" target=\"_blank\" rel=\"noopener\">Invent\u00e1rio do Patrim\u00f3nio<\/a><\/li>\n<li><a href=\"https:\/\/www.cm-evora.pt\/wp-content\/uploads\/2025\/02\/3b_Planta-de-enquadramento.pdf\" target=\"_blank\" rel=\"noopener\">Planta de Enquadramento<\/a><\/li>\n<li><a href=\"https:\/\/www.cm-evora.pt\/wp-content\/uploads\/2025\/02\/3c_Planta-de-situacao-existente.pdf\" target=\"_blank\" rel=\"noopener\">Planta da Situa\u00e7\u00e3o Existente<\/a><\/li>\n<li><a href=\"https:\/\/www.cm-evora.pt\/wp-content\/uploads\/2025\/02\/3d_Planta-de-infraestruturas.pdf\" target=\"_blank\" rel=\"noopener\">Planta de Infraestruturas<\/a><\/li>\n<li><a href=\"https:\/\/www.cm-evora.pt\/wp-content\/uploads\/2025\/03\/2e_Planta-de-Patrimonio_20K-scaled.jpg\" target=\"_blank\" rel=\"noopener\">Planta de Zonamento \u2013 Patrim\u00f3nio<\/a><\/li>\n<li><a href=\"https:\/\/www.cm-evora.pt\/wp-content\/uploads\/2025\/03\/2e_Planta-de-Patrimonio_2K-scaled.jpg\" target=\"_blank\" rel=\"noopener\">Planta de Zonamento \u2013 Patrim\u00f3nio Cidade Intramuros<\/a><\/li>\n<li><a href=\"https:\/\/www.cm-evora.pt\/wp-content\/uploads\/2025\/02\/2f_Planta-de-condicionamentos-scaled.jpg\" target=\"_blank\" rel=\"noopener\">Planta de Zonamento \u2013 Condicionamentos do Plano<\/a><\/li>\n<li><a href=\"https:\/\/www.cm-evora.pt\/wp-content\/uploads\/2025\/02\/2d_Planta-da-estrutura-ecologica-scaled.jpg\" target=\"_blank\" rel=\"noopener\">Planta da Estrutura Ecol\u00f3gica Municipal<\/a><\/li>\n<li><a href=\"https:\/\/www.cm-evora.pt\/wp-content\/uploads\/2025\/02\/3f_Carta-de-riscos-scaled.jpg\" target=\"_blank\" rel=\"noopener\">Carta de Riscos<\/a><\/li>\n<li><a href=\"https:\/\/www.cm-evora.pt\/wp-content\/uploads\/2025\/02\/DesB1-MRAtualLden-V02-001-VCR-PLOT.pdf\" target=\"_blank\" rel=\"noopener\">Mapa de Ruido \u2013 AtualLden<\/a><\/li>\n<li><a href=\"https:\/\/www.cm-evora.pt\/wp-content\/uploads\/2025\/02\/DesB2-MRAtualLn-V02-001-VCR-PLOT.pdf\" target=\"_blank\" rel=\"noopener\">Mapa de Ruido \u2013 AtualLn<\/a><\/li>\n<li><a href=\"https:\/\/www.cm-evora.pt\/wp-content\/uploads\/2025\/02\/DesC1-MRFuturoLden-V02-001-VCR-PLOT.pdf\" target=\"_blank\" rel=\"noopener\">Mapa de Ru\u00eddo \u2013 FuturoLden<\/a><\/li>\n<li><a href=\"https:\/\/www.cm-evora.pt\/wp-content\/uploads\/2025\/02\/DesC2-MRFuturoLn-V02-001-VCR-PLOT.pdf\" target=\"_blank\" rel=\"noopener\">Mapa de Ru\u00eddo \u2013 FuturoLn<\/a><\/li>\n<li><a href=\"https:\/\/www.cm-evora.pt\/wp-content\/uploads\/2025\/02\/RelatorioMapaRuido-V02-004-VCR.pdf\" target=\"_blank\" rel=\"noopener\">Relat\u00f3rio \u2013 Mapa de Ru\u00eddo<\/a><\/li>\n<\/ul>\n<\/li>\n<\/ul>\n<p>&nbsp;<\/p>\n<h3><strong>Cadernos de an\u00e1lise setorial<\/strong><\/h3>\n<ul>\n<li style=\"list-style-type: none\">\n<ul>\n<li><a href=\"https:\/\/www.cm-evora.pt\/wp-content\/uploads\/2025\/02\/Relatorio-1_Enquadramento.pdf\" target=\"_blank\" rel=\"noopener\">Relat\u00f3rio 1 | Enquadramento<\/a><\/li>\n<li><a href=\"https:\/\/www.cm-evora.pt\/wp-content\/uploads\/2025\/02\/Relatorio-2_Historia-e-Patrimonio.pdf\" target=\"_blank\" rel=\"noopener\">Relat\u00f3rio 2 | Hist\u00f3ria e Patrim\u00f3nio<\/a><\/li>\n<li><a href=\"https:\/\/www.cm-evora.pt\/wp-content\/uploads\/2025\/02\/Relatorio-3_Ambiente_Riscos_EstruturaFundamentalPaisagem.pdf\" target=\"_blank\" rel=\"noopener\">Relat\u00f3rio 3 | Ambiente, Riscos e Estrutura Fundamental da Paisagem<\/a><\/li>\n<li><a href=\"https:\/\/www.cm-evora.pt\/wp-content\/uploads\/2025\/02\/Relatorio-4_Cidade-Ocupacao-Existente.pdf\" target=\"_blank\" rel=\"noopener\">Relat\u00f3rio 4 | Cidade Ocupa\u00e7\u00e3o Existente<\/a><\/li>\n<li><a href=\"https:\/\/www.cm-evora.pt\/wp-content\/uploads\/2025\/02\/Relatorio-5_Ocupacao-Dispersa.pdf\" target=\"_blank\" rel=\"noopener\">Relat\u00f3rio 5 | Ocupa\u00e7\u00e3o Dispersa<\/a><\/li>\n<li><a href=\"https:\/\/www.cm-evora.pt\/wp-content\/uploads\/2025\/02\/Relatorio-6_Mobilidade.pdf\" target=\"_blank\" rel=\"noopener\">Relat\u00f3rio 6 | Mobilidade<\/a><\/li>\n<li><a href=\"https:\/\/www.cm-evora.pt\/wp-content\/uploads\/2025\/02\/Relatorio-7_Infraestruturas.pdf\" target=\"_blank\" rel=\"noopener\">Relat\u00f3rio 7 | Infraestruturas<\/a><\/li>\n<li><a href=\"https:\/\/www.cm-evora.pt\/wp-content\/uploads\/2025\/02\/Relatorio-8_Demografia-e-caracterizacao-social.pdf\" target=\"_blank\" rel=\"noopener\">Relat\u00f3rio 8 | Demografia e caracteriza\u00e7\u00e3o social<\/a><\/li>\n<li><a href=\"https:\/\/www.cm-evora.pt\/wp-content\/uploads\/2025\/02\/Relatorio-9_Equipamentos.pdf\" target=\"_blank\" rel=\"noopener\">Relat\u00f3rio 9 | Equipamentos<\/a><\/li>\n<li><a href=\"https:\/\/www.cm-evora.pt\/wp-content\/uploads\/2025\/02\/Relatorio-10_Habitacao-e-mercado-imobiliario.pdf\" target=\"_blank\" rel=\"noopener\">Relat\u00f3rio 10 | Habita\u00e7\u00e3o e mercado imobili\u00e1rio<\/a><\/li>\n<li><a href=\"https:\/\/www.cm-evora.pt\/wp-content\/uploads\/2025\/02\/Relatorio-11_Caracterizacao-economica-e-setores-chave.pdf\" target=\"_blank\" rel=\"noopener\">Relat\u00f3rio 11 | Caracteriza\u00e7\u00e3o econ\u00f3mica e setores-chave<\/a><\/li>\n<li><a href=\"https:\/\/www.cm-evora.pt\/wp-content\/uploads\/2025\/02\/Relatorio-12_Cap-Inv-Mun.pdf\" target=\"_blank\" rel=\"noopener\">Relat\u00f3rio 12 | Capacidade de Investimento Municipal<\/a><\/li>\n<\/ul>\n<\/li>\n<\/ul>\n<p><strong>\u00a0<\/strong><\/p>\n","protected":false},"excerpt":{"rendered":"<p>&nbsp; Outros Elementos do Plano Relat\u00f3rio Ambiental Estudos Urban\u00edsticos Invent\u00e1rio do Patrim\u00f3nio Planta de Enquadramento Planta da Situa\u00e7\u00e3o Existente Planta de Infraestruturas Planta de Zonamento \u2013 Patrim\u00f3nio Planta de Zonamento \u2013 Patrim\u00f3nio Cidade Intramuros Planta de Zonamento \u2013 Condicionamentos do Plano Planta da Estrutura Ecol\u00f3gica Municipal Carta de Riscos Mapa de Ruido \u2013 AtualLden Mapa [&hellip;]<\/p>\n","protected":false},"author":45,"featured_media":0,"parent":0,"menu_order":13,"comment_status":"closed","ping_status":"closed","template":"templates-map\/component-text-layout1.php","meta":{"_acf_changed":false,"footnotes":""},"categories":[],"class_list":["post-53230","page","type-page","status-publish","hentry"],"acf":{"imagens":"","titulo_docs_seccao":"","documentos":""},"_links":{"self":[{"href":"https:\/\/www.cm-evora.pt\/en\/wp-json\/wp\/v2\/pages\/53230","targetHints":{"allow":["GET"]}}],"collection":[{"href":"https:\/\/www.cm-evora.pt\/en\/wp-json\/wp\/v2\/pages"}],"about":[{"href":"https:\/\/www.cm-evora.pt\/en\/wp-json\/wp\/v2\/types\/page"}],"author":[{"embeddable":true,"href":"https:\/\/www.cm-evora.pt\/en\/wp-json\/wp\/v2\/users\/45"}],"replies":[{"embeddable":true,"href":"https:\/\/www.cm-evora.pt\/en\/wp-json\/wp\/v2\/comments?post=53230"}],"version-history":[{"count":12,"href":"https:\/\/www.cm-evora.pt\/en\/wp-json\/wp\/v2\/pages\/53230\/revisions"}],"predecessor-version":[{"id":72254,"href":"https:\/\/www.cm-evora.pt\/en\/wp-json\/wp\/v2\/pages\/53230\/revisions\/72254"}],"wp:attachment":[{"href":"https:\/\/www.cm-evora.pt\/en\/wp-json\/wp\/v2\/media?parent=53230"}],"wp:term":[{"taxonomy":"category","embeddable":true,"href":"https:\/\/www.cm-evora.pt\/en\/wp-json\/wp\/v2\/categories?post=53230"}],"curies":[{"name":"wp","href":"https:\/\/api.w.org\/{rel}","templated":true}]}}